{"id":711,"date":"2024-12-17T00:35:57","date_gmt":"2024-12-17T00:35:57","guid":{"rendered":"https:\/\/csmlc.cl\/?page_id=711"},"modified":"2026-04-20T13:47:50","modified_gmt":"2026-04-20T17:47:50","slug":"departamento-de-arte","status":"publish","type":"page","link":"https:\/\/csmlc.cl\/en\/departamento-de-arte\/","title":{"rendered":"Art Department"},"content":{"rendered":"<div data-elementor-type=\"wp-page\" data-elementor-id=\"711\" class=\"elementor elementor-711\" data-elementor-post-type=\"page\">\n\t\t\t\t<div class=\"elementor-element elementor-element-0b74570 e-con-full e-flex wpr-particle-no wpr-jarallax-no wpr-parallax-no wpr-sticky-section-no wpr-equal-height-no e-con e-parent\" data-id=\"0b74570\" data-element_type=\"container\" data-e-type=\"container\" data-settings=\"{&quot;background_background&quot;:&quot;classic&quot;}\">\n\t\t\t\t<div class=\"elementor-element elementor-element-e623183 elementor-widget elementor-widget-heading\" data-id=\"e623183\" data-element_type=\"widget\" data-e-type=\"widget\" data-widget_type=\"heading.default\">\n\t\t\t\t<div class=\"elementor-widget-container\">\n\t\t\t\t\t<h1 class=\"elementor-heading-title elementor-size-default\">Departmento de Arte<\/h1>\t\t\t\t<\/div>\n\t\t\t\t<\/div>\n\t\t\t\t<\/div>\n\t\t<div class=\"elementor-element elementor-element-88c63c3 e-flex e-con-boxed wpr-particle-no wpr-jarallax-no wpr-parallax-no wpr-sticky-section-no wpr-equal-height-no e-con e-parent\" data-id=\"88c63c3\" data-element_type=\"container\" data-e-type=\"container\">\n\t\t\t\t\t<div class=\"e-con-inner\">\n\t\t\t\t<div class=\"elementor-element elementor-element-2883fea elementor-widget elementor-widget-spacer\" data-id=\"2883fea\" data-element_type=\"widget\" data-e-type=\"widget\" data-widget_type=\"spacer.default\">\n\t\t\t\t<div class=\"elementor-widget-container\">\n\t\t\t\t\t\t\t<div class=\"elementor-spacer\">\n\t\t\t<div class=\"elementor-spacer-inner\"><\/div>\n\t\t<\/div>\n\t\t\t\t\t\t<\/div>\n\t\t\t\t<\/div>\n\t\t\t\t\t<\/div>\n\t\t\t\t<\/div>\n\t\t<div class=\"elementor-element elementor-element-9026350 e-flex e-con-boxed wpr-particle-no wpr-jarallax-no wpr-parallax-no wpr-sticky-section-no wpr-equal-height-no e-con e-parent\" data-id=\"9026350\" data-element_type=\"container\" data-e-type=\"container\">\n\t\t\t\t\t<div class=\"e-con-inner\">\n\t\t\t\t<div class=\"elementor-element elementor-element-6c5892c elementor-widget elementor-widget-text-editor\" data-id=\"6c5892c\" data-element_type=\"widget\" data-e-type=\"widget\" data-widget_type=\"text-editor.default\">\n\t\t\t\t<div class=\"elementor-widget-container\">\n\t\t\t\t\t\t\t\t\t<p>Our department seeks to develop in our students the ability to solve problems in an original way, using creativity to express ideas, feelings and experiences.<\/p><p>To promote in them, the students, the rudeness and critical opinion to refer to the current cultural situation of our country.<\/p><p>Finally, to awaken in our students the appreciation and need to experience artistic instances that nourish their integral formation, providing them with useful tools for a complete aesthetic experience in their daily environment.<\/p><p>Our goal is for CSMLC students to be recognized for their cultural background, having a critical opinion of universal and national culture. To be seen as integral beings capable of living artistic experiences, managers of culture within their environment.<\/p>\t\t\t\t\t\t\t\t<\/div>\n\t\t\t\t<\/div>\n\t\t\t\t\t<\/div>\n\t\t\t\t<\/div>\n\t\t<div class=\"elementor-element elementor-element-71a839b e-flex e-con-boxed wpr-particle-no wpr-jarallax-no wpr-parallax-no wpr-sticky-section-no wpr-equal-height-no e-con e-parent\" data-id=\"71a839b\" data-element_type=\"container\" data-e-type=\"container\">\n\t\t\t\t\t<div class=\"e-con-inner\">\n\t\t<div class=\"elementor-element elementor-element-6d9336b e-grid e-con-full wpr-particle-no wpr-jarallax-no wpr-parallax-no wpr-sticky-section-no wpr-equal-height-no e-con e-child\" data-id=\"6d9336b\" data-element_type=\"container\" data-e-type=\"container\">\n\t\t<div class=\"elementor-element elementor-element-78cd1cc e-con-full e-flex wpr-particle-no wpr-jarallax-no wpr-parallax-no wpr-sticky-section-no wpr-equal-height-no e-con e-child\" data-id=\"78cd1cc\" data-element_type=\"container\" data-e-type=\"container\">\n\t\t\t\t<div class=\"elementor-element elementor-element-2da4ae7 elementor-widget elementor-widget-image\" data-id=\"2da4ae7\" data-element_type=\"widget\" data-e-type=\"widget\" data-widget_type=\"image.default\">\n\t\t\t\t<div class=\"elementor-widget-container\">\n\t\t\t\t\t\t\t\t\t\t\t\t\t\t\t<img fetchpriority=\"high\" decoding=\"async\" width=\"1260\" height=\"1890\" src=\"https:\/\/csmlc.cl\/wp-content\/uploads\/2026\/03\/Felipe-Bravo.jpg\" class=\"attachment-full size-full wp-image-2382\" alt=\"\" srcset=\"https:\/\/csmlc.cl\/wp-content\/uploads\/2026\/03\/Felipe-Bravo.jpg 1260w, https:\/\/csmlc.cl\/wp-content\/uploads\/2026\/03\/Felipe-Bravo-200x300.jpg 200w, https:\/\/csmlc.cl\/wp-content\/uploads\/2026\/03\/Felipe-Bravo-683x1024.jpg 683w, https:\/\/csmlc.cl\/wp-content\/uploads\/2026\/03\/Felipe-Bravo-768x1152.jpg 768w, https:\/\/csmlc.cl\/wp-content\/uploads\/2026\/03\/Felipe-Bravo-1024x1536.jpg 1024w, https:\/\/csmlc.cl\/wp-content\/uploads\/2026\/03\/Felipe-Bravo-8x12.jpg 8w\" sizes=\"(max-width: 1260px) 100vw, 1260px\" \/>\t\t\t\t\t\t\t\t\t\t\t\t\t\t\t<\/div>\n\t\t\t\t<\/div>\n\t\t\t\t<div class=\"elementor-element elementor-element-fdec1f5 elementor-widget elementor-widget-heading\" data-id=\"fdec1f5\" data-element_type=\"widget\" data-e-type=\"widget\" data-widget_type=\"heading.default\">\n\t\t\t\t<div class=\"elementor-widget-container\">\n\t\t\t\t\t<h2 class=\"elementor-heading-title elementor-size-default\">Felipe Bravo Ruiz<\/h2>\t\t\t\t<\/div>\n\t\t\t\t<\/div>\n\t\t\t\t<div class=\"elementor-element elementor-element-37301dc elementor-widget elementor-widget-heading\" data-id=\"37301dc\" data-element_type=\"widget\" data-e-type=\"widget\" data-widget_type=\"heading.default\">\n\t\t\t\t<div class=\"elementor-widget-container\">\n\t\t\t\t\t<h2 class=\"elementor-heading-title elementor-size-default\">Profesor de Arte<\/h2>\t\t\t\t<\/div>\n\t\t\t\t<\/div>\n\t\t\t\t<div class=\"elementor-element elementor-element-b94998e elementor-widget elementor-widget-text-editor\" data-id=\"b94998e\" data-element_type=\"widget\" data-e-type=\"widget\" data-widget_type=\"text-editor.default\">\n\t\t\t\t<div class=\"elementor-widget-container\">\n\t\t\t\t\t\t\t\t\t<div id=\"col-641233831\" class=\"col medium-3 small-12 large-3\"><div class=\"col-inner\"><div class=\"box has-hover has-hover box-text-bottom\"><div class=\"box-text text-center\"><div class=\"box-text-inner\"><div id=\"col-700163706\" class=\"col medium-4 small-12 large-4\"><div class=\"col-inner\"><div class=\"box has-hover has-hover box-text-bottom\"><div class=\"box-text text-center\"><div class=\"box-text-inner\"><div id=\"col-1758481749\" class=\"col medium-3 small-6 large-3\"><div class=\"col-inner\"><div class=\"box has-hover has-hover box-text-bottom\"><div class=\"box-text text-center\"><div class=\"box-text-inner\"><div id=\"col-968078896\" class=\"col medium-3 small-6 large-3\"><div class=\"col-inner\"><div class=\"box has-hover has-hover box-text-bottom\"><div class=\"box-text text-center\"><div class=\"box-text-inner\"><div id=\"col-61081081\" class=\"col medium-3 small-6 large-3\"><div class=\"col-inner\"><div class=\"box has-hover has-hover box-text-bottom\"><div class=\"box-text text-center\"><div class=\"box-text-inner\"><div id=\"col-1792436053\" class=\"col medium-3 small-6 large-3\"><div class=\"col-inner\"><div class=\"box has-hover has-hover box-text-bottom\"><div class=\"box-text text-center\"><div class=\"box-text-inner\"><p style=\"text-align: center;\">fbravo@csmlc.cl<\/p><\/div><\/div><\/div><\/div><\/div><\/div><\/div><\/div><\/div><\/div><\/div><\/div><\/div><\/div><\/div><\/div><\/div><\/div><\/div><\/div><\/div><\/div><\/div><\/div><\/div><div id=\"col-1493374114\" class=\"col medium-4 small-12 large-4\"><div class=\"col-inner\"><div class=\"box has-hover has-hover box-text-bottom\"><div class=\"box-image\">\u00a0<\/div><\/div><\/div><\/div><\/div><\/div><\/div><\/div><\/div>\t\t\t\t\t\t\t\t<\/div>\n\t\t\t\t<\/div>\n\t\t\t\t<\/div>\n\t\t<div class=\"elementor-element elementor-element-2447814 e-con-full e-flex wpr-particle-no wpr-jarallax-no wpr-parallax-no wpr-sticky-section-no wpr-equal-height-no e-con e-child\" data-id=\"2447814\" data-element_type=\"container\" data-e-type=\"container\">\n\t\t\t\t<div class=\"elementor-element elementor-element-a065535 elementor-widget elementor-widget-image\" data-id=\"a065535\" data-element_type=\"widget\" data-e-type=\"widget\" data-widget_type=\"image.default\">\n\t\t\t\t<div class=\"elementor-widget-container\">\n\t\t\t\t\t\t\t\t\t\t\t\t\t\t\t<img decoding=\"async\" width=\"683\" height=\"1024\" src=\"https:\/\/csmlc.cl\/wp-content\/uploads\/2026\/04\/Camilo-De-La-Pazprof-artes-683x1024.jpg\" class=\"attachment-large size-large wp-image-2633\" alt=\"\" srcset=\"https:\/\/csmlc.cl\/wp-content\/uploads\/2026\/04\/Camilo-De-La-Pazprof-artes-683x1024.jpg 683w, https:\/\/csmlc.cl\/wp-content\/uploads\/2026\/04\/Camilo-De-La-Pazprof-artes-200x300.jpg 200w, https:\/\/csmlc.cl\/wp-content\/uploads\/2026\/04\/Camilo-De-La-Pazprof-artes-768x1152.jpg 768w, https:\/\/csmlc.cl\/wp-content\/uploads\/2026\/04\/Camilo-De-La-Pazprof-artes-1024x1536.jpg 1024w, https:\/\/csmlc.cl\/wp-content\/uploads\/2026\/04\/Camilo-De-La-Pazprof-artes-8x12.jpg 8w, https:\/\/csmlc.cl\/wp-content\/uploads\/2026\/04\/Camilo-De-La-Pazprof-artes.jpg 1260w\" sizes=\"(max-width: 683px) 100vw, 683px\" \/>\t\t\t\t\t\t\t\t\t\t\t\t\t\t\t<\/div>\n\t\t\t\t<\/div>\n\t\t\t\t<div class=\"elementor-element elementor-element-7db277f elementor-widget elementor-widget-heading\" data-id=\"7db277f\" data-element_type=\"widget\" data-e-type=\"widget\" data-widget_type=\"heading.default\">\n\t\t\t\t<div class=\"elementor-widget-container\">\n\t\t\t\t\t<h2 class=\"elementor-heading-title elementor-size-default\">Camilo de la Paz Varas\n<\/h2>\t\t\t\t<\/div>\n\t\t\t\t<\/div>\n\t\t\t\t<div class=\"elementor-element elementor-element-0e1207a elementor-widget elementor-widget-heading\" data-id=\"0e1207a\" data-element_type=\"widget\" data-e-type=\"widget\" data-widget_type=\"heading.default\">\n\t\t\t\t<div class=\"elementor-widget-container\">\n\t\t\t\t\t<h2 class=\"elementor-heading-title elementor-size-default\">Profesor de Artes\n\n\n\n\n\n\n\n\n\n<\/h2>\t\t\t\t<\/div>\n\t\t\t\t<\/div>\n\t\t\t\t<div class=\"elementor-element elementor-element-cc5fbd7 elementor-widget elementor-widget-text-editor\" data-id=\"cc5fbd7\" data-element_type=\"widget\" data-e-type=\"widget\" data-widget_type=\"text-editor.default\">\n\t\t\t\t<div class=\"elementor-widget-container\">\n\t\t\t\t\t\t\t\t\t<div id=\"col-389324909\" class=\"col medium-3 small-12 large-3\"><div class=\"col-inner\"><div class=\"box has-hover has-hover box-text-bottom\"><div class=\"box-text text-center\"><div class=\"box-text-inner\"><div id=\"col-1122817611\" class=\"col medium-3 small-12 large-3\"><div class=\"col-inner\"><div class=\"box has-hover has-hover box-text-bottom\"><div class=\"box-text text-center\"><div class=\"box-text-inner\"><div id=\"col-1440331571\" class=\"col medium-3 small-12 large-3\"><div class=\"col-inner\"><div class=\"box has-hover has-hover box-text-bottom\"><div class=\"box-text text-center\"><div class=\"box-text-inner\"><div id=\"row-202196326\" class=\"row\"><div id=\"col-763972466\" class=\"col medium-4 small-12 large-4\"><div class=\"col-inner\"><div class=\"box has-hover has-hover box-text-bottom\"><div class=\"box-text text-center\"><div class=\"box-text-inner\"><div id=\"col-1324140056\" class=\"col medium-3 small-6 large-3\"><div class=\"col-inner\"><div class=\"box has-hover has-hover box-text-bottom\"><div class=\"box-text text-center\"><div class=\"box-text-inner\"><div id=\"col-429920064\" class=\"col medium-3 small-6 large-3\"><div class=\"col-inner\"><div class=\"box has-hover has-hover box-text-bottom\"><div class=\"box-text text-center\"><div class=\"box-text-inner\"><div id=\"col-1572310025\" class=\"col medium-3 small-6 large-3\"><div class=\"col-inner\"><div class=\"box has-hover has-hover box-text-bottom\"><div class=\"box-text text-center\"><div class=\"box-text-inner\"><div id=\"col-411135284\" class=\"col medium-3 small-6 large-3\"><div class=\"col-inner\"><div class=\"box has-hover has-hover box-text-bottom\"><div class=\"box-text text-center\"><div class=\"box-text-inner\"><p style=\"text-align: center;\">cdelapaz@csmlc.cl<\/p><\/div><\/div><\/div><\/div><\/div><div id=\"col-1482278408\" class=\"col medium-3 small-6 large-3\"><div class=\"col-inner\"><div class=\"box has-hover has-hover box-text-bottom\"><div class=\"box-image\">\u00a0<\/div><\/div><\/div><\/div><\/div><\/div><\/div><\/div><\/div><div id=\"col-1340995071\" class=\"col medium-3 small-6 large-3\"><div class=\"col-inner\"><div class=\"box has-hover has-hover box-text-bottom\"><div class=\"box-image\">\u00a0<\/div><\/div><\/div><\/div><\/div><\/div><\/div><\/div><\/div><div id=\"col-1948212752\" class=\"col medium-3 small-6 large-3\"><div class=\"col-inner\"><div class=\"box has-hover has-hover box-text-bottom\"><div class=\"box-image\">\u00a0<\/div><\/div><\/div><\/div><\/div><\/div><\/div><\/div><\/div><div id=\"col-454515158\" class=\"col medium-3 small-6 large-3\"><div class=\"col-inner\"><div class=\"box has-hover has-hover box-text-bottom\"><div class=\"box-image\">\u00a0<\/div><\/div><\/div><\/div><\/div><\/div><\/div><\/div><\/div><\/div><div id=\"row-1798843247\" class=\"row\">\u00a0<\/div><\/div><\/div><\/div><\/div><\/div><\/div><\/div><\/div><\/div><\/div><\/div><\/div><\/div><\/div><\/div>\t\t\t\t\t\t\t\t<\/div>\n\t\t\t\t<\/div>\n\t\t\t\t<\/div>\n\t\t<div class=\"elementor-element elementor-element-c7dc260 e-con-full e-flex wpr-particle-no wpr-jarallax-no wpr-parallax-no wpr-sticky-section-no wpr-equal-height-no e-con e-child\" data-id=\"c7dc260\" data-element_type=\"container\" data-e-type=\"container\">\n\t\t\t\t<div class=\"elementor-element elementor-element-c47e53b elementor-widget elementor-widget-image\" data-id=\"c47e53b\" data-element_type=\"widget\" data-e-type=\"widget\" data-widget_type=\"image.default\">\n\t\t\t\t<div class=\"elementor-widget-container\">\n\t\t\t\t\t\t\t\t\t\t\t\t\t\t\t<img decoding=\"async\" width=\"683\" height=\"1024\" src=\"https:\/\/csmlc.cl\/wp-content\/uploads\/2026\/04\/Kimberly-Cereceda-683x1024.jpg\" class=\"attachment-large size-large wp-image-2642\" alt=\"\" srcset=\"https:\/\/csmlc.cl\/wp-content\/uploads\/2026\/04\/Kimberly-Cereceda-683x1024.jpg 683w, https:\/\/csmlc.cl\/wp-content\/uploads\/2026\/04\/Kimberly-Cereceda-200x300.jpg 200w, https:\/\/csmlc.cl\/wp-content\/uploads\/2026\/04\/Kimberly-Cereceda-768x1152.jpg 768w, https:\/\/csmlc.cl\/wp-content\/uploads\/2026\/04\/Kimberly-Cereceda-1024x1536.jpg 1024w, https:\/\/csmlc.cl\/wp-content\/uploads\/2026\/04\/Kimberly-Cereceda-8x12.jpg 8w, https:\/\/csmlc.cl\/wp-content\/uploads\/2026\/04\/Kimberly-Cereceda.jpg 1260w\" sizes=\"(max-width: 683px) 100vw, 683px\" \/>\t\t\t\t\t\t\t\t\t\t\t\t\t\t\t<\/div>\n\t\t\t\t<\/div>\n\t\t\t\t<div class=\"elementor-element elementor-element-de5bde6 elementor-widget elementor-widget-heading\" data-id=\"de5bde6\" data-element_type=\"widget\" data-e-type=\"widget\" data-widget_type=\"heading.default\">\n\t\t\t\t<div class=\"elementor-widget-container\">\n\t\t\t\t\t<h2 class=\"elementor-heading-title elementor-size-default\">Kimberly Cereceza Corvalan<\/h2>\t\t\t\t<\/div>\n\t\t\t\t<\/div>\n\t\t\t\t<div class=\"elementor-element elementor-element-9d8a4ad elementor-widget elementor-widget-heading\" data-id=\"9d8a4ad\" data-element_type=\"widget\" data-e-type=\"widget\" data-widget_type=\"heading.default\">\n\t\t\t\t<div class=\"elementor-widget-container\">\n\t\t\t\t\t<h2 class=\"elementor-heading-title elementor-size-default\">Profesor de Artes\n\n\n\n\n\n\n\n<\/h2>\t\t\t\t<\/div>\n\t\t\t\t<\/div>\n\t\t\t\t<div class=\"elementor-element elementor-element-230f82c elementor-widget elementor-widget-text-editor\" data-id=\"230f82c\" data-element_type=\"widget\" data-e-type=\"widget\" data-widget_type=\"text-editor.default\">\n\t\t\t\t<div class=\"elementor-widget-container\">\n\t\t\t\t\t\t\t\t\t<p style=\"text-align: center;\">kcereceda@csmlc.cl<\/p>\t\t\t\t\t\t\t\t<\/div>\n\t\t\t\t<\/div>\n\t\t\t\t<\/div>\n\t\t\t\t<\/div>\n\t\t\t\t\t<\/div>\n\t\t\t\t<\/div>\n\t\t\t\t<\/div>","protected":false},"excerpt":{"rendered":"<p>Departmento de Arte Nuestro departamento buscar desarrollar en nuestros estudiantes la capacidad de solucionar problemas de forma original, utilizando la creatividad para expresar ideas, sentimientos y experiencias. Promover en ellos, los estudiantes, el desplante y la opini\u00f3n cr\u00edtica para referirse a la actualidad cultural de nuestro pa\u00eds. Finalmente despertar en nuestros estudiantes el aprecio y necesidad por experimentar instancias art\u00edsticas que nutran su formaci\u00f3n integral, entreg\u00e1ndoles herramientas \u00fatiles para una experiencia est\u00e9tica completa su entorno cotidiano. Nuestro fin es que los estudiantes del CSMLC sean reconocidos por su bagaje cultural, teniendo una opini\u00f3n cr\u00edtica de la cultura universal y nacional. Ser vistos como seres \u00edntegros capaces de vivenciar experiencias art\u00edsticas, gestores de cultura dentro de su entorno. Felipe Bravo Ruiz Profesor de Arte fbravo@csmlc.cl \u00a0 Camilo de la Paz Varas Profesor de Artes cdelapaz@csmlc.cl \u00a0\u00a0\u00a0\u00a0\u00a0 Kimberly Cereceza Corvalan Profesor de Artes kcereceda@csmlc.cl<\/p>","protected":false},"author":2,"featured_media":0,"parent":0,"menu_order":0,"comment_status":"closed","ping_status":"closed","template":"","meta":{"site-sidebar-layout":"no-sidebar","site-content-layout":"","ast-site-content-layout":"full-width-container","site-content-style":"default","site-sidebar-style":"default","ast-global-header-display":"","ast-banner-title-visibility":"","ast-main-header-display":"","ast-hfb-above-header-display":"","ast-hfb-below-header-display":"","ast-hfb-mobile-header-display":"","site-post-title":"disabled","ast-breadcrumbs-content":"","ast-featured-img":"disabled","footer-sml-layout":"","ast-disable-related-posts":"","theme-transparent-header-meta":"","adv-header-id-meta":"","stick-header-meta":"","header-above-stick-meta":"","header-main-stick-meta":"","header-below-stick-meta":"","astra-migrate-meta-layouts":"default","ast-page-background-enabled":"default","ast-page-background-meta":{"desktop":{"background-color":"var(--ast-global-color-4)","background-image":"","background-repeat":"repeat","background-position":"center center","background-size":"auto","background-attachment":"scroll","background-type":"","background-media":"","overlay-type":"","overlay-color":"","overlay-opacity":"","overlay-gradient":""},"tablet":{"background-color":"","background-image":"","background-repeat":"repeat","background-position":"center center","background-size":"auto","background-attachment":"scroll","background-type":"","background-media":"","overlay-type":"","overlay-color":"","overlay-opacity":"","overlay-gradient":""},"mobile":{"background-color":"","background-image":"","background-repeat":"repeat","background-position":"center center","background-size":"auto","background-attachment":"scroll","background-type":"","background-media":"","overlay-type":"","overlay-color":"","overlay-opacity":"","overlay-gradient":""}},"ast-content-background-meta":{"desktop":{"background-color":"var(--ast-global-color-5)","background-image":"","background-repeat":"repeat","background-position":"center center","background-size":"auto","background-attachment":"scroll","background-type":"","background-media":"","overlay-type":"","overlay-color":"","overlay-opacity":"","overlay-gradient":""},"tablet":{"background-color":"var(--ast-global-color-5)","background-image":"","background-repeat":"repeat","background-position":"center center","background-size":"auto","background-attachment":"scroll","background-type":"","background-media":"","overlay-type":"","overlay-color":"","overlay-opacity":"","overlay-gradient":""},"mobile":{"background-color":"var(--ast-global-color-5)","background-image":"","background-repeat":"repeat","background-position":"center center","background-size":"auto","background-attachment":"scroll","background-type":"","background-media":"","overlay-type":"","overlay-color":"","overlay-opacity":"","overlay-gradient":""}},"footnotes":""},"class_list":["post-711","page","type-page","status-publish","hentry"],"_links":{"self":[{"href":"https:\/\/csmlc.cl\/en\/wp-json\/wp\/v2\/pages\/711","targetHints":{"allow":["GET"]}}],"collection":[{"href":"https:\/\/csmlc.cl\/en\/wp-json\/wp\/v2\/pages"}],"about":[{"href":"https:\/\/csmlc.cl\/en\/wp-json\/wp\/v2\/types\/page"}],"author":[{"embeddable":true,"href":"https:\/\/csmlc.cl\/en\/wp-json\/wp\/v2\/users\/2"}],"replies":[{"embeddable":true,"href":"https:\/\/csmlc.cl\/en\/wp-json\/wp\/v2\/comments?post=711"}],"version-history":[{"count":0,"href":"https:\/\/csmlc.cl\/en\/wp-json\/wp\/v2\/pages\/711\/revisions"}],"wp:attachment":[{"href":"https:\/\/csmlc.cl\/en\/wp-json\/wp\/v2\/media?parent=711"}],"curies":[{"name":"wp","href":"https:\/\/api.w.org\/{rel}","templated":true}]}}