{"id":700,"date":"2024-12-17T00:28:41","date_gmt":"2024-12-17T00:28:41","guid":{"rendered":"https:\/\/csmlc.cl\/?page_id=700"},"modified":"2026-04-27T16:54:56","modified_gmt":"2026-04-27T20:54:56","slug":"departamento-de-musica","status":"publish","type":"page","link":"https:\/\/csmlc.cl\/en\/departamento-de-musica\/","title":{"rendered":"Music Department"},"content":{"rendered":"<div data-elementor-type=\"wp-page\" data-elementor-id=\"700\" class=\"elementor elementor-700\" data-elementor-post-type=\"page\">\n\t\t\t\t<div class=\"elementor-element elementor-element-0b74570 e-con-full e-flex wpr-particle-no wpr-jarallax-no wpr-parallax-no wpr-sticky-section-no wpr-equal-height-no e-con e-parent\" data-id=\"0b74570\" data-element_type=\"container\" data-e-type=\"container\" data-settings=\"{&quot;background_background&quot;:&quot;classic&quot;}\">\n\t\t\t\t<div class=\"elementor-element elementor-element-00ddcf2 elementor-widget elementor-widget-heading\" data-id=\"00ddcf2\" data-element_type=\"widget\" data-e-type=\"widget\" data-widget_type=\"heading.default\">\n\t\t\t\t<div class=\"elementor-widget-container\">\n\t\t\t\t\t<h1 class=\"elementor-heading-title elementor-size-default\">Music Department<\/h1>\t\t\t\t<\/div>\n\t\t\t\t<\/div>\n\t\t\t\t<\/div>\n\t\t<div class=\"elementor-element elementor-element-88c63c3 e-flex e-con-boxed wpr-particle-no wpr-jarallax-no wpr-parallax-no wpr-sticky-section-no wpr-equal-height-no e-con e-parent\" data-id=\"88c63c3\" data-element_type=\"container\" data-e-type=\"container\">\n\t\t\t\t\t<div class=\"e-con-inner\">\n\t\t\t\t<div class=\"elementor-element elementor-element-2883fea elementor-widget elementor-widget-spacer\" data-id=\"2883fea\" data-element_type=\"widget\" data-e-type=\"widget\" data-widget_type=\"spacer.default\">\n\t\t\t\t<div class=\"elementor-widget-container\">\n\t\t\t\t\t\t\t<div class=\"elementor-spacer\">\n\t\t\t<div class=\"elementor-spacer-inner\"><\/div>\n\t\t<\/div>\n\t\t\t\t\t\t<\/div>\n\t\t\t\t<\/div>\n\t\t\t\t\t<\/div>\n\t\t\t\t<\/div>\n\t\t<div class=\"elementor-element elementor-element-9026350 e-flex e-con-boxed wpr-particle-no wpr-jarallax-no wpr-parallax-no wpr-sticky-section-no wpr-equal-height-no e-con e-parent\" data-id=\"9026350\" data-element_type=\"container\" data-e-type=\"container\">\n\t\t\t\t\t<div class=\"e-con-inner\">\n\t\t\t\t<div class=\"elementor-element elementor-element-6c5892c elementor-widget elementor-widget-text-editor\" data-id=\"6c5892c\" data-element_type=\"widget\" data-e-type=\"widget\" data-widget_type=\"text-editor.default\">\n\t\t\t\t<div class=\"elementor-widget-container\">\n\t\t\t\t\t\t\t\t\t<p>Our department seeks to develop in our students the ability to solve problems in an original way, using creativity to express ideas, feelings and experiences.<\/p><p>To promote in them, the students, the rudeness and critical opinion to refer to the current cultural situation of our country.<\/p><p>Finally, to awaken in our students the appreciation and need to experience artistic instances that nourish their integral formation, providing them with useful tools for a complete aesthetic experience in their daily environment.<\/p><p>Our goal is for CSMLC students to be recognized for their cultural background, having a critical opinion of universal and national culture. To be seen as integral beings capable of living artistic experiences, managers of culture within their environment.<\/p>\t\t\t\t\t\t\t\t<\/div>\n\t\t\t\t<\/div>\n\t\t\t\t\t<\/div>\n\t\t\t\t<\/div>\n\t\t<div class=\"elementor-element elementor-element-71a839b e-con-full e-flex wpr-particle-no wpr-jarallax-no wpr-parallax-no wpr-sticky-section-no wpr-equal-height-no e-con e-parent\" data-id=\"71a839b\" data-element_type=\"container\" data-e-type=\"container\">\n\t\t<div class=\"elementor-element elementor-element-6d9336b e-grid e-con-full wpr-particle-no wpr-jarallax-no wpr-parallax-no wpr-sticky-section-no wpr-equal-height-no e-con e-child\" data-id=\"6d9336b\" data-element_type=\"container\" data-e-type=\"container\">\n\t\t<div class=\"elementor-element elementor-element-78cd1cc e-con-full e-flex wpr-particle-no wpr-jarallax-no wpr-parallax-no wpr-sticky-section-no wpr-equal-height-no e-con e-child\" data-id=\"78cd1cc\" data-element_type=\"container\" data-e-type=\"container\">\n\t\t\t\t<div class=\"elementor-element elementor-element-2da4ae7 elementor-widget elementor-widget-image\" data-id=\"2da4ae7\" data-element_type=\"widget\" data-e-type=\"widget\" data-widget_type=\"image.default\">\n\t\t\t\t<div class=\"elementor-widget-container\">\n\t\t\t\t\t\t\t\t\t\t\t\t\t\t\t<img fetchpriority=\"high\" decoding=\"async\" width=\"1260\" height=\"1890\" src=\"https:\/\/csmlc.cl\/wp-content\/uploads\/2026\/04\/Carolina-Arredondo-prof-musica.jpg\" class=\"attachment-full size-full wp-image-2610\" alt=\"\" srcset=\"https:\/\/csmlc.cl\/wp-content\/uploads\/2026\/04\/Carolina-Arredondo-prof-musica.jpg 1260w, https:\/\/csmlc.cl\/wp-content\/uploads\/2026\/04\/Carolina-Arredondo-prof-musica-200x300.jpg 200w, https:\/\/csmlc.cl\/wp-content\/uploads\/2026\/04\/Carolina-Arredondo-prof-musica-683x1024.jpg 683w, https:\/\/csmlc.cl\/wp-content\/uploads\/2026\/04\/Carolina-Arredondo-prof-musica-768x1152.jpg 768w, https:\/\/csmlc.cl\/wp-content\/uploads\/2026\/04\/Carolina-Arredondo-prof-musica-1024x1536.jpg 1024w, https:\/\/csmlc.cl\/wp-content\/uploads\/2026\/04\/Carolina-Arredondo-prof-musica-8x12.jpg 8w\" sizes=\"(max-width: 1260px) 100vw, 1260px\" \/>\t\t\t\t\t\t\t\t\t\t\t\t\t\t\t<\/div>\n\t\t\t\t<\/div>\n\t\t\t\t<div class=\"elementor-element elementor-element-fdec1f5 elementor-widget elementor-widget-heading\" data-id=\"fdec1f5\" data-element_type=\"widget\" data-e-type=\"widget\" data-widget_type=\"heading.default\">\n\t\t\t\t<div class=\"elementor-widget-container\">\n\t\t\t\t\t<h2 class=\"elementor-heading-title elementor-size-default\">Carolina Arredondo Dillems\n\n<\/h2>\t\t\t\t<\/div>\n\t\t\t\t<\/div>\n\t\t\t\t<div class=\"elementor-element elementor-element-37301dc elementor-widget elementor-widget-heading\" data-id=\"37301dc\" data-element_type=\"widget\" data-e-type=\"widget\" data-widget_type=\"heading.default\">\n\t\t\t\t<div class=\"elementor-widget-container\">\n\t\t\t\t\t<h2 class=\"elementor-heading-title elementor-size-default\">Profesora M\u00fasica\n\n\n\n\n\n<\/h2>\t\t\t\t<\/div>\n\t\t\t\t<\/div>\n\t\t\t\t<div class=\"elementor-element elementor-element-b94998e elementor-widget elementor-widget-text-editor\" data-id=\"b94998e\" data-element_type=\"widget\" data-e-type=\"widget\" data-widget_type=\"text-editor.default\">\n\t\t\t\t<div class=\"elementor-widget-container\">\n\t\t\t\t\t\t\t\t\t<div id=\"col-641233831\" class=\"col medium-3 small-12 large-3\"><div class=\"col-inner\"><div class=\"box has-hover has-hover box-text-bottom\"><div class=\"box-text text-center\"><div class=\"box-text-inner\"><div id=\"col-700163706\" class=\"col medium-4 small-12 large-4\"><div class=\"col-inner\"><div class=\"box has-hover has-hover box-text-bottom\"><div class=\"box-text text-center\"><div class=\"box-text-inner\"><div id=\"col-1758481749\" class=\"col medium-3 small-6 large-3\"><div class=\"col-inner\"><div class=\"box has-hover has-hover box-text-bottom\"><div class=\"box-text text-center\"><div class=\"box-text-inner\"><div id=\"col-968078896\" class=\"col medium-3 small-6 large-3\"><div class=\"col-inner\"><div class=\"box has-hover has-hover box-text-bottom\"><div class=\"box-text text-center\"><div class=\"box-text-inner\"><div id=\"col-61081081\" class=\"col medium-3 small-6 large-3\"><div class=\"col-inner\"><div class=\"box has-hover   has-hover box-text-bottom\"><div class=\"box-text text-center\"><div class=\"box-text-inner\"><p style=\"text-align: center;\">carredondo@csmlc.cl<\/p><\/div><\/div><\/div><\/div><\/div><div id=\"col-1232770086\" class=\"col medium-3 small-6 large-3\"><div class=\"col-inner\"><div class=\"box has-hover   has-hover box-text-bottom\"><div class=\"box-image\">\u00a0<\/div><\/div><\/div><\/div><\/div><\/div><\/div><\/div><\/div><div id=\"col-893046302\" class=\"col medium-3 small-6 large-3\"><div class=\"col-inner\"><div class=\"box has-hover has-hover box-text-bottom\"><div class=\"box-image\">\u00a0<\/div><\/div><\/div><\/div><\/div><\/div><\/div><\/div><\/div><div id=\"col-445352173\" class=\"col medium-3 small-6 large-3\"><div class=\"col-inner\"><div class=\"box has-hover has-hover box-text-bottom\"><div class=\"box-image\">\u00a0<\/div><\/div><\/div><\/div><\/div><\/div><\/div><\/div><\/div><div id=\"col-1493374114\" class=\"col medium-4 small-12 large-4\"><div class=\"col-inner\"><div class=\"box has-hover has-hover box-text-bottom\"><div class=\"box-image\">\u00a0<\/div><\/div><\/div><\/div><\/div><\/div><\/div><\/div><\/div>\t\t\t\t\t\t\t\t<\/div>\n\t\t\t\t<\/div>\n\t\t\t\t<\/div>\n\t\t<div class=\"elementor-element elementor-element-8785041 e-con-full e-flex wpr-particle-no wpr-jarallax-no wpr-parallax-no wpr-sticky-section-no wpr-equal-height-no e-con e-child\" data-id=\"8785041\" data-element_type=\"container\" data-e-type=\"container\">\n\t\t\t\t<div class=\"elementor-element elementor-element-51c836d elementor-widget elementor-widget-image\" data-id=\"51c836d\" data-element_type=\"widget\" data-e-type=\"widget\" data-widget_type=\"image.default\">\n\t\t\t\t<div class=\"elementor-widget-container\">\n\t\t\t\t\t\t\t\t\t\t\t\t\t\t\t<img decoding=\"async\" width=\"300\" height=\"500\" src=\"https:\/\/csmlc.cl\/wp-content\/uploads\/2024\/12\/MIGUEL-ARRE-1.png\" class=\"attachment-large size-large wp-image-706\" alt=\"\" srcset=\"https:\/\/csmlc.cl\/wp-content\/uploads\/2024\/12\/MIGUEL-ARRE-1.png 300w, https:\/\/csmlc.cl\/wp-content\/uploads\/2024\/12\/MIGUEL-ARRE-1-180x300.png 180w\" sizes=\"(max-width: 300px) 100vw, 300px\" \/>\t\t\t\t\t\t\t\t\t\t\t\t\t\t\t<\/div>\n\t\t\t\t<\/div>\n\t\t\t\t<div class=\"elementor-element elementor-element-030dd3a elementor-widget elementor-widget-heading\" data-id=\"030dd3a\" data-element_type=\"widget\" data-e-type=\"widget\" data-widget_type=\"heading.default\">\n\t\t\t\t<div class=\"elementor-widget-container\">\n\t\t\t\t\t<h2 class=\"elementor-heading-title elementor-size-default\">Miguel Arredondo Dillems\n\n\n\n<\/h2>\t\t\t\t<\/div>\n\t\t\t\t<\/div>\n\t\t\t\t<div class=\"elementor-element elementor-element-2af10cf elementor-widget elementor-widget-heading\" data-id=\"2af10cf\" data-element_type=\"widget\" data-e-type=\"widget\" data-widget_type=\"heading.default\">\n\t\t\t\t<div class=\"elementor-widget-container\">\n\t\t\t\t\t<h2 class=\"elementor-heading-title elementor-size-default\">Profesor de M\u00fasica\n\n\n\n\n\n\n<\/h2>\t\t\t\t<\/div>\n\t\t\t\t<\/div>\n\t\t\t\t<div class=\"elementor-element elementor-element-ae770b0 elementor-widget elementor-widget-text-editor\" data-id=\"ae770b0\" data-element_type=\"widget\" data-e-type=\"widget\" data-widget_type=\"text-editor.default\">\n\t\t\t\t<div class=\"elementor-widget-container\">\n\t\t\t\t\t\t\t\t\t<div id=\"col-1493374114\" class=\"col medium-4 small-12 large-4\"><div class=\"col-inner\"><div class=\"box has-hover has-hover box-text-bottom\"><div class=\"box-text text-center\"><div class=\"box-text-inner\"><div id=\"col-445352173\" class=\"col medium-3 small-6 large-3\"><div class=\"col-inner\"><div class=\"box has-hover has-hover box-text-bottom\"><div class=\"box-text text-center\"><div class=\"box-text-inner\"><div id=\"col-893046302\" class=\"col medium-3 small-6 large-3\"><div class=\"col-inner\"><div class=\"box has-hover has-hover box-text-bottom\"><div class=\"box-text text-center\"><div class=\"box-text-inner\"><div id=\"col-1232770086\" class=\"col medium-3 small-6 large-3\"><div class=\"col-inner\"><div class=\"box has-hover   has-hover box-text-bottom\"><div class=\"box-text text-center\"><div class=\"box-text-inner\"><p style=\"text-align: center;\">marredondo@csmlc.cl<\/p><\/div><\/div><\/div><\/div><\/div><div id=\"col-1572310025\" class=\"col medium-3 small-6 large-3\"><div class=\"col-inner\"><div class=\"box has-hover   has-hover box-text-bottom\"><div class=\"box-image\">\u00a0<\/div><\/div><\/div><\/div><\/div><\/div><\/div><\/div><\/div><div id=\"col-429920064\" class=\"col medium-3 small-6 large-3\"><div class=\"col-inner\"><div class=\"box has-hover has-hover box-text-bottom\"><div class=\"box-image\">\u00a0<\/div><\/div><\/div><\/div><\/div><\/div><\/div><\/div><\/div><div id=\"col-1324140056\" class=\"col medium-3 small-6 large-3\"><div class=\"col-inner\"><div class=\"box has-hover has-hover box-text-bottom\"><div class=\"box-image\">\u00a0<\/div><\/div><\/div><\/div><\/div><\/div><\/div><\/div><\/div><div id=\"col-763972466\" class=\"col medium-4 small-12 large-4\"><div class=\"col-inner\"><div class=\"box has-hover has-hover box-text-bottom\"><div class=\"box-image\">\u00a0<\/div><\/div><\/div><\/div>\t\t\t\t\t\t\t\t<\/div>\n\t\t\t\t<\/div>\n\t\t\t\t<\/div>\n\t\t<div class=\"elementor-element elementor-element-944b24b e-con-full e-flex wpr-particle-no wpr-jarallax-no wpr-parallax-no wpr-sticky-section-no wpr-equal-height-no e-con e-child\" data-id=\"944b24b\" data-element_type=\"container\" data-e-type=\"container\">\n\t\t\t\t<div class=\"elementor-element elementor-element-b975119 elementor-widget elementor-widget-image\" data-id=\"b975119\" data-element_type=\"widget\" data-e-type=\"widget\" data-widget_type=\"image.default\">\n\t\t\t\t<div class=\"elementor-widget-container\">\n\t\t\t\t\t\t\t\t\t\t\t\t\t\t\t<img decoding=\"async\" width=\"1578\" height=\"2560\" src=\"https:\/\/csmlc.cl\/wp-content\/uploads\/2025\/05\/05032025-DSC06073-scaled.jpg\" class=\"attachment-full size-full wp-image-1799\" alt=\"\" srcset=\"https:\/\/csmlc.cl\/wp-content\/uploads\/2025\/05\/05032025-DSC06073-scaled.jpg 1578w, https:\/\/csmlc.cl\/wp-content\/uploads\/2025\/05\/05032025-DSC06073-185x300.jpg 185w, https:\/\/csmlc.cl\/wp-content\/uploads\/2025\/05\/05032025-DSC06073-631x1024.jpg 631w, https:\/\/csmlc.cl\/wp-content\/uploads\/2025\/05\/05032025-DSC06073-768x1246.jpg 768w, https:\/\/csmlc.cl\/wp-content\/uploads\/2025\/05\/05032025-DSC06073-947x1536.jpg 947w, https:\/\/csmlc.cl\/wp-content\/uploads\/2025\/05\/05032025-DSC06073-1262x2048.jpg 1262w, https:\/\/csmlc.cl\/wp-content\/uploads\/2025\/05\/05032025-DSC06073-7x12.jpg 7w\" sizes=\"(max-width: 1578px) 100vw, 1578px\" \/>\t\t\t\t\t\t\t\t\t\t\t\t\t\t\t<\/div>\n\t\t\t\t<\/div>\n\t\t\t\t<div class=\"elementor-element elementor-element-ad9a2ed elementor-widget elementor-widget-heading\" data-id=\"ad9a2ed\" data-element_type=\"widget\" data-e-type=\"widget\" data-widget_type=\"heading.default\">\n\t\t\t\t<div class=\"elementor-widget-container\">\n\t\t\t\t\t<h2 class=\"elementor-heading-title elementor-size-default\">Mar\u00eda Jos\u00e9 Pomodoro Reyes<\/h2>\t\t\t\t<\/div>\n\t\t\t\t<\/div>\n\t\t\t\t<div class=\"elementor-element elementor-element-61312ad elementor-widget elementor-widget-heading\" data-id=\"61312ad\" data-element_type=\"widget\" data-e-type=\"widget\" data-widget_type=\"heading.default\">\n\t\t\t\t<div class=\"elementor-widget-container\">\n\t\t\t\t\t<h2 class=\"elementor-heading-title elementor-size-default\">Profesora de M\u00fasica\n\n\n\n<\/h2>\t\t\t\t<\/div>\n\t\t\t\t<\/div>\n\t\t\t\t<div class=\"elementor-element elementor-element-6a213b9 elementor-widget elementor-widget-text-editor\" data-id=\"6a213b9\" data-element_type=\"widget\" data-e-type=\"widget\" data-widget_type=\"text-editor.default\">\n\t\t\t\t<div class=\"elementor-widget-container\">\n\t\t\t\t\t\t\t\t\t<div id=\"row-1701919523\" class=\"row\"><div id=\"col-1689479247\" class=\"col medium-3 small-12 large-3\"><div class=\"col-inner\"><div class=\"box has-hover has-hover box-text-bottom\"><div class=\"box-text text-center\"><div class=\"box-text-inner\"><div id=\"col-634577056\" class=\"col medium-3 small-12 large-3\"><div class=\"col-inner\"><div class=\"box has-hover has-hover box-text-bottom\"><div class=\"box-text text-center\"><div class=\"box-text-inner\"><div id=\"col-370865992\" class=\"col medium-4 small-12 large-4\"><div class=\"col-inner\"><div class=\"box has-hover has-hover box-text-bottom\"><div class=\"box-text text-center\"><div class=\"box-text-inner\"><div id=\"row-723452498\" class=\"row\"><div id=\"col-454515158\" class=\"col medium-3 small-6 large-3\"><div class=\"col-inner\"><div class=\"box has-hover has-hover box-text-bottom\"><div class=\"box-text text-center\"><div class=\"box-text-inner\"><div id=\"row-1535933697\" class=\"row\"><div id=\"col-1948212752\" class=\"col medium-3 small-6 large-3\"><div class=\"col-inner\"><div class=\"box has-hover has-hover box-text-bottom\"><div class=\"box-text text-center\"><div class=\"box-text-inner\"><div id=\"row-2104291586\" class=\"row\"><div id=\"col-1089911524\" class=\"col small-12 large-12\"><div class=\"col-inner\"><div id=\"row-195483345\" class=\"row\"><div id=\"col-1340995071\" class=\"col medium-3 small-6 large-3\"><div class=\"col-inner\"><div class=\"box has-hover has-hover box-text-bottom\"><div class=\"box-text text-center\"><div class=\"box-text-inner\"><p style=\"text-align: center;\">mpomodoro@csmlc.cl<\/p><\/div><\/div><\/div><\/div><\/div><\/div><\/div><\/div><\/div><\/div><\/div><\/div><\/div><\/div><\/div><\/div><\/div><\/div><\/div><\/div><\/div><\/div><\/div><\/div><\/div><\/div><\/div><\/div><\/div><\/div><\/div><\/div><\/div><\/div><\/div><\/div><\/div>\t\t\t\t\t\t\t\t<\/div>\n\t\t\t\t<\/div>\n\t\t\t\t<\/div>\n\t\t<div class=\"elementor-element elementor-element-80c1286 e-con-full e-flex wpr-particle-no wpr-jarallax-no wpr-parallax-no wpr-sticky-section-no wpr-equal-height-no e-con e-child\" data-id=\"80c1286\" data-element_type=\"container\" data-e-type=\"container\">\n\t\t\t\t<div class=\"elementor-element elementor-element-1e256ea elementor-widget elementor-widget-image\" data-id=\"1e256ea\" data-element_type=\"widget\" data-e-type=\"widget\" data-widget_type=\"image.default\">\n\t\t\t\t<div class=\"elementor-widget-container\">\n\t\t\t\t\t\t\t\t\t\t\t\t\t\t\t<img loading=\"lazy\" decoding=\"async\" width=\"284\" height=\"292\" src=\"https:\/\/csmlc.cl\/wp-content\/uploads\/2024\/12\/favicon-colegio-santa-maria-de-lo-canas-e1733776546607.png\" class=\"attachment-full size-full wp-image-19\" alt=\"\" \/>\t\t\t\t\t\t\t\t\t\t\t\t\t\t\t<\/div>\n\t\t\t\t<\/div>\n\t\t\t\t<div class=\"elementor-element elementor-element-e29114e elementor-widget elementor-widget-heading\" data-id=\"e29114e\" data-element_type=\"widget\" data-e-type=\"widget\" data-widget_type=\"heading.default\">\n\t\t\t\t<div class=\"elementor-widget-container\">\n\t\t\t\t\t<h2 class=\"elementor-heading-title elementor-size-default\">Bianca Vitta Zald\u00edvar<\/h2>\t\t\t\t<\/div>\n\t\t\t\t<\/div>\n\t\t\t\t<div class=\"elementor-element elementor-element-18267c3 elementor-widget elementor-widget-heading\" data-id=\"18267c3\" data-element_type=\"widget\" data-e-type=\"widget\" data-widget_type=\"heading.default\">\n\t\t\t\t<div class=\"elementor-widget-container\">\n\t\t\t\t\t<h2 class=\"elementor-heading-title elementor-size-default\">Profesora de M\u00fasica\n\n\n\n<\/h2>\t\t\t\t<\/div>\n\t\t\t\t<\/div>\n\t\t\t\t<div class=\"elementor-element elementor-element-c25e5be elementor-widget elementor-widget-text-editor\" data-id=\"c25e5be\" data-element_type=\"widget\" data-e-type=\"widget\" data-widget_type=\"text-editor.default\">\n\t\t\t\t<div class=\"elementor-widget-container\">\n\t\t\t\t\t\t\t\t\t<div id=\"row-1701919523\" class=\"row\"><div id=\"col-1689479247\" class=\"col medium-3 small-12 large-3\"><div class=\"col-inner\"><div class=\"box has-hover has-hover box-text-bottom\"><div class=\"box-text text-center\"><div class=\"box-text-inner\"><div id=\"col-634577056\" class=\"col medium-3 small-12 large-3\"><div class=\"col-inner\"><div class=\"box has-hover has-hover box-text-bottom\"><div class=\"box-text text-center\"><div class=\"box-text-inner\"><div id=\"col-370865992\" class=\"col medium-4 small-12 large-4\"><div class=\"col-inner\"><div class=\"box has-hover has-hover box-text-bottom\"><div class=\"box-text text-center\"><div class=\"box-text-inner\"><div id=\"row-723452498\" class=\"row\"><div id=\"col-454515158\" class=\"col medium-3 small-6 large-3\"><div class=\"col-inner\"><div class=\"box has-hover has-hover box-text-bottom\"><div class=\"box-text text-center\"><div class=\"box-text-inner\"><div id=\"row-1535933697\" class=\"row\"><div id=\"col-1948212752\" class=\"col medium-3 small-6 large-3\"><div class=\"col-inner\"><div class=\"box has-hover has-hover box-text-bottom\"><div class=\"box-text text-center\"><div class=\"box-text-inner\"><div id=\"row-2104291586\" class=\"row\"><div id=\"col-1089911524\" class=\"col small-12 large-12\"><div class=\"col-inner\"><div id=\"row-195483345\" class=\"row\"><div id=\"col-1340995071\" class=\"col medium-3 small-6 large-3\"><div class=\"col-inner\"><div class=\"box has-hover has-hover box-text-bottom\"><div class=\"box-text text-center\"><div class=\"box-text-inner\"><p style=\"text-align: center;\">bvitta@csmlc.cl<\/p><\/div><\/div><\/div><\/div><\/div><\/div><\/div><\/div><\/div><\/div><\/div><\/div><\/div><\/div><\/div><\/div><\/div><\/div><\/div><\/div><\/div><\/div><\/div><\/div><\/div><\/div><\/div><\/div><\/div><\/div><\/div><\/div><\/div><\/div><\/div><\/div><\/div>\t\t\t\t\t\t\t\t<\/div>\n\t\t\t\t<\/div>\n\t\t\t\t<\/div>\n\t\t\t\t<\/div>\n\t\t\t\t<\/div>\n\t\t\t\t<\/div>","protected":false},"excerpt":{"rendered":"<p>Departamento de M\u00fasica Nuestro departamento buscar desarrollar en nuestros estudiantes la capacidad de solucionar problemas de forma original, utilizando la creatividad para expresar ideas, sentimientos y experiencias. Promover en ellos, los estudiantes, el desplante y la opini\u00f3n cr\u00edtica para referirse a la actualidad cultural de nuestro pa\u00eds. Finalmente despertar en nuestros estudiantes el aprecio y necesidad por experimentar instancias art\u00edsticas que nutran su formaci\u00f3n integral, entreg\u00e1ndoles herramientas \u00fatiles para una experiencia est\u00e9tica completa su entorno cotidiano. Nuestro fin es que los estudiantes del CSMLC sean reconocidos por su bagaje cultural, teniendo una opini\u00f3n cr\u00edtica de la cultura universal y nacional. Ser vistos como seres \u00edntegros capaces de vivenciar experiencias art\u00edsticas, gestores de cultura dentro de su entorno. Carolina Arredondo Dillems Profesora M\u00fasica carredondo@csmlc.cl \u00a0\u00a0\u00a0\u00a0 Miguel Arredondo Dillems Profesor de M\u00fasica marredondo@csmlc.cl \u00a0\u00a0\u00a0\u00a0 Mar\u00eda Jos\u00e9 Pomodoro Reyes Profesora de M\u00fasica mpomodoro@csmlc.cl Bianca Vitta Zald\u00edvar Profesora de M\u00fasica bvitta@csmlc.cl<\/p>","protected":false},"author":2,"featured_media":0,"parent":0,"menu_order":0,"comment_status":"closed","ping_status":"closed","template":"","meta":{"site-sidebar-layout":"no-sidebar","site-content-layout":"","ast-site-content-layout":"full-width-container","site-content-style":"default","site-sidebar-style":"default","ast-global-header-display":"","ast-banner-title-visibility":"","ast-main-header-display":"","ast-hfb-above-header-display":"","ast-hfb-below-header-display":"","ast-hfb-mobile-header-display":"","site-post-title":"disabled","ast-breadcrumbs-content":"","ast-featured-img":"disabled","footer-sml-layout":"","ast-disable-related-posts":"","theme-transparent-header-meta":"","adv-header-id-meta":"","stick-header-meta":"","header-above-stick-meta":"","header-main-stick-meta":"","header-below-stick-meta":"","astra-migrate-meta-layouts":"default","ast-page-background-enabled":"default","ast-page-background-meta":{"desktop":{"background-color":"var(--ast-global-color-4)","background-image":"","background-repeat":"repeat","background-position":"center center","background-size":"auto","background-attachment":"scroll","background-type":"","background-media":"","overlay-type":"","overlay-color":"","overlay-opacity":"","overlay-gradient":""},"tablet":{"background-color":"","background-image":"","background-repeat":"repeat","background-position":"center center","background-size":"auto","background-attachment":"scroll","background-type":"","background-media":"","overlay-type":"","overlay-color":"","overlay-opacity":"","overlay-gradient":""},"mobile":{"background-color":"","background-image":"","background-repeat":"repeat","background-position":"center center","background-size":"auto","background-attachment":"scroll","background-type":"","background-media":"","overlay-type":"","overlay-color":"","overlay-opacity":"","overlay-gradient":""}},"ast-content-background-meta":{"desktop":{"background-color":"var(--ast-global-color-5)","background-image":"","background-repeat":"repeat","background-position":"center center","background-size":"auto","background-attachment":"scroll","background-type":"","background-media":"","overlay-type":"","overlay-color":"","overlay-opacity":"","overlay-gradient":""},"tablet":{"background-color":"var(--ast-global-color-5)","background-image":"","background-repeat":"repeat","background-position":"center center","background-size":"auto","background-attachment":"scroll","background-type":"","background-media":"","overlay-type":"","overlay-color":"","overlay-opacity":"","overlay-gradient":""},"mobile":{"background-color":"var(--ast-global-color-5)","background-image":"","background-repeat":"repeat","background-position":"center center","background-size":"auto","background-attachment":"scroll","background-type":"","background-media":"","overlay-type":"","overlay-color":"","overlay-opacity":"","overlay-gradient":""}},"footnotes":""},"class_list":["post-700","page","type-page","status-publish","hentry"],"_links":{"self":[{"href":"https:\/\/csmlc.cl\/en\/wp-json\/wp\/v2\/pages\/700","targetHints":{"allow":["GET"]}}],"collection":[{"href":"https:\/\/csmlc.cl\/en\/wp-json\/wp\/v2\/pages"}],"about":[{"href":"https:\/\/csmlc.cl\/en\/wp-json\/wp\/v2\/types\/page"}],"author":[{"embeddable":true,"href":"https:\/\/csmlc.cl\/en\/wp-json\/wp\/v2\/users\/2"}],"replies":[{"embeddable":true,"href":"https:\/\/csmlc.cl\/en\/wp-json\/wp\/v2\/comments?post=700"}],"version-history":[{"count":12,"href":"https:\/\/csmlc.cl\/en\/wp-json\/wp\/v2\/pages\/700\/revisions"}],"predecessor-version":[{"id":2944,"href":"https:\/\/csmlc.cl\/en\/wp-json\/wp\/v2\/pages\/700\/revisions\/2944"}],"wp:attachment":[{"href":"https:\/\/csmlc.cl\/en\/wp-json\/wp\/v2\/media?parent=700"}],"curies":[{"name":"wp","href":"https:\/\/api.w.org\/{rel}","templated":true}]}}