{"id":689,"date":"2024-12-17T00:21:25","date_gmt":"2024-12-17T00:21:25","guid":{"rendered":"https:\/\/csmlc.cl\/?page_id=689"},"modified":"2025-05-05T22:21:30","modified_gmt":"2025-05-05T22:21:30","slug":"departamento-de-educacion-fisica-y-salud","status":"publish","type":"page","link":"https:\/\/csmlc.cl\/en\/departamento-de-educacion-fisica-y-salud\/","title":{"rendered":"Physical Education and Health Deparment"},"content":{"rendered":"<div data-elementor-type=\"wp-page\" data-elementor-id=\"689\" class=\"elementor elementor-689\" data-elementor-post-type=\"page\">\n\t\t\t\t<div class=\"elementor-element elementor-element-0b74570 e-con-full e-flex wpr-particle-no wpr-jarallax-no wpr-parallax-no wpr-sticky-section-no wpr-equal-height-no e-con e-parent\" data-id=\"0b74570\" data-element_type=\"container\" data-e-type=\"container\">\n\t\t\t\t<div class=\"elementor-element elementor-element-54161c4 elementor-widget elementor-widget-heading\" data-id=\"54161c4\" data-element_type=\"widget\" data-e-type=\"widget\" data-widget_type=\"heading.default\">\n\t\t\t\t<div class=\"elementor-widget-container\">\n\t\t\t\t\t<h1 class=\"elementor-heading-title elementor-size-default\">Departamento de Educaci\u00f3n F\u00edsica y Salud<\/h1>\t\t\t\t<\/div>\n\t\t\t\t<\/div>\n\t\t\t\t<\/div>\n\t\t<div class=\"elementor-element elementor-element-88c63c3 e-flex e-con-boxed wpr-particle-no wpr-jarallax-no wpr-parallax-no wpr-sticky-section-no wpr-equal-height-no e-con e-parent\" data-id=\"88c63c3\" data-element_type=\"container\" data-e-type=\"container\">\n\t\t\t\t\t<div class=\"e-con-inner\">\n\t\t\t\t<div class=\"elementor-element elementor-element-2883fea elementor-widget elementor-widget-spacer\" data-id=\"2883fea\" data-element_type=\"widget\" data-e-type=\"widget\" data-widget_type=\"spacer.default\">\n\t\t\t\t<div class=\"elementor-widget-container\">\n\t\t\t\t\t\t\t<div class=\"elementor-spacer\">\n\t\t\t<div class=\"elementor-spacer-inner\"><\/div>\n\t\t<\/div>\n\t\t\t\t\t\t<\/div>\n\t\t\t\t<\/div>\n\t\t\t\t\t<\/div>\n\t\t\t\t<\/div>\n\t\t<div class=\"elementor-element elementor-element-9026350 e-flex e-con-boxed wpr-particle-no wpr-jarallax-no wpr-parallax-no wpr-sticky-section-no wpr-equal-height-no e-con e-parent\" data-id=\"9026350\" data-element_type=\"container\" data-e-type=\"container\">\n\t\t\t\t\t<div class=\"e-con-inner\">\n\t\t\t\t<div class=\"elementor-element elementor-element-6c5892c elementor-widget elementor-widget-text-editor\" data-id=\"6c5892c\" data-element_type=\"widget\" data-e-type=\"widget\" data-widget_type=\"text-editor.default\">\n\t\t\t\t<div class=\"elementor-widget-container\">\n\t\t\t\t\t\t\t\t\t<p>Our department seeks to provide students with a variety of educational experiences and experiences so that they can actively participate in various physical activities, promoting experimentation, discovery and creativity in each of the school cycles. Physical education class is conceived as an important part of the school curriculum. Therefore, the activities provided will respond to the interests and needs of the students, always respecting the evolutionary and developmental stage in which they are, promoting movement as an important part of a healthy lifestyle and social integration.<\/p><p>Physical Education at Colegio Santa Mar\u00eda de Lo Ca\u00f1as, aims to prepare healthy and physically aware students, who possess the knowledge, arguments and skills necessary to move in a wide range of ways, in balance with their environment and their peers, in addition to reflecting on the meaning and effects of motor activity in their lives. and healthy habits. Consequently, they must be able to choose the action of movement most suited to their personal purposes and interests. Likewise, they will be a human being knowledgeable about the processes that allow them to guide their own learning, with the ability to work in a group and to be a citizen committed to the protection and improvement of the environment for the enjoyment of all.<\/p>\t\t\t\t\t\t\t\t<\/div>\n\t\t\t\t<\/div>\n\t\t\t\t\t<\/div>\n\t\t\t\t<\/div>\n\t\t<div class=\"elementor-element elementor-element-71a839b e-flex e-con-boxed wpr-particle-no wpr-jarallax-no wpr-parallax-no wpr-sticky-section-no wpr-equal-height-no e-con e-parent\" data-id=\"71a839b\" data-element_type=\"container\" data-e-type=\"container\">\n\t\t\t\t\t<div class=\"e-con-inner\">\n\t\t<div class=\"elementor-element elementor-element-6d9336b e-grid e-con-full wpr-particle-no wpr-jarallax-no wpr-parallax-no wpr-sticky-section-no wpr-equal-height-no e-con e-child\" data-id=\"6d9336b\" data-element_type=\"container\" data-e-type=\"container\">\n\t\t<div class=\"elementor-element elementor-element-78cd1cc e-con-full e-flex wpr-particle-no wpr-jarallax-no wpr-parallax-no wpr-sticky-section-no wpr-equal-height-no e-con e-child\" data-id=\"78cd1cc\" data-element_type=\"container\" data-e-type=\"container\">\n\t\t\t\t<div class=\"elementor-element elementor-element-2da4ae7 elementor-widget elementor-widget-image\" data-id=\"2da4ae7\" data-element_type=\"widget\" data-e-type=\"widget\" data-widget_type=\"image.default\">\n\t\t\t\t<div class=\"elementor-widget-container\">\n\t\t\t\t\t\t\t\t\t\t\t\t\t\t\t<img fetchpriority=\"high\" decoding=\"async\" width=\"300\" height=\"500\" src=\"https:\/\/csmlc.cl\/wp-content\/uploads\/2024\/12\/CRISTHIAN.png\" class=\"attachment-full size-full wp-image-458\" alt=\"\" srcset=\"https:\/\/csmlc.cl\/wp-content\/uploads\/2024\/12\/CRISTHIAN.png 300w, https:\/\/csmlc.cl\/wp-content\/uploads\/2024\/12\/CRISTHIAN-180x300.png 180w\" sizes=\"(max-width: 300px) 100vw, 300px\" \/>\t\t\t\t\t\t\t\t\t\t\t\t\t\t\t<\/div>\n\t\t\t\t<\/div>\n\t\t\t\t<div class=\"elementor-element elementor-element-fdec1f5 elementor-widget elementor-widget-heading\" data-id=\"fdec1f5\" data-element_type=\"widget\" data-e-type=\"widget\" data-widget_type=\"heading.default\">\n\t\t\t\t<div class=\"elementor-widget-container\">\n\t\t\t\t\t<h2 class=\"elementor-heading-title elementor-size-default\">Christian Olivares Gonz\u00e1lez\n<\/h2>\t\t\t\t<\/div>\n\t\t\t\t<\/div>\n\t\t\t\t<div class=\"elementor-element elementor-element-37301dc elementor-widget elementor-widget-heading\" data-id=\"37301dc\" data-element_type=\"widget\" data-e-type=\"widget\" data-widget_type=\"heading.default\">\n\t\t\t\t<div class=\"elementor-widget-container\">\n\t\t\t\t\t<h2 class=\"elementor-heading-title elementor-size-default\">Profesor Jefe IV\u00b0 Medio A\n\n\n\n\n<\/h2>\t\t\t\t<\/div>\n\t\t\t\t<\/div>\n\t\t\t\t<div class=\"elementor-element elementor-element-b94998e elementor-widget elementor-widget-text-editor\" data-id=\"b94998e\" data-element_type=\"widget\" data-e-type=\"widget\" data-widget_type=\"text-editor.default\">\n\t\t\t\t<div class=\"elementor-widget-container\">\n\t\t\t\t\t\t\t\t\t<div id=\"col-641233831\" class=\"col medium-3 small-12 large-3\"><div class=\"col-inner\"><div class=\"box has-hover has-hover box-text-bottom\"><div class=\"box-text text-center\"><div class=\"box-text-inner\"><div id=\"col-700163706\" class=\"col medium-4 small-12 large-4\"><div class=\"col-inner\"><div class=\"box has-hover has-hover box-text-bottom\"><div class=\"box-text text-center\"><div class=\"box-text-inner\"><div id=\"col-1758481749\" class=\"col medium-3 small-6 large-3\"><div class=\"col-inner\"><div class=\"box has-hover has-hover box-text-bottom\"><div class=\"box-text text-center\"><div class=\"box-text-inner\"><div id=\"col-968078896\" class=\"col medium-3 small-6 large-3\"><div class=\"col-inner\"><div class=\"box has-hover   has-hover box-text-bottom\"><div class=\"box-text text-center\"><div class=\"box-text-inner\"><p style=\"text-align: center;\">colivares@csmlc.cl<\/p><\/div><\/div><\/div><\/div><\/div><div id=\"col-893046302\" class=\"col medium-3 small-6 large-3\"><div class=\"col-inner\"><div class=\"box has-hover   has-hover box-text-bottom\"><div class=\"box-image\">\u00a0<\/div><\/div><\/div><\/div><\/div><\/div><\/div><\/div><\/div><div id=\"col-445352173\" class=\"col medium-3 small-6 large-3\"><div class=\"col-inner\"><div class=\"box has-hover has-hover box-text-bottom\"><div class=\"box-image\">\u00a0<\/div><\/div><\/div><\/div><\/div><\/div><\/div><\/div><\/div><div id=\"col-1493374114\" class=\"col medium-4 small-12 large-4\"><div class=\"col-inner\"><div class=\"box has-hover has-hover box-text-bottom\"><div class=\"box-image\">\u00a0<\/div><\/div><\/div><\/div><\/div><\/div><\/div><\/div><\/div>\t\t\t\t\t\t\t\t<\/div>\n\t\t\t\t<\/div>\n\t\t\t\t<\/div>\n\t\t<div class=\"elementor-element elementor-element-8785041 e-con-full e-flex wpr-particle-no wpr-jarallax-no wpr-parallax-no wpr-sticky-section-no wpr-equal-height-no e-con e-child\" data-id=\"8785041\" data-element_type=\"container\" data-e-type=\"container\">\n\t\t\t\t<div class=\"elementor-element elementor-element-51c836d elementor-widget elementor-widget-image\" data-id=\"51c836d\" data-element_type=\"widget\" data-e-type=\"widget\" data-widget_type=\"image.default\">\n\t\t\t\t<div class=\"elementor-widget-container\">\n\t\t\t\t\t\t\t\t\t\t\t\t\t\t\t<img decoding=\"async\" width=\"631\" height=\"1024\" src=\"https:\/\/csmlc.cl\/wp-content\/uploads\/2025\/05\/05032025-IMG_2335-scaled-1-631x1024.webp\" class=\"attachment-large size-large wp-image-1869\" alt=\"\" srcset=\"https:\/\/csmlc.cl\/wp-content\/uploads\/2025\/05\/05032025-IMG_2335-scaled-1-631x1024.webp 631w, https:\/\/csmlc.cl\/wp-content\/uploads\/2025\/05\/05032025-IMG_2335-scaled-1-185x300.webp 185w, https:\/\/csmlc.cl\/wp-content\/uploads\/2025\/05\/05032025-IMG_2335-scaled-1-768x1246.webp 768w, https:\/\/csmlc.cl\/wp-content\/uploads\/2025\/05\/05032025-IMG_2335-scaled-1-947x1536.webp 947w, https:\/\/csmlc.cl\/wp-content\/uploads\/2025\/05\/05032025-IMG_2335-scaled-1-1262x2048.webp 1262w, https:\/\/csmlc.cl\/wp-content\/uploads\/2025\/05\/05032025-IMG_2335-scaled-1-7x12.webp 7w, https:\/\/csmlc.cl\/wp-content\/uploads\/2025\/05\/05032025-IMG_2335-scaled-1.webp 1578w\" sizes=\"(max-width: 631px) 100vw, 631px\" \/>\t\t\t\t\t\t\t\t\t\t\t\t\t\t\t<\/div>\n\t\t\t\t<\/div>\n\t\t\t\t<div class=\"elementor-element elementor-element-030dd3a elementor-widget elementor-widget-heading\" data-id=\"030dd3a\" data-element_type=\"widget\" data-e-type=\"widget\" data-widget_type=\"heading.default\">\n\t\t\t\t<div class=\"elementor-widget-container\">\n\t\t\t\t\t<h2 class=\"elementor-heading-title elementor-size-default\">Marco Daza Araya\n\n<\/h2>\t\t\t\t<\/div>\n\t\t\t\t<\/div>\n\t\t\t\t<div class=\"elementor-element elementor-element-2af10cf elementor-widget elementor-widget-heading\" data-id=\"2af10cf\" data-element_type=\"widget\" data-e-type=\"widget\" data-widget_type=\"heading.default\">\n\t\t\t\t<div class=\"elementor-widget-container\">\n\t\t\t\t\t<h2 class=\"elementor-heading-title elementor-size-default\">Profesor Jefe 5\u00ba B\u00e1sico B\n\n\n\n\n<\/h2>\t\t\t\t<\/div>\n\t\t\t\t<\/div>\n\t\t\t\t<div class=\"elementor-element elementor-element-ae770b0 elementor-widget elementor-widget-text-editor\" data-id=\"ae770b0\" data-element_type=\"widget\" data-e-type=\"widget\" data-widget_type=\"text-editor.default\">\n\t\t\t\t<div class=\"elementor-widget-container\">\n\t\t\t\t\t\t\t\t\t<div id=\"col-1493374114\" class=\"col medium-4 small-12 large-4\"><div class=\"col-inner\"><div class=\"box has-hover has-hover box-text-bottom\"><div class=\"box-text text-center\"><div class=\"box-text-inner\"><div id=\"col-445352173\" class=\"col medium-3 small-6 large-3\"><div class=\"col-inner\"><div class=\"box has-hover has-hover box-text-bottom\"><div class=\"box-text text-center\"><div class=\"box-text-inner\"><div id=\"col-893046302\" class=\"col medium-3 small-6 large-3\"><div class=\"col-inner\"><div class=\"box has-hover has-hover box-text-bottom\"><div class=\"box-text text-center\"><div class=\"box-text-inner\"><p style=\"text-align: center;\">mdaza@csmlc.cl<\/p><\/div><\/div><\/div><\/div><\/div><div id=\"col-429920064\" class=\"col medium-3 small-6 large-3\"><div class=\"col-inner\"><div class=\"box has-hover has-hover box-text-bottom\"><div class=\"box-image\">\u00a0<\/div><\/div><\/div><\/div><\/div><\/div><\/div><\/div><\/div><div id=\"col-1324140056\" class=\"col medium-3 small-6 large-3\"><div class=\"col-inner\"><div class=\"box has-hover has-hover box-text-bottom\"><div class=\"box-image\">\u00a0<\/div><\/div><\/div><\/div><\/div><\/div><\/div><\/div><\/div><div id=\"col-763972466\" class=\"col medium-4 small-12 large-4\"><div class=\"col-inner\"><div class=\"box has-hover has-hover box-text-bottom\"><div class=\"box-image\">\u00a0<\/div><\/div><\/div><\/div>\t\t\t\t\t\t\t\t<\/div>\n\t\t\t\t<\/div>\n\t\t\t\t<\/div>\n\t\t<div class=\"elementor-element elementor-element-2447814 e-con-full e-flex wpr-particle-no wpr-jarallax-no wpr-parallax-no wpr-sticky-section-no wpr-equal-height-no e-con e-child\" data-id=\"2447814\" data-element_type=\"container\" data-e-type=\"container\">\n\t\t\t\t<div class=\"elementor-element elementor-element-a065535 elementor-widget elementor-widget-image\" data-id=\"a065535\" data-element_type=\"widget\" data-e-type=\"widget\" data-widget_type=\"image.default\">\n\t\t\t\t<div class=\"elementor-widget-container\">\n\t\t\t\t\t\t\t\t\t\t\t\t\t\t\t<img decoding=\"async\" width=\"631\" height=\"1024\" src=\"https:\/\/csmlc.cl\/wp-content\/uploads\/2025\/05\/05032025-IMG_2337-scaled-1-631x1024.webp\" class=\"attachment-large size-large wp-image-1870\" alt=\"\" srcset=\"https:\/\/csmlc.cl\/wp-content\/uploads\/2025\/05\/05032025-IMG_2337-scaled-1-631x1024.webp 631w, https:\/\/csmlc.cl\/wp-content\/uploads\/2025\/05\/05032025-IMG_2337-scaled-1-185x300.webp 185w, https:\/\/csmlc.cl\/wp-content\/uploads\/2025\/05\/05032025-IMG_2337-scaled-1-768x1246.webp 768w, https:\/\/csmlc.cl\/wp-content\/uploads\/2025\/05\/05032025-IMG_2337-scaled-1-947x1536.webp 947w, https:\/\/csmlc.cl\/wp-content\/uploads\/2025\/05\/05032025-IMG_2337-scaled-1-1262x2048.webp 1262w, https:\/\/csmlc.cl\/wp-content\/uploads\/2025\/05\/05032025-IMG_2337-scaled-1-7x12.webp 7w, https:\/\/csmlc.cl\/wp-content\/uploads\/2025\/05\/05032025-IMG_2337-scaled-1.webp 1578w\" sizes=\"(max-width: 631px) 100vw, 631px\" \/>\t\t\t\t\t\t\t\t\t\t\t\t\t\t\t<\/div>\n\t\t\t\t<\/div>\n\t\t\t\t<div class=\"elementor-element elementor-element-7db277f elementor-widget elementor-widget-heading\" data-id=\"7db277f\" data-element_type=\"widget\" data-e-type=\"widget\" data-widget_type=\"heading.default\">\n\t\t\t\t<div class=\"elementor-widget-container\">\n\t\t\t\t\t<h2 class=\"elementor-heading-title elementor-size-default\">Felipe Castro Castillano\n\n\n\n<\/h2>\t\t\t\t<\/div>\n\t\t\t\t<\/div>\n\t\t\t\t<div class=\"elementor-element elementor-element-0e1207a elementor-widget elementor-widget-heading\" data-id=\"0e1207a\" data-element_type=\"widget\" data-e-type=\"widget\" data-widget_type=\"heading.default\">\n\t\t\t\t<div class=\"elementor-widget-container\">\n\t\t\t\t\t<h2 class=\"elementor-heading-title elementor-size-default\">Profesor Jefe III\u00b0 Medio A\n\n\n\n\n\n\n\n\n\n<\/h2>\t\t\t\t<\/div>\n\t\t\t\t<\/div>\n\t\t\t\t<div class=\"elementor-element elementor-element-cc5fbd7 elementor-widget elementor-widget-text-editor\" data-id=\"cc5fbd7\" data-element_type=\"widget\" data-e-type=\"widget\" data-widget_type=\"text-editor.default\">\n\t\t\t\t<div class=\"elementor-widget-container\">\n\t\t\t\t\t\t\t\t\t<div id=\"col-389324909\" class=\"col medium-3 small-12 large-3\"><div class=\"col-inner\"><div class=\"box has-hover has-hover box-text-bottom\"><div class=\"box-text text-center\"><div class=\"box-text-inner\"><div id=\"col-1122817611\" class=\"col medium-3 small-12 large-3\"><div class=\"col-inner\"><div class=\"box has-hover has-hover box-text-bottom\"><div class=\"box-text text-center\"><div class=\"box-text-inner\"><div id=\"col-1440331571\" class=\"col medium-3 small-12 large-3\"><div class=\"col-inner\"><div class=\"box has-hover has-hover box-text-bottom\"><div class=\"box-text text-center\"><div class=\"box-text-inner\"><div id=\"row-202196326\" class=\"row\"><div id=\"col-763972466\" class=\"col medium-4 small-12 large-4\"><div class=\"col-inner\"><div class=\"box has-hover has-hover box-text-bottom\"><div class=\"box-text text-center\"><div class=\"box-text-inner\"><div id=\"col-1324140056\" class=\"col medium-3 small-6 large-3\"><div class=\"col-inner\"><div class=\"box has-hover has-hover box-text-bottom\"><div class=\"box-text text-center\"><div class=\"box-text-inner\"><div id=\"col-429920064\" class=\"col medium-3 small-6 large-3\"><div class=\"col-inner\"><div class=\"box has-hover has-hover box-text-bottom\"><div class=\"box-text text-center\"><div class=\"box-text-inner\"><p style=\"text-align: center;\">fcastro@csmlc.cl<\/p><\/div><\/div><\/div><\/div><\/div><div id=\"col-1948212752\" class=\"col medium-3 small-6 large-3\"><div class=\"col-inner\"><div class=\"box has-hover has-hover box-text-bottom\"><div class=\"box-image\">\u00a0<\/div><\/div><\/div><\/div><\/div><\/div><\/div><\/div><\/div><div id=\"col-454515158\" class=\"col medium-3 small-6 large-3\"><div class=\"col-inner\"><div class=\"box has-hover has-hover box-text-bottom\"><div class=\"box-image\">\u00a0<\/div><\/div><\/div><\/div><\/div><\/div><\/div><\/div><\/div><\/div><div id=\"row-1798843247\" class=\"row\">\u00a0<\/div><\/div><\/div><\/div><\/div><\/div><\/div><\/div><\/div><\/div><\/div><\/div><\/div><\/div><\/div><\/div>\t\t\t\t\t\t\t\t<\/div>\n\t\t\t\t<\/div>\n\t\t\t\t<\/div>\n\t\t<div class=\"elementor-element elementor-element-c7dc260 e-con-full e-flex wpr-particle-no wpr-jarallax-no wpr-parallax-no wpr-sticky-section-no wpr-equal-height-no e-con e-child\" data-id=\"c7dc260\" data-element_type=\"container\" data-e-type=\"container\">\n\t\t\t\t<div class=\"elementor-element elementor-element-2bc5f24 elementor-widget elementor-widget-image\" data-id=\"2bc5f24\" data-element_type=\"widget\" data-e-type=\"widget\" data-widget_type=\"image.default\">\n\t\t\t\t<div class=\"elementor-widget-container\">\n\t\t\t\t\t\t\t\t\t\t\t\t\t\t\t<img loading=\"lazy\" decoding=\"async\" width=\"631\" height=\"1024\" src=\"https:\/\/csmlc.cl\/wp-content\/uploads\/2025\/05\/05032025-IMG_2193-631x1024-1.webp\" class=\"attachment-large size-large wp-image-1871\" alt=\"\" srcset=\"https:\/\/csmlc.cl\/wp-content\/uploads\/2025\/05\/05032025-IMG_2193-631x1024-1.webp 631w, https:\/\/csmlc.cl\/wp-content\/uploads\/2025\/05\/05032025-IMG_2193-631x1024-1-185x300.webp 185w, https:\/\/csmlc.cl\/wp-content\/uploads\/2025\/05\/05032025-IMG_2193-631x1024-1-7x12.webp 7w\" sizes=\"(max-width: 631px) 100vw, 631px\" \/>\t\t\t\t\t\t\t\t\t\t\t\t\t\t\t<\/div>\n\t\t\t\t<\/div>\n\t\t\t\t<div class=\"elementor-element elementor-element-de5bde6 elementor-widget elementor-widget-heading\" data-id=\"de5bde6\" data-element_type=\"widget\" data-e-type=\"widget\" data-widget_type=\"heading.default\">\n\t\t\t\t<div class=\"elementor-widget-container\">\n\t\t\t\t\t<h2 class=\"elementor-heading-title elementor-size-default\">Constanza Alvi\u00f1a Gonz\u00e1lez \n\n<\/h2>\t\t\t\t<\/div>\n\t\t\t\t<\/div>\n\t\t\t\t<div class=\"elementor-element elementor-element-9d8a4ad elementor-widget elementor-widget-heading\" data-id=\"9d8a4ad\" data-element_type=\"widget\" data-e-type=\"widget\" data-widget_type=\"heading.default\">\n\t\t\t\t<div class=\"elementor-widget-container\">\n\t\t\t\t\t<h2 class=\"elementor-heading-title elementor-size-default\">Profesora Jefe 5\u00b0 B\u00e1sico A\n\n\n\n\n\n\n<\/h2>\t\t\t\t<\/div>\n\t\t\t\t<\/div>\n\t\t\t\t<div class=\"elementor-element elementor-element-230f82c elementor-widget elementor-widget-text-editor\" data-id=\"230f82c\" data-element_type=\"widget\" data-e-type=\"widget\" data-widget_type=\"text-editor.default\">\n\t\t\t\t<div class=\"elementor-widget-container\">\n\t\t\t\t\t\t\t\t\t<div id=\"row-1701919523\" class=\"row\"><div id=\"col-1689479247\" class=\"col medium-3 small-12 large-3\"><div class=\"col-inner\"><div class=\"box has-hover has-hover box-text-bottom\"><div class=\"box-text text-center\"><div class=\"box-text-inner\"><div id=\"col-634577056\" class=\"col medium-3 small-12 large-3\"><div class=\"col-inner\"><div class=\"box has-hover has-hover box-text-bottom\"><div class=\"box-text text-center\"><div class=\"box-text-inner\"><div id=\"col-370865992\" class=\"col medium-4 small-12 large-4\"><div class=\"col-inner\"><div class=\"box has-hover has-hover box-text-bottom\"><div class=\"box-text text-center\"><div class=\"box-text-inner\"><div id=\"row-723452498\" class=\"row\"><div id=\"col-454515158\" class=\"col medium-3 small-6 large-3\"><div class=\"col-inner\"><div class=\"box has-hover has-hover box-text-bottom\"><div class=\"box-text text-center\"><div class=\"box-text-inner\"><div id=\"row-1535933697\" class=\"row\"><div id=\"col-1948212752\" class=\"col medium-3 small-6 large-3\"><div class=\"col-inner\"><div class=\"box has-hover   has-hover box-text-bottom\"><div class=\"box-text text-center\"><div class=\"box-text-inner\"><p style=\"text-align: center;\">calvina@csmlc.cl<\/p><\/div><\/div><\/div><\/div><\/div><\/div><\/div><\/div><\/div><\/div><\/div><\/div><div id=\"row-2115990706\" class=\"row\"><div id=\"col-1077967325\" class=\"col medium-4 small-12 large-4\"><div class=\"col-inner\"><div class=\"box has-hover has-hover box-text-bottom\"><div class=\"box-image\">\u00a0<\/div><\/div><\/div><\/div><\/div><\/div><\/div><\/div><\/div><\/div><\/div><\/div><\/div><\/div><\/div><div id=\"col-471706647\" class=\"col medium-3 small-12 large-3\"><div class=\"col-inner\"><div class=\"box has-hover has-hover box-text-bottom\"><div class=\"box-image\">\u00a0<\/div><\/div><\/div><\/div><\/div><\/div><\/div><\/div><\/div><\/div>\t\t\t\t\t\t\t\t<\/div>\n\t\t\t\t<\/div>\n\t\t\t\t<\/div>\n\t\t\t\t<\/div>\n\t\t\t\t\t<\/div>\n\t\t\t\t<\/div>\n\t\t\t\t<\/div>","protected":false},"excerpt":{"rendered":"<p>Departamento de Educaci\u00f3n F\u00edsica y Salud Nuestro departamento busca otorgar a los estudiantes una variedad de vivencias y experiencias educativas para que participen activamente de diversas actividades f\u00edsicas potenciando la experimentaci\u00f3n, el descubrimiento y la creatividad en cada uno de los ciclos escolares. La clase de educaci\u00f3n f\u00edsica se concibe como parte importante del curr\u00edculo escolar. Por lo tanto, las actividades provistas responder\u00e1n a los intereses y a las necesidades de los estudiantes, respetando siempre la etapa evolutiva y de desarrollo en la que estos se encuentran, promoviendo el movimiento como parte importante de un estilo de vida saludable y de integraci\u00f3n social. La Educaci\u00f3n F\u00edsica en el Colegio Santa Mar\u00eda de Lo Ca\u00f1as, pretende preparar estudiantes saludables y conscientes f\u00edsicamente, que posean los conocimientos, argumentos y las\u00a0destrezas necesarias para moverse en una amplia gama de formas, en equilibrio con su entorno y sus pares, adem\u00e1s de reflexionar sobre el sentido y los efectos de la actividad motriz en sus vidas, y de los h\u00e1bitos saludables.\u00a0 Por consiguiente, deben ser capaces de elegir la acci\u00f3n de movimiento m\u00e1s id\u00f3nea a sus prop\u00f3sitos e intereses personales. Asimismo,\u00a0ser\u00e1 un ser humano conocedor de los procesos que le permitan orientar sus propios\u00a0aprendizajes, con la capacidad de trabajar en grupo y de ser un ciudadano comprometido con la protecci\u00f3n y\u00a0el mejoramiento del medio ambiente para el disfrute de todos. Christian Olivares Gonz\u00e1lez Profesor Jefe IV\u00b0 Medio A colivares@csmlc.cl \u00a0\u00a0\u00a0 Marco Daza Araya Profesor Jefe 5\u00ba B\u00e1sico B mdaza@csmlc.cl \u00a0\u00a0\u00a0 Felipe Castro Castillano Profesor Jefe III\u00b0 Medio A fcastro@csmlc.cl \u00a0\u00a0\u00a0 Constanza Alvi\u00f1a Gonz\u00e1lez Profesora Jefe 5\u00b0 B\u00e1sico A calvina@csmlc.cl \u00a0\u00a0<\/p>","protected":false},"author":2,"featured_media":0,"parent":0,"menu_order":0,"comment_status":"closed","ping_status":"closed","template":"","meta":{"site-sidebar-layout":"no-sidebar","site-content-layout":"","ast-site-content-layout":"full-width-container","site-content-style":"default","site-sidebar-style":"default","ast-global-header-display":"","ast-banner-title-visibility":"","ast-main-header-display":"","ast-hfb-above-header-display":"","ast-hfb-below-header-display":"","ast-hfb-mobile-header-display":"","site-post-title":"disabled","ast-breadcrumbs-content":"","ast-featured-img":"disabled","footer-sml-layout":"","ast-disable-related-posts":"","theme-transparent-header-meta":"","adv-header-id-meta":"","stick-header-meta":"","header-above-stick-meta":"","header-main-stick-meta":"","header-below-stick-meta":"","astra-migrate-meta-layouts":"default","ast-page-background-enabled":"default","ast-page-background-meta":{"desktop":{"background-color":"var(--ast-global-color-4)","background-image":"","background-repeat":"repeat","background-position":"center center","background-size":"auto","background-attachment":"scroll","background-type":"","background-media":"","overlay-type":"","overlay-color":"","overlay-opacity":"","overlay-gradient":""},"tablet":{"background-color":"","background-image":"","background-repeat":"repeat","background-position":"center center","background-size":"auto","background-attachment":"scroll","background-type":"","background-media":"","overlay-type":"","overlay-color":"","overlay-opacity":"","overlay-gradient":""},"mobile":{"background-color":"","background-image":"","background-repeat":"repeat","background-position":"center center","background-size":"auto","background-attachment":"scroll","background-type":"","background-media":"","overlay-type":"","overlay-color":"","overlay-opacity":"","overlay-gradient":""}},"ast-content-background-meta":{"desktop":{"background-color":"var(--ast-global-color-5)","background-image":"","background-repeat":"repeat","background-position":"center center","background-size":"auto","background-attachment":"scroll","background-type":"","background-media":"","overlay-type":"","overlay-color":"","overlay-opacity":"","overlay-gradient":""},"tablet":{"background-color":"var(--ast-global-color-5)","background-image":"","background-repeat":"repeat","background-position":"center center","background-size":"auto","background-attachment":"scroll","background-type":"","background-media":"","overlay-type":"","overlay-color":"","overlay-opacity":"","overlay-gradient":""},"mobile":{"background-color":"var(--ast-global-color-5)","background-image":"","background-repeat":"repeat","background-position":"center center","background-size":"auto","background-attachment":"scroll","background-type":"","background-media":"","overlay-type":"","overlay-color":"","overlay-opacity":"","overlay-gradient":""}},"footnotes":""},"class_list":["post-689","page","type-page","status-publish","hentry"],"_links":{"self":[{"href":"https:\/\/csmlc.cl\/en\/wp-json\/wp\/v2\/pages\/689","targetHints":{"allow":["GET"]}}],"collection":[{"href":"https:\/\/csmlc.cl\/en\/wp-json\/wp\/v2\/pages"}],"about":[{"href":"https:\/\/csmlc.cl\/en\/wp-json\/wp\/v2\/types\/page"}],"author":[{"embeddable":true,"href":"https:\/\/csmlc.cl\/en\/wp-json\/wp\/v2\/users\/2"}],"replies":[{"embeddable":true,"href":"https:\/\/csmlc.cl\/en\/wp-json\/wp\/v2\/comments?post=689"}],"version-history":[{"count":0,"href":"https:\/\/csmlc.cl\/en\/wp-json\/wp\/v2\/pages\/689\/revisions"}],"wp:attachment":[{"href":"https:\/\/csmlc.cl\/en\/wp-json\/wp\/v2\/media?parent=689"}],"curies":[{"name":"wp","href":"https:\/\/api.w.org\/{rel}","templated":true}]}}