{"id":669,"date":"2024-12-16T23:37:20","date_gmt":"2024-12-16T23:37:20","guid":{"rendered":"https:\/\/csmlc.cl\/?page_id=669"},"modified":"2026-04-17T20:16:29","modified_gmt":"2026-04-18T00:16:29","slug":"departamento-de-ciencias","status":"publish","type":"page","link":"https:\/\/csmlc.cl\/en\/departamento-de-ciencias\/","title":{"rendered":"Science Department"},"content":{"rendered":"<div data-elementor-type=\"wp-page\" data-elementor-id=\"669\" class=\"elementor elementor-669\" data-elementor-post-type=\"page\">\n\t\t\t\t<div class=\"elementor-element elementor-element-0b74570 e-con-full e-flex wpr-particle-no wpr-jarallax-no wpr-parallax-no wpr-sticky-section-no wpr-equal-height-no e-con e-parent\" data-id=\"0b74570\" data-element_type=\"container\" data-e-type=\"container\" data-settings=\"{&quot;background_background&quot;:&quot;classic&quot;}\">\n\t\t\t\t<div class=\"elementor-element elementor-element-b5cff4b elementor-widget elementor-widget-heading\" data-id=\"b5cff4b\" data-element_type=\"widget\" data-e-type=\"widget\" data-widget_type=\"heading.default\">\n\t\t\t\t<div class=\"elementor-widget-container\">\n\t\t\t\t\t<h1 class=\"elementor-heading-title elementor-size-default\">Science Department<\/h1>\t\t\t\t<\/div>\n\t\t\t\t<\/div>\n\t\t\t\t<\/div>\n\t\t<div class=\"elementor-element elementor-element-88c63c3 e-flex e-con-boxed wpr-particle-no wpr-jarallax-no wpr-parallax-no wpr-sticky-section-no wpr-equal-height-no e-con e-parent\" data-id=\"88c63c3\" data-element_type=\"container\" data-e-type=\"container\">\n\t\t\t\t\t<div class=\"e-con-inner\">\n\t\t\t\t<div class=\"elementor-element elementor-element-2883fea elementor-widget elementor-widget-spacer\" data-id=\"2883fea\" data-element_type=\"widget\" data-e-type=\"widget\" data-widget_type=\"spacer.default\">\n\t\t\t\t<div class=\"elementor-widget-container\">\n\t\t\t\t\t\t\t<div class=\"elementor-spacer\">\n\t\t\t<div class=\"elementor-spacer-inner\"><\/div>\n\t\t<\/div>\n\t\t\t\t\t\t<\/div>\n\t\t\t\t<\/div>\n\t\t\t\t\t<\/div>\n\t\t\t\t<\/div>\n\t\t<div class=\"elementor-element elementor-element-9026350 e-flex e-con-boxed wpr-particle-no wpr-jarallax-no wpr-parallax-no wpr-sticky-section-no wpr-equal-height-no e-con e-parent\" data-id=\"9026350\" data-element_type=\"container\" data-e-type=\"container\">\n\t\t\t\t\t<div class=\"e-con-inner\">\n\t\t\t\t<div class=\"elementor-element elementor-element-6c5892c elementor-widget elementor-widget-text-editor\" data-id=\"6c5892c\" data-element_type=\"widget\" data-e-type=\"widget\" data-widget_type=\"text-editor.default\">\n\t\t\t\t<div class=\"elementor-widget-container\">\n\t\t\t\t\t\t\t\t\t<p>Our permanent challenge is the search for new ways to achieve effective learning and enhance the ability to observe in different everyday situations.<\/p><p>Our actions have the purpose of improving the scientific skills of our students, applying inductive-deductive methods of problems and collective assets in classrooms and laboratories. Seeking with the above the development of the scientific vocation of our students.<\/p>\t\t\t\t\t\t\t\t<\/div>\n\t\t\t\t<\/div>\n\t\t\t\t\t<\/div>\n\t\t\t\t<\/div>\n\t\t<div class=\"elementor-element elementor-element-71a839b e-grid e-con-boxed wpr-particle-no wpr-jarallax-no wpr-parallax-no wpr-sticky-section-no wpr-equal-height-no e-con e-parent\" data-id=\"71a839b\" data-element_type=\"container\" data-e-type=\"container\">\n\t\t\t\t\t<div class=\"e-con-inner\">\n\t\t\t\t<div class=\"elementor-element elementor-element-c988396 e-con e-atomic-element e-div-block-base e-c988396-328b030\" data-id=\"c988396\" data-element_type=\"e-div-block\" data-e-type=\"e-div-block\" data-interaction-id=\"c988396\">\n\t\t\t\t\t\t\t\n\t\t<img class=\"e-image-base e-e1d4400-7ee179c\" \n\t\t\t\t\tdata-interaction-id=\"e1d4400\" \n\t\t \n\t\t data-e-type=\"widget\" data-id=\"e1d4400\"\n\t\t\t\t\t\t\t\t\tid=\"2388\"\n\t\t\t\t\t\t\t\t\t\t\t\tsrc=\"https:\/\/csmlc.cl\/wp-content\/uploads\/2026\/03\/Macarena-Corona.jpg\"\n\t\t\t\t\t\t\t\t\t\t\t\twidth=\"400\"\n\t\t\t\t\t\t\t\t\t\t\t\theight=\"600\"\n\t\t\t\t\t\t\t\t\t\t\t\tsrcset=\"https:\/\/csmlc.cl\/wp-content\/uploads\/2026\/03\/Macarena-Corona.jpg 1260w, https:\/\/csmlc.cl\/wp-content\/uploads\/2026\/03\/Macarena-Corona-200x300.jpg 200w, https:\/\/csmlc.cl\/wp-content\/uploads\/2026\/03\/Macarena-Corona-683x1024.jpg 683w, https:\/\/csmlc.cl\/wp-content\/uploads\/2026\/03\/Macarena-Corona-768x1152.jpg 768w, https:\/\/csmlc.cl\/wp-content\/uploads\/2026\/03\/Macarena-Corona-1024x1536.jpg 1024w, https:\/\/csmlc.cl\/wp-content\/uploads\/2026\/03\/Macarena-Corona-8x12.jpg 8w\"\n\t\t\t\t\t\t\t\t\t\t\t\talt=\"\"\n\t\t\t\t\t\t\/>\n\t\t\t\t\t<div class=\"elementor-element elementor-element-d9d0fa8 elementor-widget__width-initial elementor-widget elementor-widget-heading\" data-id=\"d9d0fa8\" data-element_type=\"widget\" data-e-type=\"widget\" data-widget_type=\"heading.default\">\n\t\t\t\t<div class=\"elementor-widget-container\">\n\t\t\t\t\t<h5 class=\"elementor-heading-title elementor-size-default\">Macarena Corona Verges\n<\/h5>\t\t\t\t<\/div>\n\t\t\t\t<\/div>\n\t\t\t\t<div class=\"elementor-element elementor-element-630094e elementor-widget elementor-widget-heading\" data-id=\"630094e\" data-element_type=\"widget\" data-e-type=\"widget\" data-widget_type=\"heading.default\">\n\t\t\t\t<div class=\"elementor-widget-container\">\n\t\t\t\t\t<div class=\"elementor-heading-title elementor-size-default\">Proferora de Ciencias<\/div>\t\t\t\t<\/div>\n\t\t\t\t<\/div>\n\t\t\t\t<div class=\"elementor-element elementor-element-c530c03 elementor-widget elementor-widget-heading\" data-id=\"c530c03\" data-element_type=\"widget\" data-e-type=\"widget\" data-widget_type=\"heading.default\">\n\t\t\t\t<div class=\"elementor-widget-container\">\n\t\t\t\t\t<div class=\"elementor-heading-title elementor-size-default\">mcorona@csmlc.cl<\/div>\t\t\t\t<\/div>\n\t\t\t\t<\/div>\n\t\t\t\t<\/div>\n\t\t\t\t<div class=\"elementor-element elementor-element-6be5571 e-con e-atomic-element e-div-block-base e-6be5571-85ff0cc\" data-id=\"6be5571\" data-element_type=\"e-div-block\" data-e-type=\"e-div-block\" data-interaction-id=\"6be5571\">\n\t\t\t\t\t\t\t\n\t\t<img class=\"e-image-base e-d8263cc-c9cfd69\" \n\t\t\t\t\tdata-interaction-id=\"d8263cc\" \n\t\t \n\t\t data-e-type=\"widget\" data-id=\"d8263cc\"\n\t\t\t\t\t\t\t\t\tid=\"683\"\n\t\t\t\t\t\t\t\t\t\t\t\tsrc=\"https:\/\/csmlc.cl\/wp-content\/uploads\/2024\/12\/MACARENA-ARCE.png\"\n\t\t\t\t\t\t\t\t\t\t\t\twidth=\"300\"\n\t\t\t\t\t\t\t\t\t\t\t\theight=\"500\"\n\t\t\t\t\t\t\t\t\t\t\t\tsrcset=\"https:\/\/csmlc.cl\/wp-content\/uploads\/2024\/12\/MACARENA-ARCE.png 300w, https:\/\/csmlc.cl\/wp-content\/uploads\/2024\/12\/MACARENA-ARCE-180x300.png 180w\"\n\t\t\t\t\t\t\t\t\t\t\t\talt=\"\"\n\t\t\t\t\t\t\/>\n\t\t\t\t\t<div class=\"elementor-element elementor-element-c57d61a elementor-widget__width-initial elementor-widget elementor-widget-heading\" data-id=\"c57d61a\" data-element_type=\"widget\" data-e-type=\"widget\" data-widget_type=\"heading.default\">\n\t\t\t\t<div class=\"elementor-widget-container\">\n\t\t\t\t\t<h5 class=\"elementor-heading-title elementor-size-default\">Macarena Arce Ram\u00edrez<\/h5>\t\t\t\t<\/div>\n\t\t\t\t<\/div>\n\t\t\t\t<div class=\"elementor-element elementor-element-0c1cf8b elementor-widget elementor-widget-heading\" data-id=\"0c1cf8b\" data-element_type=\"widget\" data-e-type=\"widget\" data-widget_type=\"heading.default\">\n\t\t\t\t<div class=\"elementor-widget-container\">\n\t\t\t\t\t<div class=\"elementor-heading-title elementor-size-default\">Profesora de Ciencias<\/div>\t\t\t\t<\/div>\n\t\t\t\t<\/div>\n\t\t\t\t<div class=\"elementor-element elementor-element-a1631b4 elementor-widget elementor-widget-heading\" data-id=\"a1631b4\" data-element_type=\"widget\" data-e-type=\"widget\" data-widget_type=\"heading.default\">\n\t\t\t\t<div class=\"elementor-widget-container\">\n\t\t\t\t\t<div class=\"elementor-heading-title elementor-size-default\">marce@csmlc.cl<\/div>\t\t\t\t<\/div>\n\t\t\t\t<\/div>\n\t\t\t\t<\/div>\n\t\t\t\t<div class=\"elementor-element elementor-element-0647915 e-con e-atomic-element e-div-block-base e-0647915-c071e22\" data-id=\"0647915\" data-element_type=\"e-div-block\" data-e-type=\"e-div-block\" data-interaction-id=\"0647915\">\n\t\t\t\t\t\t\t\n\t\t<img class=\"e-image-base e-3149689-41d5840\" \n\t\t\t\t\tdata-interaction-id=\"3149689\" \n\t\t \n\t\t data-e-type=\"widget\" data-id=\"3149689\"\n\t\t\t\t\t\t\t\t\tid=\"2455\"\n\t\t\t\t\t\t\t\t\t\t\t\tsrc=\"https:\/\/csmlc.cl\/wp-content\/uploads\/2026\/04\/Giselle-Pinto.jpg\"\n\t\t\t\t\t\t\t\t\t\t\t\twidth=\"408\"\n\t\t\t\t\t\t\t\t\t\t\t\theight=\"600\"\n\t\t\t\t\t\t\t\t\t\t\t\tsrcset=\"https:\/\/csmlc.cl\/wp-content\/uploads\/2026\/04\/Giselle-Pinto.jpg 1260w, https:\/\/csmlc.cl\/wp-content\/uploads\/2026\/04\/Giselle-Pinto-204x300.jpg 204w, https:\/\/csmlc.cl\/wp-content\/uploads\/2026\/04\/Giselle-Pinto-696x1024.jpg 696w, https:\/\/csmlc.cl\/wp-content\/uploads\/2026\/04\/Giselle-Pinto-768x1129.jpg 768w, https:\/\/csmlc.cl\/wp-content\/uploads\/2026\/04\/Giselle-Pinto-1044x1536.jpg 1044w, https:\/\/csmlc.cl\/wp-content\/uploads\/2026\/04\/Giselle-Pinto-8x12.jpg 8w\"\n\t\t\t\t\t\t\t\t\t\t\t\talt=\"\"\n\t\t\t\t\t\t\/>\n\t\t\t\t\t<div class=\"elementor-element elementor-element-4f18f36 elementor-widget__width-initial elementor-widget elementor-widget-heading\" data-id=\"4f18f36\" data-element_type=\"widget\" data-e-type=\"widget\" data-widget_type=\"heading.default\">\n\t\t\t\t<div class=\"elementor-widget-container\">\n\t\t\t\t\t<h5 class=\"elementor-heading-title elementor-size-default\">Giselle Pinto Herrera<\/h5>\t\t\t\t<\/div>\n\t\t\t\t<\/div>\n\t\t\t\t<div class=\"elementor-element elementor-element-2765d62 elementor-widget elementor-widget-heading\" data-id=\"2765d62\" data-element_type=\"widget\" data-e-type=\"widget\" data-widget_type=\"heading.default\">\n\t\t\t\t<div class=\"elementor-widget-container\">\n\t\t\t\t\t<div class=\"elementor-heading-title elementor-size-default\">Profesora jefe II\u00b0 Medio B<\/div>\t\t\t\t<\/div>\n\t\t\t\t<\/div>\n\t\t\t\t<div class=\"elementor-element elementor-element-7083713 elementor-widget elementor-widget-heading\" data-id=\"7083713\" data-element_type=\"widget\" data-e-type=\"widget\" data-widget_type=\"heading.default\">\n\t\t\t\t<div class=\"elementor-widget-container\">\n\t\t\t\t\t<div class=\"elementor-heading-title elementor-size-default\">gpinto@csmlc.cl<\/div>\t\t\t\t<\/div>\n\t\t\t\t<\/div>\n\t\t\t\t<\/div>\n\t\t\t\t<div class=\"elementor-element elementor-element-f6c12b0 e-con e-atomic-element e-div-block-base e-f6c12b0-5ef9b9d\" data-id=\"f6c12b0\" data-element_type=\"e-div-block\" data-e-type=\"e-div-block\" data-interaction-id=\"f6c12b0\">\n\t\t\t\t\t\t\t\n\t\t<img class=\"e-image-base e-bcfd800-30d4a5d\" \n\t\t\t\t\tdata-interaction-id=\"bcfd800\" \n\t\t \n\t\t data-e-type=\"widget\" data-id=\"bcfd800\"\n\t\t\t\t\t\t\t\t\tid=\"540\"\n\t\t\t\t\t\t\t\t\t\t\t\tsrc=\"https:\/\/csmlc.cl\/wp-content\/uploads\/2024\/12\/MONICA-CIF.png\"\n\t\t\t\t\t\t\t\t\t\t\t\twidth=\"300\"\n\t\t\t\t\t\t\t\t\t\t\t\theight=\"500\"\n\t\t\t\t\t\t\t\t\t\t\t\tsrcset=\"https:\/\/csmlc.cl\/wp-content\/uploads\/2024\/12\/MONICA-CIF.png 300w, https:\/\/csmlc.cl\/wp-content\/uploads\/2024\/12\/MONICA-CIF-180x300.png 180w\"\n\t\t\t\t\t\t\t\t\t\t\t\talt=\"\"\n\t\t\t\t\t\t\/>\n\t\t\t\t\t<div class=\"elementor-element elementor-element-2dfa033 elementor-widget__width-initial elementor-widget elementor-widget-heading\" data-id=\"2dfa033\" data-element_type=\"widget\" data-e-type=\"widget\" data-widget_type=\"heading.default\">\n\t\t\t\t<div class=\"elementor-widget-container\">\n\t\t\t\t\t<h5 class=\"elementor-heading-title elementor-size-default\">M\u00f3nica Cifuentes Gonzalez<\/h5>\t\t\t\t<\/div>\n\t\t\t\t<\/div>\n\t\t\t\t<div class=\"elementor-element elementor-element-5a63886 elementor-widget elementor-widget-heading\" data-id=\"5a63886\" data-element_type=\"widget\" data-e-type=\"widget\" data-widget_type=\"heading.default\">\n\t\t\t\t<div class=\"elementor-widget-container\">\n\t\t\t\t\t<div class=\"elementor-heading-title elementor-size-default\">Profesora Jefe III\u00b0 Medio B<\/div>\t\t\t\t<\/div>\n\t\t\t\t<\/div>\n\t\t\t\t<div class=\"elementor-element elementor-element-84353bc elementor-widget elementor-widget-heading\" data-id=\"84353bc\" data-element_type=\"widget\" data-e-type=\"widget\" data-widget_type=\"heading.default\">\n\t\t\t\t<div class=\"elementor-widget-container\">\n\t\t\t\t\t<div class=\"elementor-heading-title elementor-size-default\">mcifuentes@csmlc.cl<\/div>\t\t\t\t<\/div>\n\t\t\t\t<\/div>\n\t\t\t\t<\/div>\n\t\t\t\t<div class=\"elementor-element elementor-element-67b1ee0 e-con e-atomic-element e-div-block-base e-67b1ee0-09b7004\" data-id=\"67b1ee0\" data-element_type=\"e-div-block\" data-e-type=\"e-div-block\" data-interaction-id=\"67b1ee0\">\n\t\t\t\t\t\t\t\n\t\t<img class=\"e-image-base e-a3ff227-c1a1b18\" \n\t\t\t\t\tdata-interaction-id=\"a3ff227\" \n\t\t \n\t\t data-e-type=\"widget\" data-id=\"a3ff227\"\n\t\t\t\t\t\t\t\t\tid=\"2650\"\n\t\t\t\t\t\t\t\t\t\t\t\tsrc=\"https:\/\/csmlc.cl\/wp-content\/uploads\/2026\/04\/Valentina-Vargasprofe-stem.jpg\"\n\t\t\t\t\t\t\t\t\t\t\t\twidth=\"400\"\n\t\t\t\t\t\t\t\t\t\t\t\theight=\"600\"\n\t\t\t\t\t\t\t\t\t\t\t\tsrcset=\"https:\/\/csmlc.cl\/wp-content\/uploads\/2026\/04\/Valentina-Vargasprofe-stem.jpg 1260w, https:\/\/csmlc.cl\/wp-content\/uploads\/2026\/04\/Valentina-Vargasprofe-stem-200x300.jpg 200w, https:\/\/csmlc.cl\/wp-content\/uploads\/2026\/04\/Valentina-Vargasprofe-stem-683x1024.jpg 683w, https:\/\/csmlc.cl\/wp-content\/uploads\/2026\/04\/Valentina-Vargasprofe-stem-768x1152.jpg 768w, https:\/\/csmlc.cl\/wp-content\/uploads\/2026\/04\/Valentina-Vargasprofe-stem-1024x1536.jpg 1024w, https:\/\/csmlc.cl\/wp-content\/uploads\/2026\/04\/Valentina-Vargasprofe-stem-8x12.jpg 8w\"\n\t\t\t\t\t\t\t\t\t\t\t\talt=\"\"\n\t\t\t\t\t\t\/>\n\t\t\t\t\t<div class=\"elementor-element elementor-element-4f4dee9 elementor-widget__width-initial elementor-widget elementor-widget-heading\" data-id=\"4f4dee9\" data-element_type=\"widget\" data-e-type=\"widget\" data-widget_type=\"heading.default\">\n\t\t\t\t<div class=\"elementor-widget-container\">\n\t\t\t\t\t<h5 class=\"elementor-heading-title elementor-size-default\">Valentina Vargas <br>Banda<\/h5>\t\t\t\t<\/div>\n\t\t\t\t<\/div>\n\t\t\t\t<div class=\"elementor-element elementor-element-6de5f8a elementor-widget elementor-widget-heading\" data-id=\"6de5f8a\" data-element_type=\"widget\" data-e-type=\"widget\" data-widget_type=\"heading.default\">\n\t\t\t\t<div class=\"elementor-widget-container\">\n\t\t\t\t\t<div class=\"elementor-heading-title elementor-size-default\">Profesora de STEM<\/div>\t\t\t\t<\/div>\n\t\t\t\t<\/div>\n\t\t\t\t<div class=\"elementor-element elementor-element-fa30403 elementor-widget elementor-widget-heading\" data-id=\"fa30403\" data-element_type=\"widget\" data-e-type=\"widget\" data-widget_type=\"heading.default\">\n\t\t\t\t<div class=\"elementor-widget-container\">\n\t\t\t\t\t<div class=\"elementor-heading-title elementor-size-default\">vvargas@csmlc.cl<\/div>\t\t\t\t<\/div>\n\t\t\t\t<\/div>\n\t\t\t\t<\/div>\n\t\t\t\t<div class=\"elementor-element elementor-element-0f24354 e-con e-atomic-element e-div-block-base e-0f24354-da2b0bb\" data-id=\"0f24354\" data-element_type=\"e-div-block\" data-e-type=\"e-div-block\" data-interaction-id=\"0f24354\">\n\t\t\t\t\t\t\t\n\t\t<img class=\"e-image-base e-937b2a5-9647245\" \n\t\t\t\t\tdata-interaction-id=\"937b2a5\" \n\t\t \n\t\t data-e-type=\"widget\" data-id=\"937b2a5\"\n\t\t\t\t\t\t\t\t\tid=\"2389\"\n\t\t\t\t\t\t\t\t\t\t\t\tsrc=\"https:\/\/csmlc.cl\/wp-content\/uploads\/2026\/03\/Constanza-Bahamondes.jpg\"\n\t\t\t\t\t\t\t\t\t\t\t\twidth=\"400\"\n\t\t\t\t\t\t\t\t\t\t\t\theight=\"600\"\n\t\t\t\t\t\t\t\t\t\t\t\tsrcset=\"https:\/\/csmlc.cl\/wp-content\/uploads\/2026\/03\/Constanza-Bahamondes.jpg 1260w, https:\/\/csmlc.cl\/wp-content\/uploads\/2026\/03\/Constanza-Bahamondes-200x300.jpg 200w, https:\/\/csmlc.cl\/wp-content\/uploads\/2026\/03\/Constanza-Bahamondes-683x1024.jpg 683w, https:\/\/csmlc.cl\/wp-content\/uploads\/2026\/03\/Constanza-Bahamondes-768x1152.jpg 768w, https:\/\/csmlc.cl\/wp-content\/uploads\/2026\/03\/Constanza-Bahamondes-1024x1536.jpg 1024w, https:\/\/csmlc.cl\/wp-content\/uploads\/2026\/03\/Constanza-Bahamondes-8x12.jpg 8w\"\n\t\t\t\t\t\t\t\t\t\t\t\talt=\"\"\n\t\t\t\t\t\t\/>\n\t\t\t\t\t<div class=\"elementor-element elementor-element-edb08ee elementor-widget__width-initial elementor-widget elementor-widget-heading\" data-id=\"edb08ee\" data-element_type=\"widget\" data-e-type=\"widget\" data-widget_type=\"heading.default\">\n\t\t\t\t<div class=\"elementor-widget-container\">\n\t\t\t\t\t<h5 class=\"elementor-heading-title elementor-size-default\">Constanza Bahamondes C\u00e1rcamo<\/h5>\t\t\t\t<\/div>\n\t\t\t\t<\/div>\n\t\t\t\t<div class=\"elementor-element elementor-element-8e57416 elementor-widget elementor-widget-heading\" data-id=\"8e57416\" data-element_type=\"widget\" data-e-type=\"widget\" data-widget_type=\"heading.default\">\n\t\t\t\t<div class=\"elementor-widget-container\">\n\t\t\t\t\t<div class=\"elementor-heading-title elementor-size-default\">Profesora Jefe 8\u00b0 B\u00e1sico A<\/div>\t\t\t\t<\/div>\n\t\t\t\t<\/div>\n\t\t\t\t<div class=\"elementor-element elementor-element-1a4c8af elementor-widget elementor-widget-heading\" data-id=\"1a4c8af\" data-element_type=\"widget\" data-e-type=\"widget\" data-widget_type=\"heading.default\">\n\t\t\t\t<div class=\"elementor-widget-container\">\n\t\t\t\t\t<div class=\"elementor-heading-title elementor-size-default\">cbahamonde@csmlc.cl<\/div>\t\t\t\t<\/div>\n\t\t\t\t<\/div>\n\t\t\t\t<\/div>\n\t\t\t\t\t<\/div>\n\t\t\t\t<\/div>\n\t\t\t\t<\/div>","protected":false},"excerpt":{"rendered":"<p>Departamento de Ciencias Nuestro desaf\u00edo permanente es la b\u00fasqueda de nuevas formas de lograr aprendizajes efectivos y potenciar la capacidad de observaci\u00f3n frente a diferentes situaciones cotidianas. Nuestras acciones tienen el prop\u00f3sito de mejorar las capacidades cient\u00edficas en nuestros estudiantes, aplicando en las aulas y laboratorios m\u00e9todos inductivos- deductivos , de problemas y \u00a0activos colectivos. Buscando con lo anterior el desarrollo de la vocaci\u00f3n cient\u00edfica de nuestros estudiantes. Macarena Corona Verges Proferora de Ciencias mcorona@csmlc.cl Macarena Arce Ram\u00edrez Profesora de Ciencias marce@csmlc.cl Giselle Pinto Herrera Profesora jefe II\u00b0 Medio B gpinto@csmlc.cl M\u00f3nica Cifuentes Gonzalez Profesora Jefe III\u00b0 Medio B mcifuentes@csmlc.cl Valentina Vargas Banda Profesora de STEM vvargas@csmlc.cl Constanza Bahamondes C\u00e1rcamo Profesora Jefe 8\u00b0 B\u00e1sico A cbahamonde@csmlc.cl<\/p>","protected":false},"author":2,"featured_media":0,"parent":0,"menu_order":0,"comment_status":"closed","ping_status":"closed","template":"","meta":{"site-sidebar-layout":"no-sidebar","site-content-layout":"","ast-site-content-layout":"full-width-container","site-content-style":"default","site-sidebar-style":"default","ast-global-header-display":"","ast-banner-title-visibility":"","ast-main-header-display":"","ast-hfb-above-header-display":"","ast-hfb-below-header-display":"","ast-hfb-mobile-header-display":"","site-post-title":"disabled","ast-breadcrumbs-content":"","ast-featured-img":"disabled","footer-sml-layout":"","ast-disable-related-posts":"","theme-transparent-header-meta":"","adv-header-id-meta":"","stick-header-meta":"","header-above-stick-meta":"","header-main-stick-meta":"","header-below-stick-meta":"","astra-migrate-meta-layouts":"default","ast-page-background-enabled":"default","ast-page-background-meta":{"desktop":{"background-color":"var(--ast-global-color-4)","background-image":"","background-repeat":"repeat","background-position":"center center","background-size":"auto","background-attachment":"scroll","background-type":"","background-media":"","overlay-type":"","overlay-color":"","overlay-opacity":"","overlay-gradient":""},"tablet":{"background-color":"","background-image":"","background-repeat":"repeat","background-position":"center center","background-size":"auto","background-attachment":"scroll","background-type":"","background-media":"","overlay-type":"","overlay-color":"","overlay-opacity":"","overlay-gradient":""},"mobile":{"background-color":"","background-image":"","background-repeat":"repeat","background-position":"center center","background-size":"auto","background-attachment":"scroll","background-type":"","background-media":"","overlay-type":"","overlay-color":"","overlay-opacity":"","overlay-gradient":""}},"ast-content-background-meta":{"desktop":{"background-color":"var(--ast-global-color-5)","background-image":"","background-repeat":"repeat","background-position":"center center","background-size":"auto","background-attachment":"scroll","background-type":"","background-media":"","overlay-type":"","overlay-color":"","overlay-opacity":"","overlay-gradient":""},"tablet":{"background-color":"var(--ast-global-color-5)","background-image":"","background-repeat":"repeat","background-position":"center center","background-size":"auto","background-attachment":"scroll","background-type":"","background-media":"","overlay-type":"","overlay-color":"","overlay-opacity":"","overlay-gradient":""},"mobile":{"background-color":"var(--ast-global-color-5)","background-image":"","background-repeat":"repeat","background-position":"center center","background-size":"auto","background-attachment":"scroll","background-type":"","background-media":"","overlay-type":"","overlay-color":"","overlay-opacity":"","overlay-gradient":""}},"footnotes":""},"class_list":["post-669","page","type-page","status-publish","hentry"],"_links":{"self":[{"href":"https:\/\/csmlc.cl\/en\/wp-json\/wp\/v2\/pages\/669","targetHints":{"allow":["GET"]}}],"collection":[{"href":"https:\/\/csmlc.cl\/en\/wp-json\/wp\/v2\/pages"}],"about":[{"href":"https:\/\/csmlc.cl\/en\/wp-json\/wp\/v2\/types\/page"}],"author":[{"embeddable":true,"href":"https:\/\/csmlc.cl\/en\/wp-json\/wp\/v2\/users\/2"}],"replies":[{"embeddable":true,"href":"https:\/\/csmlc.cl\/en\/wp-json\/wp\/v2\/comments?post=669"}],"version-history":[{"count":0,"href":"https:\/\/csmlc.cl\/en\/wp-json\/wp\/v2\/pages\/669\/revisions"}],"wp:attachment":[{"href":"https:\/\/csmlc.cl\/en\/wp-json\/wp\/v2\/media?parent=669"}],"curies":[{"name":"wp","href":"https:\/\/api.w.org\/{rel}","templated":true}]}}