{"id":661,"date":"2024-12-16T23:18:11","date_gmt":"2024-12-16T23:18:11","guid":{"rendered":"https:\/\/csmlc.cl\/?page_id=661"},"modified":"2026-04-17T20:06:26","modified_gmt":"2026-04-18T00:06:26","slug":"departamento-de-formacion","status":"publish","type":"page","link":"https:\/\/csmlc.cl\/en\/departamento-de-formacion\/","title":{"rendered":"Formative Department"},"content":{"rendered":"<div data-elementor-type=\"wp-page\" data-elementor-id=\"661\" class=\"elementor elementor-661\" data-elementor-post-type=\"page\">\n\t\t\t\t<div class=\"elementor-element elementor-element-0b74570 e-con-full e-flex wpr-particle-no wpr-jarallax-no wpr-parallax-no wpr-sticky-section-no wpr-equal-height-no e-con e-parent\" data-id=\"0b74570\" data-element_type=\"container\" data-e-type=\"container\" data-settings=\"{&quot;background_background&quot;:&quot;classic&quot;}\">\n\t\t\t\t<div class=\"elementor-element elementor-element-d0fcbf1 elementor-widget elementor-widget-heading\" data-id=\"d0fcbf1\" data-element_type=\"widget\" data-e-type=\"widget\" data-widget_type=\"heading.default\">\n\t\t\t\t<div class=\"elementor-widget-container\">\n\t\t\t\t\t<h1 class=\"elementor-heading-title elementor-size-default\">DEPARTAMENTO DE FORMACI\u00d3N<\/h1>\t\t\t\t<\/div>\n\t\t\t\t<\/div>\n\t\t\t\t<\/div>\n\t\t<div class=\"elementor-element elementor-element-88c63c3 e-flex e-con-boxed wpr-particle-no wpr-jarallax-no wpr-parallax-no wpr-sticky-section-no wpr-equal-height-no e-con e-parent\" data-id=\"88c63c3\" data-element_type=\"container\" data-e-type=\"container\">\n\t\t\t\t\t<div class=\"e-con-inner\">\n\t\t\t\t<div class=\"elementor-element elementor-element-2883fea elementor-widget elementor-widget-spacer\" data-id=\"2883fea\" data-element_type=\"widget\" data-e-type=\"widget\" data-widget_type=\"spacer.default\">\n\t\t\t\t<div class=\"elementor-widget-container\">\n\t\t\t\t\t\t\t<div class=\"elementor-spacer\">\n\t\t\t<div class=\"elementor-spacer-inner\"><\/div>\n\t\t<\/div>\n\t\t\t\t\t\t<\/div>\n\t\t\t\t<\/div>\n\t\t\t\t\t<\/div>\n\t\t\t\t<\/div>\n\t\t<div class=\"elementor-element elementor-element-9026350 e-flex e-con-boxed wpr-particle-no wpr-jarallax-no wpr-parallax-no wpr-sticky-section-no wpr-equal-height-no e-con e-parent\" data-id=\"9026350\" data-element_type=\"container\" data-e-type=\"container\">\n\t\t\t\t\t<div class=\"e-con-inner\">\n\t\t\t\t<div class=\"elementor-element elementor-element-6c5892c elementor-widget elementor-widget-text-editor\" data-id=\"6c5892c\" data-element_type=\"widget\" data-e-type=\"widget\" data-widget_type=\"text-editor.default\">\n\t\t\t\t<div class=\"elementor-widget-container\">\n\t\t\t\t\t\t\t\t\t<p>The Training Department is an area of the College, which contributes from three disciplines; psychopedagogy, psychology and guidance, which support the formative work of our children and young people.<\/p><p>Psychopedagogy works on the accompaniment of students who have a special educational need, ensuring that the pedagogical processes are carried out according to the differentiated rhythms that each student presents. Likewise, work is coordinated with specialists outside the school, who carry out specific treatments.<\/p><p>The area of psychology accompanies the socio-affective processes of our students, a context that sometimes requires specific interventions both for dynamics of school coexistence and for emotional needs linked to individual mental health processes that may arise during the year.<\/p><p>In orientation, different training and preventive instances are promoted for all the students of the school through our Comprehensive Training and Citizenship Training Programs, in addition to the various training meetings that our students experience. The above are implemented by the head teachers and professor of\u00a0<em>Values<\/em>in the company of both the rest of the department and the professionals of Academic Coordination and the Department of School Coexistence, from a collaborative and interdisciplinary work. Values, en compa\u00f1\u00eda tanto del resto del departamento como de los profesionales de Coordinaci\u00f3n Acad\u00e9mica y del Departamento de Convivencia Escolar, desde un trabajo colaborativo e interdisciplinario.<\/p>\t\t\t\t\t\t\t\t<\/div>\n\t\t\t\t<\/div>\n\t\t<div class=\"elementor-element elementor-element-5aa1f45 e-con-full e-grid wpr-particle-no wpr-jarallax-no wpr-parallax-no wpr-sticky-section-no wpr-equal-height-no e-con e-child\" data-id=\"5aa1f45\" data-element_type=\"container\" data-e-type=\"container\">\n\t\t\t\t<div class=\"elementor-element elementor-element-c430598 e-con e-atomic-element e-div-block-base e-2bd058f-57bb6f9\" data-id=\"c430598\" data-element_type=\"e-div-block\" data-e-type=\"e-div-block\" data-interaction-id=\"c430598\">\n\t\t\t\t\t\t\t\n\t\t<img class=\"e-image-base e-923585c-32de087\" \n\t\t\t\t\tdata-interaction-id=\"c95ba30\" \n\t\t \n\t\t data-e-type=\"widget\" data-id=\"c95ba30\"\n\t\t\t\t\t\t\t\t\tid=\"2759\"\n\t\t\t\t\t\t\t\t\t\t\t\tsrc=\"https:\/\/csmlc.cl\/wp-content\/uploads\/2026\/04\/Felipe-Pizarro-1.jpg\"\n\t\t\t\t\t\t\t\t\t\t\t\twidth=\"400\"\n\t\t\t\t\t\t\t\t\t\t\t\theight=\"600\"\n\t\t\t\t\t\t\t\t\t\t\t\tsrcset=\"https:\/\/csmlc.cl\/wp-content\/uploads\/2026\/04\/Felipe-Pizarro-1.jpg 1260w, https:\/\/csmlc.cl\/wp-content\/uploads\/2026\/04\/Felipe-Pizarro-1-200x300.jpg 200w, https:\/\/csmlc.cl\/wp-content\/uploads\/2026\/04\/Felipe-Pizarro-1-683x1024.jpg 683w, https:\/\/csmlc.cl\/wp-content\/uploads\/2026\/04\/Felipe-Pizarro-1-768x1152.jpg 768w, https:\/\/csmlc.cl\/wp-content\/uploads\/2026\/04\/Felipe-Pizarro-1-1024x1536.jpg 1024w, https:\/\/csmlc.cl\/wp-content\/uploads\/2026\/04\/Felipe-Pizarro-1-8x12.jpg 8w\"\n\t\t\t\t\t\t\t\t\t\t\t\talt=\"\"\n\t\t\t\t\t\t\/>\n\t\t\t\t\t<div class=\"elementor-element elementor-element-bfd4195 elementor-widget__width-initial elementor-widget elementor-widget-heading\" data-id=\"bfd4195\" data-element_type=\"widget\" data-e-type=\"widget\" data-widget_type=\"heading.default\">\n\t\t\t\t<div class=\"elementor-widget-container\">\n\t\t\t\t\t<h5 class=\"elementor-heading-title elementor-size-default\">Felipe Pizarro Rojas<\/h5>\t\t\t\t<\/div>\n\t\t\t\t<\/div>\n\t\t\t\t<div class=\"elementor-element elementor-element-9fcc3aa elementor-widget elementor-widget-heading\" data-id=\"9fcc3aa\" data-element_type=\"widget\" data-e-type=\"widget\" data-widget_type=\"heading.default\">\n\t\t\t\t<div class=\"elementor-widget-container\">\n\t\t\t\t\t<div class=\"elementor-heading-title elementor-size-default\">Head of Formative Area<\/div>\t\t\t\t<\/div>\n\t\t\t\t<\/div>\n\t\t\t\t<div class=\"elementor-element elementor-element-b1f0ffd elementor-widget elementor-widget-heading\" data-id=\"b1f0ffd\" data-element_type=\"widget\" data-e-type=\"widget\" data-widget_type=\"heading.default\">\n\t\t\t\t<div class=\"elementor-widget-container\">\n\t\t\t\t\t<div class=\"elementor-heading-title elementor-size-default\">fpizarro@csmlc.cl<\/div>\t\t\t\t<\/div>\n\t\t\t\t<\/div>\n\t\t\t\t<\/div>\n\t\t\t\t<div class=\"elementor-element elementor-element-51730a9 e-con e-atomic-element e-div-block-base e-51730a9-6d9472a\" data-id=\"51730a9\" data-element_type=\"e-div-block\" data-e-type=\"e-div-block\" data-interaction-id=\"51730a9\">\n\t\t\t\t\t\t\t\n\t\t<img class=\"e-image-base e-8bd8e3c-a297659\" \n\t\t\t\t\tdata-interaction-id=\"576fc27\" \n\t\t \n\t\t data-e-type=\"widget\" data-id=\"576fc27\"\n\t\t\t\t\t\t\t\t\tid=\"19\"\n\t\t\t\t\t\t\t\t\t\t\t\tsrc=\"https:\/\/csmlc.cl\/wp-content\/uploads\/2024\/12\/favicon-colegio-santa-maria-de-lo-canas-e1733776546607.png\"\n\t\t\t\t\t\t\t\t\t\t\t\twidth=\"284\"\n\t\t\t\t\t\t\t\t\t\t\t\theight=\"292\"\n\t\t\t\t\t\t\t\t\t\t\t\tsrcset=\"\"\n\t\t\t\t\t\t\t\t\t\t\t\talt=\"\"\n\t\t\t\t\t\t\/>\n\t\t\t\t\t<div class=\"elementor-element elementor-element-740a699 elementor-widget__width-initial elementor-widget elementor-widget-heading\" data-id=\"740a699\" data-element_type=\"widget\" data-e-type=\"widget\" data-widget_type=\"heading.default\">\n\t\t\t\t<div class=\"elementor-widget-container\">\n\t\t\t\t\t<h5 class=\"elementor-heading-title elementor-size-default\">Carolina Arevena Rojas<\/h5>\t\t\t\t<\/div>\n\t\t\t\t<\/div>\n\t\t\t\t<div class=\"elementor-element elementor-element-5106859 elementor-widget elementor-widget-heading\" data-id=\"5106859\" data-element_type=\"widget\" data-e-type=\"widget\" data-widget_type=\"heading.default\">\n\t\t\t\t<div class=\"elementor-widget-container\">\n\t\t\t\t\t<div class=\"elementor-heading-title elementor-size-default\">Formative Area<\/div>\t\t\t\t<\/div>\n\t\t\t\t<\/div>\n\t\t\t\t<div class=\"elementor-element elementor-element-b8e2234 elementor-widget elementor-widget-heading\" data-id=\"b8e2234\" data-element_type=\"widget\" data-e-type=\"widget\" data-widget_type=\"heading.default\">\n\t\t\t\t<div class=\"elementor-widget-container\">\n\t\t\t\t\t<div class=\"elementor-heading-title elementor-size-default\">vleiva@csmlc.cl<\/div>\t\t\t\t<\/div>\n\t\t\t\t<\/div>\n\t\t\t\t<\/div>\n\t\t\t\t<div class=\"elementor-element elementor-element-c56743d e-con e-atomic-element e-div-block-base e-2bd058f-57bb6f9\" data-id=\"c56743d\" data-element_type=\"e-div-block\" data-e-type=\"e-div-block\" data-interaction-id=\"c56743d\">\n\t\t\t\t\t\t\t\n\t\t<img class=\"e-image-base e-923585c-32de087\" \n\t\t\t\t\tdata-interaction-id=\"fe3bee9\" \n\t\t \n\t\t data-e-type=\"widget\" data-id=\"fe3bee9\"\n\t\t\t\t\t\t\t\t\tid=\"2761\"\n\t\t\t\t\t\t\t\t\t\t\t\tsrc=\"https:\/\/csmlc.cl\/wp-content\/uploads\/2026\/04\/Natalia-Yelpi.jpg\"\n\t\t\t\t\t\t\t\t\t\t\t\twidth=\"400\"\n\t\t\t\t\t\t\t\t\t\t\t\theight=\"600\"\n\t\t\t\t\t\t\t\t\t\t\t\tsrcset=\"https:\/\/csmlc.cl\/wp-content\/uploads\/2026\/04\/Natalia-Yelpi.jpg 1260w, https:\/\/csmlc.cl\/wp-content\/uploads\/2026\/04\/Natalia-Yelpi-200x300.jpg 200w, https:\/\/csmlc.cl\/wp-content\/uploads\/2026\/04\/Natalia-Yelpi-683x1024.jpg 683w, https:\/\/csmlc.cl\/wp-content\/uploads\/2026\/04\/Natalia-Yelpi-768x1152.jpg 768w, https:\/\/csmlc.cl\/wp-content\/uploads\/2026\/04\/Natalia-Yelpi-1024x1536.jpg 1024w, https:\/\/csmlc.cl\/wp-content\/uploads\/2026\/04\/Natalia-Yelpi-8x12.jpg 8w\"\n\t\t\t\t\t\t\t\t\t\t\t\talt=\"\"\n\t\t\t\t\t\t\/>\n\t\t\t\t\t<div class=\"elementor-element elementor-element-f1716c9 elementor-widget__width-initial elementor-widget elementor-widget-heading\" data-id=\"f1716c9\" data-element_type=\"widget\" data-e-type=\"widget\" data-widget_type=\"heading.default\">\n\t\t\t\t<div class=\"elementor-widget-container\">\n\t\t\t\t\t<h5 class=\"elementor-heading-title elementor-size-default\">Natalia Yelpi Vergara<\/h5>\t\t\t\t<\/div>\n\t\t\t\t<\/div>\n\t\t\t\t<div class=\"elementor-element elementor-element-d63e687 elementor-widget elementor-widget-heading\" data-id=\"d63e687\" data-element_type=\"widget\" data-e-type=\"widget\" data-widget_type=\"heading.default\">\n\t\t\t\t<div class=\"elementor-widget-container\">\n\t\t\t\t\t<div class=\"elementor-heading-title elementor-size-default\">Formative Area<\/div>\t\t\t\t<\/div>\n\t\t\t\t<\/div>\n\t\t\t\t<div class=\"elementor-element elementor-element-5c04993 elementor-widget elementor-widget-heading\" data-id=\"5c04993\" data-element_type=\"widget\" data-e-type=\"widget\" data-widget_type=\"heading.default\">\n\t\t\t\t<div class=\"elementor-widget-container\">\n\t\t\t\t\t<div class=\"elementor-heading-title elementor-size-default\">nyelpi@csmlc.cl<\/div>\t\t\t\t<\/div>\n\t\t\t\t<\/div>\n\t\t\t\t<\/div>\n\t\t\t\t<div class=\"elementor-element elementor-element-c7298ee e-con e-atomic-element e-div-block-base e-c7298ee-1861457\" data-id=\"c7298ee\" data-element_type=\"e-div-block\" data-e-type=\"e-div-block\" data-interaction-id=\"c7298ee\">\n\t\t\t\t<div class=\"elementor-element elementor-element-cb2ddb7 e-con e-atomic-element e-div-block-base e-cb2ddb7-c45e947\" data-id=\"cb2ddb7\" data-element_type=\"e-div-block\" data-e-type=\"e-div-block\" data-interaction-id=\"cb2ddb7\">\n\t\t\t\t\t\t\t\n\t\t<img class=\"e-image-base e-8bd8e3c-a297659\" \n\t\t\t\t\tdata-interaction-id=\"8bd8e3c\" \n\t\t \n\t\t data-e-type=\"widget\" data-id=\"8bd8e3c\"\n\t\t\t\t\t\t\t\t\tid=\"2762\"\n\t\t\t\t\t\t\t\t\t\t\t\tsrc=\"https:\/\/csmlc.cl\/wp-content\/uploads\/2026\/04\/Carla-Saez.jpg\"\n\t\t\t\t\t\t\t\t\t\t\t\twidth=\"343\"\n\t\t\t\t\t\t\t\t\t\t\t\theight=\"600\"\n\t\t\t\t\t\t\t\t\t\t\t\tsrcset=\"https:\/\/csmlc.cl\/wp-content\/uploads\/2026\/04\/Carla-Saez.jpg 1260w, https:\/\/csmlc.cl\/wp-content\/uploads\/2026\/04\/Carla-Saez-171x300.jpg 171w, https:\/\/csmlc.cl\/wp-content\/uploads\/2026\/04\/Carla-Saez-585x1024.jpg 585w, https:\/\/csmlc.cl\/wp-content\/uploads\/2026\/04\/Carla-Saez-768x1345.jpg 768w, https:\/\/csmlc.cl\/wp-content\/uploads\/2026\/04\/Carla-Saez-877x1536.jpg 877w, https:\/\/csmlc.cl\/wp-content\/uploads\/2026\/04\/Carla-Saez-1169x2048.jpg 1169w, https:\/\/csmlc.cl\/wp-content\/uploads\/2026\/04\/Carla-Saez-7x12.jpg 7w\"\n\t\t\t\t\t\t\t\t\t\t\t\talt=\"\"\n\t\t\t\t\t\t\/>\n\t\t\t\t\t<div class=\"elementor-element elementor-element-cdd63e2 elementor-widget__width-initial elementor-widget elementor-widget-heading\" data-id=\"cdd63e2\" data-element_type=\"widget\" data-e-type=\"widget\" data-widget_type=\"heading.default\">\n\t\t\t\t<div class=\"elementor-widget-container\">\n\t\t\t\t\t<h5 class=\"elementor-heading-title elementor-size-default\">Carla Saez Gonz\u00e1lez<\/h5>\t\t\t\t<\/div>\n\t\t\t\t<\/div>\n\t\t\t\t<div class=\"elementor-element elementor-element-218165b elementor-widget elementor-widget-heading\" data-id=\"218165b\" data-element_type=\"widget\" data-e-type=\"widget\" data-widget_type=\"heading.default\">\n\t\t\t\t<div class=\"elementor-widget-container\">\n\t\t\t\t\t<div class=\"elementor-heading-title elementor-size-default\">Formative Area<\/div>\t\t\t\t<\/div>\n\t\t\t\t<\/div>\n\t\t\t\t<div class=\"elementor-element elementor-element-191d2bc elementor-widget elementor-widget-heading\" data-id=\"191d2bc\" data-element_type=\"widget\" data-e-type=\"widget\" data-widget_type=\"heading.default\">\n\t\t\t\t<div class=\"elementor-widget-container\">\n\t\t\t\t\t<div class=\"elementor-heading-title elementor-size-default\">csaez@csmlc.cl<\/div>\t\t\t\t<\/div>\n\t\t\t\t<\/div>\n\t\t\t\t<\/div>\n\t\t\t\t<\/div>\n\t\t\t\t<div class=\"elementor-element elementor-element-7b6fa06 e-con e-atomic-element e-div-block-base e-c7298ee-1861457\" data-id=\"7b6fa06\" data-element_type=\"e-div-block\" data-e-type=\"e-div-block\" data-interaction-id=\"7b6fa06\">\n\t\t\t\t<div class=\"elementor-element elementor-element-f83410a e-con e-atomic-element e-div-block-base e-cb2ddb7-c45e947\" data-id=\"f83410a\" data-element_type=\"e-div-block\" data-e-type=\"e-div-block\" data-interaction-id=\"f83410a\">\n\t\t\t\t\t\t\t\n\t\t<img class=\"e-image-base e-8bd8e3c-a297659\" \n\t\t\t\t\tdata-interaction-id=\"2f4d105\" \n\t\t \n\t\t data-e-type=\"widget\" data-id=\"2f4d105\"\n\t\t\t\t\t\t\t\t\tid=\"19\"\n\t\t\t\t\t\t\t\t\t\t\t\tsrc=\"https:\/\/csmlc.cl\/wp-content\/uploads\/2024\/12\/favicon-colegio-santa-maria-de-lo-canas-e1733776546607.png\"\n\t\t\t\t\t\t\t\t\t\t\t\twidth=\"284\"\n\t\t\t\t\t\t\t\t\t\t\t\theight=\"292\"\n\t\t\t\t\t\t\t\t\t\t\t\tsrcset=\"\"\n\t\t\t\t\t\t\t\t\t\t\t\talt=\"\"\n\t\t\t\t\t\t\/>\n\t\t\t\t\t<div class=\"elementor-element elementor-element-fbc01f7 elementor-widget__width-initial elementor-widget elementor-widget-heading\" data-id=\"fbc01f7\" data-element_type=\"widget\" data-e-type=\"widget\" data-widget_type=\"heading.default\">\n\t\t\t\t<div class=\"elementor-widget-container\">\n\t\t\t\t\t<h5 class=\"elementor-heading-title elementor-size-default\">Tania V\u00e1squez Hernadez <\/h5>\t\t\t\t<\/div>\n\t\t\t\t<\/div>\n\t\t\t\t<div class=\"elementor-element elementor-element-d7435bd elementor-widget elementor-widget-heading\" data-id=\"d7435bd\" data-element_type=\"widget\" data-e-type=\"widget\" data-widget_type=\"heading.default\">\n\t\t\t\t<div class=\"elementor-widget-container\">\n\t\t\t\t\t<div class=\"elementor-heading-title elementor-size-default\">Formative Area<\/div>\t\t\t\t<\/div>\n\t\t\t\t<\/div>\n\t\t\t\t<div class=\"elementor-element elementor-element-2ac41ad elementor-widget elementor-widget-heading\" data-id=\"2ac41ad\" data-element_type=\"widget\" data-e-type=\"widget\" data-widget_type=\"heading.default\">\n\t\t\t\t<div class=\"elementor-widget-container\">\n\t\t\t\t\t<div class=\"elementor-heading-title elementor-size-default\">tvasquez@csmlc.cl<\/div>\t\t\t\t<\/div>\n\t\t\t\t<\/div>\n\t\t\t\t<\/div>\n\t\t\t\t<\/div>\n\t\t\t\t<div class=\"elementor-element elementor-element-0dcbc38 e-con e-atomic-element e-div-block-base e-cb2ddb7-c45e947\" data-id=\"0dcbc38\" data-element_type=\"e-div-block\" data-e-type=\"e-div-block\" data-interaction-id=\"0dcbc38\">\n\t\t\t\t\t\t\t\n\t\t<img class=\"e-image-base e-8bd8e3c-a297659\" \n\t\t\t\t\tdata-interaction-id=\"0f4bd48\" \n\t\t \n\t\t data-e-type=\"widget\" data-id=\"0f4bd48\"\n\t\t\t\t\t\t\t\t\tid=\"2763\"\n\t\t\t\t\t\t\t\t\t\t\t\tsrc=\"https:\/\/csmlc.cl\/wp-content\/uploads\/2026\/04\/Constanza-Inostroza.jpg\"\n\t\t\t\t\t\t\t\t\t\t\t\twidth=\"400\"\n\t\t\t\t\t\t\t\t\t\t\t\theight=\"600\"\n\t\t\t\t\t\t\t\t\t\t\t\tsrcset=\"https:\/\/csmlc.cl\/wp-content\/uploads\/2026\/04\/Constanza-Inostroza.jpg 1260w, https:\/\/csmlc.cl\/wp-content\/uploads\/2026\/04\/Constanza-Inostroza-200x300.jpg 200w, https:\/\/csmlc.cl\/wp-content\/uploads\/2026\/04\/Constanza-Inostroza-683x1024.jpg 683w, https:\/\/csmlc.cl\/wp-content\/uploads\/2026\/04\/Constanza-Inostroza-768x1152.jpg 768w, https:\/\/csmlc.cl\/wp-content\/uploads\/2026\/04\/Constanza-Inostroza-1024x1536.jpg 1024w, https:\/\/csmlc.cl\/wp-content\/uploads\/2026\/04\/Constanza-Inostroza-8x12.jpg 8w\"\n\t\t\t\t\t\t\t\t\t\t\t\talt=\"\"\n\t\t\t\t\t\t\/>\n\t\t\t\t\t<div class=\"elementor-element elementor-element-0c2b7fe elementor-widget__width-initial elementor-widget elementor-widget-heading\" data-id=\"0c2b7fe\" data-element_type=\"widget\" data-e-type=\"widget\" data-widget_type=\"heading.default\">\n\t\t\t\t<div class=\"elementor-widget-container\">\n\t\t\t\t\t<h5 class=\"elementor-heading-title elementor-size-default\">Constanza Inostroza Cortes <\/h5>\t\t\t\t<\/div>\n\t\t\t\t<\/div>\n\t\t\t\t<div class=\"elementor-element elementor-element-d89b2a3 elementor-widget elementor-widget-heading\" data-id=\"d89b2a3\" data-element_type=\"widget\" data-e-type=\"widget\" data-widget_type=\"heading.default\">\n\t\t\t\t<div class=\"elementor-widget-container\">\n\t\t\t\t\t<div class=\"elementor-heading-title elementor-size-default\">Formative Area<\/div>\t\t\t\t<\/div>\n\t\t\t\t<\/div>\n\t\t\t\t<div class=\"elementor-element elementor-element-ec7a7dc elementor-widget elementor-widget-heading\" data-id=\"ec7a7dc\" data-element_type=\"widget\" data-e-type=\"widget\" data-widget_type=\"heading.default\">\n\t\t\t\t<div class=\"elementor-widget-container\">\n\t\t\t\t\t<div class=\"elementor-heading-title elementor-size-default\">cinostroza@csmlc.cl<\/div>\t\t\t\t<\/div>\n\t\t\t\t<\/div>\n\t\t\t\t<\/div>\n\t\t\t\t<\/div>\n\t\t\t\t\t<\/div>\n\t\t\t\t<\/div>\n\t\t\t\t<\/div>","protected":false},"excerpt":{"rendered":"<p>DEPARTAMENTO DE FORMACI\u00d3N El Departamento de Formaci\u00f3n es un \u00e1rea del Colegio, que contribuye desde tres disciplinas; la psicopedagog\u00eda, psicolog\u00eda y orientaci\u00f3n, las cuales apoyan la labor formadora de nuestros ni\u00f1os y j\u00f3venes. Desde la Psicopedagog\u00eda se trabaja en el acompa\u00f1amiento de estudiantes que presentan alguna necesidad educativa especial, cautelando que los procesos pedag\u00f3gicos se lleven a cabo de acuerdo a los ritmos diferenciados que cada estudiante presenta. Asimismo se trabaja coordinadamente con especialistas externos al colegio, quienes llevan a cabo tratamientos espec\u00edficos. Del \u00e1rea de psicolog\u00eda se acompa\u00f1an los procesos socio afectivos de nuestros estudiantes, contexto que en ocasiones requiere intervenciones espec\u00edficas tanto por din\u00e1micas de convivencia escolar como por necesidades emocionales ligadas a procesos individuales de salud mental que puedan surgir durante el a\u00f1o. En orientaci\u00f3n se promueven distintas instancias formativas y preventivas para todos los estudiantes del colegio a trav\u00e9s de nuestros Programas de Formaci\u00f3n Integral y de Formaci\u00f3n Ciudadana, adem\u00e1s de los diversos Encuentros formativos que viven nuestros estudiantes. Lo anterior son implementados por los profesores jefes y profesora de\u00a0Values, en compa\u00f1\u00eda tanto del resto del departamento como de los profesionales de Coordinaci\u00f3n Acad\u00e9mica y del Departamento de Convivencia Escolar, desde un trabajo colaborativo e interdisciplinario. Felipe Pizarro Rojas Head of Formative Area fpizarro@csmlc.cl Carolina Arevena Rojas Formative Area vleiva@csmlc.cl Natalia Yelpi Vergara Formative Area nyelpi@csmlc.cl Carla Saez Gonz\u00e1lez Formative Area csaez@csmlc.cl Tania V\u00e1squez Hernadez Formative Area tvasquez@csmlc.cl Constanza Inostroza Cortes Formative Area cinostroza@csmlc.cl<\/p>","protected":false},"author":2,"featured_media":0,"parent":0,"menu_order":0,"comment_status":"closed","ping_status":"closed","template":"","meta":{"site-sidebar-layout":"no-sidebar","site-content-layout":"","ast-site-content-layout":"full-width-container","site-content-style":"default","site-sidebar-style":"default","ast-global-header-display":"","ast-banner-title-visibility":"","ast-main-header-display":"","ast-hfb-above-header-display":"","ast-hfb-below-header-display":"","ast-hfb-mobile-header-display":"","site-post-title":"disabled","ast-breadcrumbs-content":"","ast-featured-img":"disabled","footer-sml-layout":"","ast-disable-related-posts":"","theme-transparent-header-meta":"","adv-header-id-meta":"","stick-header-meta":"","header-above-stick-meta":"","header-main-stick-meta":"","header-below-stick-meta":"","astra-migrate-meta-layouts":"default","ast-page-background-enabled":"default","ast-page-background-meta":{"desktop":{"background-color":"var(--ast-global-color-4)","background-image":"","background-repeat":"repeat","background-position":"center center","background-size":"auto","background-attachment":"scroll","background-type":"","background-media":"","overlay-type":"","overlay-color":"","overlay-opacity":"","overlay-gradient":""},"tablet":{"background-color":"","background-image":"","background-repeat":"repeat","background-position":"center center","background-size":"auto","background-attachment":"scroll","background-type":"","background-media":"","overlay-type":"","overlay-color":"","overlay-opacity":"","overlay-gradient":""},"mobile":{"background-color":"","background-image":"","background-repeat":"repeat","background-position":"center center","background-size":"auto","background-attachment":"scroll","background-type":"","background-media":"","overlay-type":"","overlay-color":"","overlay-opacity":"","overlay-gradient":""}},"ast-content-background-meta":{"desktop":{"background-color":"var(--ast-global-color-5)","background-image":"","background-repeat":"repeat","background-position":"center center","background-size":"auto","background-attachment":"scroll","background-type":"","background-media":"","overlay-type":"","overlay-color":"","overlay-opacity":"","overlay-gradient":""},"tablet":{"background-color":"var(--ast-global-color-5)","background-image":"","background-repeat":"repeat","background-position":"center center","background-size":"auto","background-attachment":"scroll","background-type":"","background-media":"","overlay-type":"","overlay-color":"","overlay-opacity":"","overlay-gradient":""},"mobile":{"background-color":"var(--ast-global-color-5)","background-image":"","background-repeat":"repeat","background-position":"center center","background-size":"auto","background-attachment":"scroll","background-type":"","background-media":"","overlay-type":"","overlay-color":"","overlay-opacity":"","overlay-gradient":""}},"footnotes":""},"class_list":["post-661","page","type-page","status-publish","hentry"],"_links":{"self":[{"href":"https:\/\/csmlc.cl\/en\/wp-json\/wp\/v2\/pages\/661","targetHints":{"allow":["GET"]}}],"collection":[{"href":"https:\/\/csmlc.cl\/en\/wp-json\/wp\/v2\/pages"}],"about":[{"href":"https:\/\/csmlc.cl\/en\/wp-json\/wp\/v2\/types\/page"}],"author":[{"embeddable":true,"href":"https:\/\/csmlc.cl\/en\/wp-json\/wp\/v2\/users\/2"}],"replies":[{"embeddable":true,"href":"https:\/\/csmlc.cl\/en\/wp-json\/wp\/v2\/comments?post=661"}],"version-history":[{"count":0,"href":"https:\/\/csmlc.cl\/en\/wp-json\/wp\/v2\/pages\/661\/revisions"}],"wp:attachment":[{"href":"https:\/\/csmlc.cl\/en\/wp-json\/wp\/v2\/media?parent=661"}],"curies":[{"name":"wp","href":"https:\/\/api.w.org\/{rel}","templated":true}]}}