{"id":607,"date":"2024-12-16T22:00:09","date_gmt":"2024-12-16T22:00:09","guid":{"rendered":"https:\/\/csmlc.cl\/?page_id=607"},"modified":"2026-04-17T19:17:13","modified_gmt":"2026-04-17T23:17:13","slug":"departamento-de-humanidades","status":"publish","type":"page","link":"https:\/\/csmlc.cl\/en\/departamento-de-humanidades\/","title":{"rendered":"Humanities Department"},"content":{"rendered":"<div data-elementor-type=\"wp-page\" data-elementor-id=\"607\" class=\"elementor elementor-607\" data-elementor-post-type=\"page\">\n\t\t\t\t<div class=\"elementor-element elementor-element-0b74570 e-con-full e-flex wpr-particle-no wpr-jarallax-no wpr-parallax-no wpr-sticky-section-no wpr-equal-height-no e-con e-parent\" data-id=\"0b74570\" data-element_type=\"container\" data-e-type=\"container\" data-settings=\"{&quot;background_background&quot;:&quot;classic&quot;}\">\n\t\t\t\t<div class=\"elementor-element elementor-element-d234506 elementor-widget elementor-widget-heading\" data-id=\"d234506\" data-element_type=\"widget\" data-e-type=\"widget\" data-widget_type=\"heading.default\">\n\t\t\t\t<div class=\"elementor-widget-container\">\n\t\t\t\t\t<h1 class=\"elementor-heading-title elementor-size-default\">Humanities Department<\/h1>\t\t\t\t<\/div>\n\t\t\t\t<\/div>\n\t\t\t\t<\/div>\n\t\t<div class=\"elementor-element elementor-element-88c63c3 e-flex e-con-boxed wpr-particle-no wpr-jarallax-no wpr-parallax-no wpr-sticky-section-no wpr-equal-height-no e-con e-parent\" data-id=\"88c63c3\" data-element_type=\"container\" data-e-type=\"container\">\n\t\t\t\t\t<div class=\"e-con-inner\">\n\t\t\t\t<div class=\"elementor-element elementor-element-2883fea elementor-widget elementor-widget-spacer\" data-id=\"2883fea\" data-element_type=\"widget\" data-e-type=\"widget\" data-widget_type=\"spacer.default\">\n\t\t\t\t<div class=\"elementor-widget-container\">\n\t\t\t\t\t\t\t<div class=\"elementor-spacer\">\n\t\t\t<div class=\"elementor-spacer-inner\"><\/div>\n\t\t<\/div>\n\t\t\t\t\t\t<\/div>\n\t\t\t\t<\/div>\n\t\t\t\t\t<\/div>\n\t\t\t\t<\/div>\n\t\t<div class=\"elementor-element elementor-element-9026350 e-flex e-con-boxed wpr-particle-no wpr-jarallax-no wpr-parallax-no wpr-sticky-section-no wpr-equal-height-no e-con e-parent\" data-id=\"9026350\" data-element_type=\"container\" data-e-type=\"container\">\n\t\t\t\t\t<div class=\"e-con-inner\">\n\t\t\t\t<div class=\"elementor-element elementor-element-6c5892c elementor-widget elementor-widget-text-editor\" data-id=\"6c5892c\" data-element_type=\"widget\" data-e-type=\"widget\" data-widget_type=\"text-editor.default\">\n\t\t\t\t<div class=\"elementor-widget-container\">\n\t\t\t\t\t\t\t\t\t<p>The Humanities area of the Santa Mar\u00eda de Lo Ca\u00f1as School seeks to develop conceptual, procedural and attitudinal skills in students; through processes of curricular integration of History, Geography, Linguistics, Literature, Philosophy and Psychology; that allow the consolidation of subjects capable of defending and promoting fundamental rights of people in society; that seek to change dominant and discriminatory social structures; that are capable of generating their own proposals around art and culture and that, in short, respond to the needs of the\u00a0<strong>twenty-first century.<\/strong><\/p><p>Our purpose is to build ourselves as a department that helps in the training of students who will position themselves as agents of social change according to the different academic and professional disciplines they choose once they graduate from the school.<\/p>\t\t\t\t\t\t\t\t<\/div>\n\t\t\t\t<\/div>\n\t\t\t\t\t<\/div>\n\t\t\t\t<\/div>\n\t\t<div class=\"elementor-element elementor-element-71a839b e-flex e-con-boxed wpr-particle-no wpr-jarallax-no wpr-parallax-no wpr-sticky-section-no wpr-equal-height-no e-con e-parent\" data-id=\"71a839b\" data-element_type=\"container\" data-e-type=\"container\">\n\t\t\t\t\t<div class=\"e-con-inner\">\n\t\t<div class=\"elementor-element elementor-element-6d9336b e-grid e-con-full wpr-particle-no wpr-jarallax-no wpr-parallax-no wpr-sticky-section-no wpr-equal-height-no e-con e-child\" data-id=\"6d9336b\" data-element_type=\"container\" data-e-type=\"container\">\n\t\t<div class=\"elementor-element elementor-element-78cd1cc e-con-full e-flex wpr-particle-no wpr-jarallax-no wpr-parallax-no wpr-sticky-section-no wpr-equal-height-no e-con e-child\" data-id=\"78cd1cc\" data-element_type=\"container\" data-e-type=\"container\">\n\t\t\t\t<div class=\"elementor-element elementor-element-2da4ae7 elementor-widget elementor-widget-image\" data-id=\"2da4ae7\" data-element_type=\"widget\" data-e-type=\"widget\" data-widget_type=\"image.default\">\n\t\t\t\t<div class=\"elementor-widget-container\">\n\t\t\t\t\t\t\t\t\t\t\t\t\t\t\t<img fetchpriority=\"high\" decoding=\"async\" width=\"1260\" height=\"1890\" src=\"https:\/\/csmlc.cl\/wp-content\/uploads\/2026\/03\/Franco.jpg\" class=\"attachment-full size-full wp-image-2387\" alt=\"\" srcset=\"https:\/\/csmlc.cl\/wp-content\/uploads\/2026\/03\/Franco.jpg 1260w, https:\/\/csmlc.cl\/wp-content\/uploads\/2026\/03\/Franco-200x300.jpg 200w, https:\/\/csmlc.cl\/wp-content\/uploads\/2026\/03\/Franco-683x1024.jpg 683w, https:\/\/csmlc.cl\/wp-content\/uploads\/2026\/03\/Franco-768x1152.jpg 768w, https:\/\/csmlc.cl\/wp-content\/uploads\/2026\/03\/Franco-1024x1536.jpg 1024w, https:\/\/csmlc.cl\/wp-content\/uploads\/2026\/03\/Franco-8x12.jpg 8w\" sizes=\"(max-width: 1260px) 100vw, 1260px\" \/>\t\t\t\t\t\t\t\t\t\t\t\t\t\t\t<\/div>\n\t\t\t\t<\/div>\n\t\t\t\t<div class=\"elementor-element elementor-element-fdec1f5 elementor-widget elementor-widget-heading\" data-id=\"fdec1f5\" data-element_type=\"widget\" data-e-type=\"widget\" data-widget_type=\"heading.default\">\n\t\t\t\t<div class=\"elementor-widget-container\">\n\t\t\t\t\t<h2 class=\"elementor-heading-title elementor-size-default\">Franco Mu\u00f1oz Quiroz\n<\/h2>\t\t\t\t<\/div>\n\t\t\t\t<\/div>\n\t\t\t\t<div class=\"elementor-element elementor-element-37301dc elementor-widget elementor-widget-heading\" data-id=\"37301dc\" data-element_type=\"widget\" data-e-type=\"widget\" data-widget_type=\"heading.default\">\n\t\t\t\t<div class=\"elementor-widget-container\">\n\t\t\t\t\t<h2 class=\"elementor-heading-title elementor-size-default\">Profesor de Lenguaje y Comunicaci\u00f3n<\/h2>\t\t\t\t<\/div>\n\t\t\t\t<\/div>\n\t\t\t\t<div class=\"elementor-element elementor-element-b94998e elementor-widget elementor-widget-text-editor\" data-id=\"b94998e\" data-element_type=\"widget\" data-e-type=\"widget\" data-widget_type=\"text-editor.default\">\n\t\t\t\t<div class=\"elementor-widget-container\">\n\t\t\t\t\t\t\t\t\t<div id=\"col-641233831\" class=\"col medium-3 small-12 large-3\"><div class=\"col-inner\"><div class=\"box has-hover has-hover box-text-bottom\"><div class=\"box-text text-center\"><div class=\"box-text-inner\"><div id=\"col-700163706\" class=\"col medium-4 small-12 large-4\"><div class=\"col-inner\"><div class=\"box has-hover has-hover box-text-bottom\"><div class=\"box-text text-center\"><div class=\"box-text-inner\"><div id=\"col-1503111626\" class=\"col medium-4 small-12 large-4\"><div class=\"col-inner\"><div class=\"box has-hover   has-hover box-text-bottom\"><div class=\"box-text text-center\"><div class=\"box-text-inner\"><p style=\"text-align: center;\">fmunoz@csmlc.cl<\/p><\/div><\/div><\/div><\/div><\/div><div id=\"col-1762835359\" class=\"col medium-4 small-12 large-4\"><div class=\"col-inner\"><div class=\"box has-hover   has-hover box-text-bottom\"><div class=\"box-image\">\u00a0<\/div><\/div><\/div><\/div><\/div><\/div><\/div><\/div><\/div><div id=\"col-1493374114\" class=\"col medium-4 small-12 large-4\"><div class=\"col-inner\"><div class=\"box has-hover has-hover box-text-bottom\"><div class=\"box-image\">\u00a0<\/div><\/div><\/div><\/div><\/div><\/div><\/div><\/div><\/div>\t\t\t\t\t\t\t\t<\/div>\n\t\t\t\t<\/div>\n\t\t\t\t<\/div>\n\t\t<div class=\"elementor-element elementor-element-8785041 e-con-full e-flex wpr-particle-no wpr-jarallax-no wpr-parallax-no wpr-sticky-section-no wpr-equal-height-no e-con e-child\" data-id=\"8785041\" data-element_type=\"container\" data-e-type=\"container\">\n\t\t\t\t<div class=\"elementor-element elementor-element-51c836d elementor-widget elementor-widget-image\" data-id=\"51c836d\" data-element_type=\"widget\" data-e-type=\"widget\" data-widget_type=\"image.default\">\n\t\t\t\t<div class=\"elementor-widget-container\">\n\t\t\t\t\t\t\t\t\t\t\t\t\t\t\t<img decoding=\"async\" width=\"683\" height=\"1024\" src=\"https:\/\/csmlc.cl\/wp-content\/uploads\/2026\/04\/Claudio-Morales-683x1024.jpg\" class=\"attachment-large size-large wp-image-2636\" alt=\"\" srcset=\"https:\/\/csmlc.cl\/wp-content\/uploads\/2026\/04\/Claudio-Morales-683x1024.jpg 683w, https:\/\/csmlc.cl\/wp-content\/uploads\/2026\/04\/Claudio-Morales-200x300.jpg 200w, https:\/\/csmlc.cl\/wp-content\/uploads\/2026\/04\/Claudio-Morales-768x1152.jpg 768w, https:\/\/csmlc.cl\/wp-content\/uploads\/2026\/04\/Claudio-Morales-1024x1536.jpg 1024w, https:\/\/csmlc.cl\/wp-content\/uploads\/2026\/04\/Claudio-Morales-8x12.jpg 8w, https:\/\/csmlc.cl\/wp-content\/uploads\/2026\/04\/Claudio-Morales.jpg 1260w\" sizes=\"(max-width: 683px) 100vw, 683px\" \/>\t\t\t\t\t\t\t\t\t\t\t\t\t\t\t<\/div>\n\t\t\t\t<\/div>\n\t\t\t\t<div class=\"elementor-element elementor-element-030dd3a elementor-widget elementor-widget-heading\" data-id=\"030dd3a\" data-element_type=\"widget\" data-e-type=\"widget\" data-widget_type=\"heading.default\">\n\t\t\t\t<div class=\"elementor-widget-container\">\n\t\t\t\t\t<h2 class=\"elementor-heading-title elementor-size-default\">Claudio Morales Mera<\/h2>\t\t\t\t<\/div>\n\t\t\t\t<\/div>\n\t\t\t\t<div class=\"elementor-element elementor-element-2af10cf elementor-widget elementor-widget-heading\" data-id=\"2af10cf\" data-element_type=\"widget\" data-e-type=\"widget\" data-widget_type=\"heading.default\">\n\t\t\t\t<div class=\"elementor-widget-container\">\n\t\t\t\t\t<h2 class=\"elementor-heading-title elementor-size-default\">Profesor de Lenguaje<\/h2>\t\t\t\t<\/div>\n\t\t\t\t<\/div>\n\t\t\t\t<div class=\"elementor-element elementor-element-ae770b0 elementor-widget elementor-widget-text-editor\" data-id=\"ae770b0\" data-element_type=\"widget\" data-e-type=\"widget\" data-widget_type=\"text-editor.default\">\n\t\t\t\t<div class=\"elementor-widget-container\">\n\t\t\t\t\t\t\t\t\t<div id=\"col-1493374114\" class=\"col medium-4 small-12 large-4\"><div class=\"col-inner\"><div class=\"box has-hover has-hover box-text-bottom\"><div class=\"box-text text-center\"><div class=\"box-text-inner\"><div id=\"col-1762835359\" class=\"col medium-4 small-12 large-4\"><div class=\"col-inner\"><div class=\"box has-hover has-hover box-text-bottom\"><div class=\"box-text text-center\"><div class=\"box-text-inner\"><p style=\"text-align: center;\">cmoralesm@csmlc.cl<\/p><\/div><\/div><\/div><\/div><\/div><\/div><\/div><\/div><\/div><\/div>\t\t\t\t\t\t\t\t<\/div>\n\t\t\t\t<\/div>\n\t\t\t\t<\/div>\n\t\t<div class=\"elementor-element elementor-element-c7dc260 e-con-full e-flex wpr-particle-no wpr-jarallax-no wpr-parallax-no wpr-sticky-section-no wpr-equal-height-no e-con e-child\" data-id=\"c7dc260\" data-element_type=\"container\" data-e-type=\"container\">\n\t\t\t\t<div class=\"elementor-element elementor-element-2bc5f24 elementor-widget elementor-widget-image\" data-id=\"2bc5f24\" data-element_type=\"widget\" data-e-type=\"widget\" data-widget_type=\"image.default\">\n\t\t\t\t<div class=\"elementor-widget-container\">\n\t\t\t\t\t\t\t\t\t\t\t\t\t\t\t<img decoding=\"async\" width=\"683\" height=\"1024\" src=\"https:\/\/csmlc.cl\/wp-content\/uploads\/2026\/04\/Daniela-Berrios-profe-lengua-683x1024.jpg\" class=\"attachment-large size-large wp-image-2612\" alt=\"\" srcset=\"https:\/\/csmlc.cl\/wp-content\/uploads\/2026\/04\/Daniela-Berrios-profe-lengua-683x1024.jpg 683w, https:\/\/csmlc.cl\/wp-content\/uploads\/2026\/04\/Daniela-Berrios-profe-lengua-200x300.jpg 200w, https:\/\/csmlc.cl\/wp-content\/uploads\/2026\/04\/Daniela-Berrios-profe-lengua-768x1152.jpg 768w, https:\/\/csmlc.cl\/wp-content\/uploads\/2026\/04\/Daniela-Berrios-profe-lengua-1024x1536.jpg 1024w, https:\/\/csmlc.cl\/wp-content\/uploads\/2026\/04\/Daniela-Berrios-profe-lengua-8x12.jpg 8w, https:\/\/csmlc.cl\/wp-content\/uploads\/2026\/04\/Daniela-Berrios-profe-lengua.jpg 1260w\" sizes=\"(max-width: 683px) 100vw, 683px\" \/>\t\t\t\t\t\t\t\t\t\t\t\t\t\t\t<\/div>\n\t\t\t\t<\/div>\n\t\t\t\t<div class=\"elementor-element elementor-element-de5bde6 elementor-widget elementor-widget-heading\" data-id=\"de5bde6\" data-element_type=\"widget\" data-e-type=\"widget\" data-widget_type=\"heading.default\">\n\t\t\t\t<div class=\"elementor-widget-container\">\n\t\t\t\t\t<h2 class=\"elementor-heading-title elementor-size-default\">Daniela Berrios Jofr\u00e9\n<\/h2>\t\t\t\t<\/div>\n\t\t\t\t<\/div>\n\t\t\t\t<div class=\"elementor-element elementor-element-9d8a4ad elementor-widget elementor-widget-heading\" data-id=\"9d8a4ad\" data-element_type=\"widget\" data-e-type=\"widget\" data-widget_type=\"heading.default\">\n\t\t\t\t<div class=\"elementor-widget-container\">\n\t\t\t\t\t<h2 class=\"elementor-heading-title elementor-size-default\">Profesora Lengua y Literatura<\/h2>\t\t\t\t<\/div>\n\t\t\t\t<\/div>\n\t\t\t\t<div class=\"elementor-element elementor-element-230f82c elementor-widget elementor-widget-text-editor\" data-id=\"230f82c\" data-element_type=\"widget\" data-e-type=\"widget\" data-widget_type=\"text-editor.default\">\n\t\t\t\t<div class=\"elementor-widget-container\">\n\t\t\t\t\t\t\t\t\t<div id=\"row-1701919523\" class=\"row\"><div id=\"col-1689479247\" class=\"col medium-3 small-12 large-3\"><div class=\"col-inner\"><div class=\"box has-hover has-hover box-text-bottom\"><div class=\"box-text text-center\"><div class=\"box-text-inner\"><div id=\"col-634577056\" class=\"col medium-3 small-12 large-3\"><div class=\"col-inner\"><div class=\"box has-hover has-hover box-text-bottom\"><div class=\"box-text text-center\"><div class=\"box-text-inner\"><div id=\"col-370865992\" class=\"col medium-4 small-12 large-4\"><div class=\"col-inner\"><div class=\"box has-hover has-hover box-text-bottom\"><div class=\"box-text text-center\"><div class=\"box-text-inner\"><div id=\"col-429771369\" class=\"col medium-4 small-12 large-4\"><div class=\"col-inner\"><div class=\"box has-hover   has-hover box-text-bottom\"><div class=\"box-text text-center\"><div class=\"box-text-inner\"><p style=\"text-align: center;\">dberrios@csmlc.cl<\/p><\/div><\/div><\/div><\/div><\/div><div id=\"col-1851070977\" class=\"col medium-4 small-12 large-4\"><div class=\"col-inner\"><div class=\"box has-hover   has-hover box-text-bottom\"><div class=\"box-image\">\u00a0<\/div><\/div><\/div><\/div><\/div><\/div><\/div><\/div><\/div><\/div><\/div><\/div><\/div><\/div><div id=\"col-471706647\" class=\"col medium-3 small-12 large-3\"><div class=\"col-inner\"><div class=\"box has-hover has-hover box-text-bottom\"><div class=\"box-image\">\u00a0<\/div><\/div><\/div><\/div><\/div><\/div><\/div><\/div><\/div><\/div>\t\t\t\t\t\t\t\t<\/div>\n\t\t\t\t<\/div>\n\t\t\t\t<\/div>\n\t\t<div class=\"elementor-element elementor-element-2447814 e-con-full e-flex wpr-particle-no wpr-jarallax-no wpr-parallax-no wpr-sticky-section-no wpr-equal-height-no e-con e-child\" data-id=\"2447814\" data-element_type=\"container\" data-e-type=\"container\">\n\t\t\t\t<div class=\"elementor-element elementor-element-a065535 elementor-widget elementor-widget-image\" data-id=\"a065535\" data-element_type=\"widget\" data-e-type=\"widget\" data-widget_type=\"image.default\">\n\t\t\t\t<div class=\"elementor-widget-container\">\n\t\t\t\t\t\t\t\t\t\t\t\t\t\t\t<img loading=\"lazy\" decoding=\"async\" width=\"683\" height=\"1024\" src=\"https:\/\/csmlc.cl\/wp-content\/uploads\/2026\/04\/Karyn-Pfeiffer-683x1024.jpg\" class=\"attachment-large size-large wp-image-2623\" alt=\"\" srcset=\"https:\/\/csmlc.cl\/wp-content\/uploads\/2026\/04\/Karyn-Pfeiffer-683x1024.jpg 683w, https:\/\/csmlc.cl\/wp-content\/uploads\/2026\/04\/Karyn-Pfeiffer-200x300.jpg 200w, https:\/\/csmlc.cl\/wp-content\/uploads\/2026\/04\/Karyn-Pfeiffer-768x1152.jpg 768w, https:\/\/csmlc.cl\/wp-content\/uploads\/2026\/04\/Karyn-Pfeiffer-1024x1536.jpg 1024w, https:\/\/csmlc.cl\/wp-content\/uploads\/2026\/04\/Karyn-Pfeiffer-8x12.jpg 8w, https:\/\/csmlc.cl\/wp-content\/uploads\/2026\/04\/Karyn-Pfeiffer.jpg 1260w\" sizes=\"(max-width: 683px) 100vw, 683px\" \/>\t\t\t\t\t\t\t\t\t\t\t\t\t\t\t<\/div>\n\t\t\t\t<\/div>\n\t\t\t\t<div class=\"elementor-element elementor-element-7db277f elementor-widget elementor-widget-heading\" data-id=\"7db277f\" data-element_type=\"widget\" data-e-type=\"widget\" data-widget_type=\"heading.default\">\n\t\t\t\t<div class=\"elementor-widget-container\">\n\t\t\t\t\t<h2 class=\"elementor-heading-title elementor-size-default\">Karyn Pfeiffer Lobos<\/h2>\t\t\t\t<\/div>\n\t\t\t\t<\/div>\n\t\t\t\t<div class=\"elementor-element elementor-element-0e1207a elementor-widget elementor-widget-heading\" data-id=\"0e1207a\" data-element_type=\"widget\" data-e-type=\"widget\" data-widget_type=\"heading.default\">\n\t\t\t\t<div class=\"elementor-widget-container\">\n\t\t\t\t\t<h2 class=\"elementor-heading-title elementor-size-default\">Profesora de Lenguaje\n\n\n\n\n\n\n<\/h2>\t\t\t\t<\/div>\n\t\t\t\t<\/div>\n\t\t\t\t<div class=\"elementor-element elementor-element-cc5fbd7 elementor-widget elementor-widget-text-editor\" data-id=\"cc5fbd7\" data-element_type=\"widget\" data-e-type=\"widget\" data-widget_type=\"text-editor.default\">\n\t\t\t\t<div class=\"elementor-widget-container\">\n\t\t\t\t\t\t\t\t\t<p style=\"text-align: center;\">kpfeiffer@csmlc.cl<\/p>\t\t\t\t\t\t\t\t<\/div>\n\t\t\t\t<\/div>\n\t\t\t\t<\/div>\n\t\t\t\t<\/div>\n\t\t\t\t\t<\/div>\n\t\t\t\t<\/div>\n\t\t\t\t<\/div>","protected":false},"excerpt":{"rendered":"<p>Departamento de Humanidades El \u00e1rea de Humanidades del Colegio Santa Mar\u00eda de Lo Ca\u00f1as busca desarrollar en los estudiantes habilidades conceptuales, procedimentales y actitudinales; a trav\u00e9s procesos de integraci\u00f3n curricular de la Historia, la Geograf\u00eda, la Ling\u00fc\u00edstica, la Literatura, la Filosof\u00eda y la Sicolog\u00eda; que permitan la consolidaci\u00f3n de sujetos capaces de defender y promover derechos fundamentales de las personas en la sociedad; que busquen el cambio de las estructuras sociales dominantes y discriminatorias; que sean capaces de generar proposiciones propias en torno al arte y la cultura y que, en definitiva, respondan a las necesidades\u00a0del siglo XXI. Nuestro fin es construirse como un departamento que ayude en la formaci\u00f3n de estudiantes que se posicionar\u00e1n como agentes de cambio social de acuerdo a las distintas disciplinas acad\u00e9micas y profesionales que elijan una vez egresados y egresadas de la escuela. Franco Mu\u00f1oz Quiroz Profesor de Lenguaje y Comunicaci\u00f3n fmunoz@csmlc.cl \u00a0\u00a0 Claudio Morales Mera Profesor de Lenguaje cmoralesm@csmlc.cl Daniela Berrios Jofr\u00e9 Profesora Lengua y Literatura dberrios@csmlc.cl \u00a0\u00a0 Karyn Pfeiffer Lobos Profesora de Lenguaje kpfeiffer@csmlc.cl<\/p>","protected":false},"author":2,"featured_media":0,"parent":0,"menu_order":0,"comment_status":"closed","ping_status":"closed","template":"","meta":{"site-sidebar-layout":"no-sidebar","site-content-layout":"","ast-site-content-layout":"full-width-container","site-content-style":"default","site-sidebar-style":"default","ast-global-header-display":"","ast-banner-title-visibility":"","ast-main-header-display":"","ast-hfb-above-header-display":"","ast-hfb-below-header-display":"","ast-hfb-mobile-header-display":"","site-post-title":"disabled","ast-breadcrumbs-content":"","ast-featured-img":"disabled","footer-sml-layout":"","ast-disable-related-posts":"","theme-transparent-header-meta":"","adv-header-id-meta":"","stick-header-meta":"","header-above-stick-meta":"","header-main-stick-meta":"","header-below-stick-meta":"","astra-migrate-meta-layouts":"default","ast-page-background-enabled":"default","ast-page-background-meta":{"desktop":{"background-color":"var(--ast-global-color-4)","background-image":"","background-repeat":"repeat","background-position":"center center","background-size":"auto","background-attachment":"scroll","background-type":"","background-media":"","overlay-type":"","overlay-color":"","overlay-opacity":"","overlay-gradient":""},"tablet":{"background-color":"","background-image":"","background-repeat":"repeat","background-position":"center center","background-size":"auto","background-attachment":"scroll","background-type":"","background-media":"","overlay-type":"","overlay-color":"","overlay-opacity":"","overlay-gradient":""},"mobile":{"background-color":"","background-image":"","background-repeat":"repeat","background-position":"center center","background-size":"auto","background-attachment":"scroll","background-type":"","background-media":"","overlay-type":"","overlay-color":"","overlay-opacity":"","overlay-gradient":""}},"ast-content-background-meta":{"desktop":{"background-color":"var(--ast-global-color-5)","background-image":"","background-repeat":"repeat","background-position":"center center","background-size":"auto","background-attachment":"scroll","background-type":"","background-media":"","overlay-type":"","overlay-color":"","overlay-opacity":"","overlay-gradient":""},"tablet":{"background-color":"var(--ast-global-color-5)","background-image":"","background-repeat":"repeat","background-position":"center center","background-size":"auto","background-attachment":"scroll","background-type":"","background-media":"","overlay-type":"","overlay-color":"","overlay-opacity":"","overlay-gradient":""},"mobile":{"background-color":"var(--ast-global-color-5)","background-image":"","background-repeat":"repeat","background-position":"center center","background-size":"auto","background-attachment":"scroll","background-type":"","background-media":"","overlay-type":"","overlay-color":"","overlay-opacity":"","overlay-gradient":""}},"footnotes":""},"class_list":["post-607","page","type-page","status-publish","hentry"],"_links":{"self":[{"href":"https:\/\/csmlc.cl\/en\/wp-json\/wp\/v2\/pages\/607","targetHints":{"allow":["GET"]}}],"collection":[{"href":"https:\/\/csmlc.cl\/en\/wp-json\/wp\/v2\/pages"}],"about":[{"href":"https:\/\/csmlc.cl\/en\/wp-json\/wp\/v2\/types\/page"}],"author":[{"embeddable":true,"href":"https:\/\/csmlc.cl\/en\/wp-json\/wp\/v2\/users\/2"}],"replies":[{"embeddable":true,"href":"https:\/\/csmlc.cl\/en\/wp-json\/wp\/v2\/comments?post=607"}],"version-history":[{"count":0,"href":"https:\/\/csmlc.cl\/en\/wp-json\/wp\/v2\/pages\/607\/revisions"}],"wp:attachment":[{"href":"https:\/\/csmlc.cl\/en\/wp-json\/wp\/v2\/media?parent=607"}],"curies":[{"name":"wp","href":"https:\/\/api.w.org\/{rel}","templated":true}]}}