{"id":288,"date":"2024-12-10T20:01:41","date_gmt":"2024-12-10T20:01:41","guid":{"rendered":"https:\/\/csmlc.cl\/?page_id=288"},"modified":"2025-03-18T21:46:34","modified_gmt":"2025-03-18T21:46:34","slug":"colegio-santa-maria-de-lo-canas","status":"publish","type":"page","link":"https:\/\/csmlc.cl\/en\/colegio-santa-maria-de-lo-canas\/","title":{"rendered":"SANTA MAR\u00cdA DE LO CA\u00d1AS SCHOOL"},"content":{"rendered":"<div data-elementor-type=\"wp-page\" data-elementor-id=\"288\" class=\"elementor elementor-288\" data-elementor-post-type=\"page\">\n\t\t\t\t<div class=\"elementor-element elementor-element-238f7e1 e-con-full e-flex wpr-particle-no wpr-jarallax-no wpr-parallax-no wpr-sticky-section-no wpr-equal-height-no e-con e-parent\" data-id=\"238f7e1\" data-element_type=\"container\" data-e-type=\"container\">\n\t\t\t\t<div class=\"elementor-element elementor-element-7e61073 wpr-adv-slider-columns-1 wpr-adv-slider-columns--tablet1 wpr-adv-slider-columns--mobile1 wpr-adv-slides-to-scroll-1 wpr-slider-dots-horizontal elementor-widget elementor-widget-wpr-advanced-slider\" data-id=\"7e61073\" data-element_type=\"widget\" data-e-type=\"widget\" data-settings=\"{&quot;slider_amount&quot;:1,&quot;slider_amount_tablet&quot;:1,&quot;slider_amount_mobile&quot;:1,&quot;slides_to_scroll&quot;:1,&quot;slider_loop&quot;:&quot;yes&quot;,&quot;slider_hide_video_content&quot;:&quot;yes&quot;,&quot;slider_video_btn_size&quot;:&quot;medium&quot;}\" data-widget_type=\"wpr-advanced-slider.default\">\n\t\t\t\t<div class=\"elementor-widget-container\">\n\t\t\t\t\t\n\t\t<!-- Advanced Slider -->\n\t\t<div class=\"wpr-advanced-slider-wrap\">\n\t\t\t\n\t\t\t<div class=\"wpr-advanced-slider\" dir=\"ltr\" data-slick=\"{&quot;rtl&quot;:false,&quot;infinite&quot;:true,&quot;speed&quot;:700,&quot;arrows&quot;:true,&quot;dots&quot;:true,&quot;autoplay&quot;:false,&quot;autoplaySpeed&quot;:1000,&quot;pauseOnHover&quot;:&quot;&quot;,&quot;prevArrow&quot;:&quot;#wpr-slider-prev-7e61073&quot;,&quot;nextArrow&quot;:&quot;#wpr-slider-next-7e61073&quot;,&quot;vertical&quot;:false,&quot;adaptiveHeight&quot;:true}\" data-hide-video-content=\"yes\" data-video-btn-size=\"{&quot;widescreen&quot;:&quot;medium&quot;,&quot;desktop&quot;:&quot;medium&quot;,&quot;laptop&quot;:&quot;medium&quot;,&quot;tablet_extra&quot;:&quot;medium&quot;,&quot;tablet&quot;:&quot;medium&quot;,&quot;mobile_extra&quot;:&quot;medium&quot;,&quot;mobile&quot;:&quot;medium&quot;}\" data-slide-effect=\"slide\">\n\t\t\t\t<div class=\"wpr-slider-item elementor-repeater-item-f8f750b\"><div class=\"wpr-slider-item-bg\" style=\"background-image: url(https:\/\/csmlc.cl\/wp-content\/uploads\/2024\/12\/IMG_20210331_124357-scaled-1.jpg)\"><\/div><div class=\"wpr-slider-item-overlay\"><\/div><div class=\"wpr-cv-container\"><div class=\"wpr-cv-outer\"><div class=\"wpr-cv-inner\"><div class=\"wpr-slider-content\"><div class=\"wpr-slider-title\"><h1>SANTA MAR\u00cdA DE LO CA\u00d1AS SCHOOL<\/h1><\/div><div class=\"wpr-slider-btns\"><\/div><\/div><\/div><\/div><\/div><\/div>\t\t\t<\/div>\n\t\t\t<div class=\"wpr-slider-controls\">\n\t\t\t\t<div class=\"wpr-slider-dots\"><\/div>\n\t\t\t<\/div>\n\n\t\t\t<div class=\"wpr-slider-arrow-container\">\n\t\t\t\t<div class=\"wpr-slider-prev-arrow wpr-slider-arrow\" id=\"wpr-slider-prev-7e61073\">\n\t\t\t\t\t\t\t\t\t<\/div>\n\t\t\t\t<div class=\"wpr-slider-next-arrow wpr-slider-arrow\" id=\"wpr-slider-next-7e61073\">\n\t\t\t\t\t\t\t\t\t<\/div>\n\t\t\t<\/div>\n\t\t\t\n\t\t\t\n\t\t<\/div>\n\t\t\t\t\t\t<\/div>\n\t\t\t\t<\/div>\n\t\t\t\t<\/div>\n\t\t<div class=\"elementor-element elementor-element-06443a2 e-flex e-con-boxed wpr-particle-no wpr-jarallax-no wpr-parallax-no wpr-sticky-section-no wpr-equal-height-no e-con e-parent\" data-id=\"06443a2\" data-element_type=\"container\" data-e-type=\"container\">\n\t\t\t\t\t<div class=\"e-con-inner\">\n\t\t\t\t<div class=\"elementor-element elementor-element-4adc1c1 elementor-widget elementor-widget-spacer\" data-id=\"4adc1c1\" data-element_type=\"widget\" data-e-type=\"widget\" data-widget_type=\"spacer.default\">\n\t\t\t\t<div class=\"elementor-widget-container\">\n\t\t\t\t\t\t\t<div class=\"elementor-spacer\">\n\t\t\t<div class=\"elementor-spacer-inner\"><\/div>\n\t\t<\/div>\n\t\t\t\t\t\t<\/div>\n\t\t\t\t<\/div>\n\t\t\t\t\t<\/div>\n\t\t\t\t<\/div>\n\t\t<div class=\"elementor-element elementor-element-d8db8c3 e-flex e-con-boxed wpr-particle-no wpr-jarallax-no wpr-parallax-no wpr-sticky-section-no wpr-equal-height-no e-con e-parent\" data-id=\"d8db8c3\" data-element_type=\"container\" data-e-type=\"container\">\n\t\t\t\t\t<div class=\"e-con-inner\">\n\t\t\t\t<div class=\"elementor-element elementor-element-ce1039a elementor-widget elementor-widget-heading\" data-id=\"ce1039a\" data-element_type=\"widget\" data-e-type=\"widget\" data-widget_type=\"heading.default\">\n\t\t\t\t<div class=\"elementor-widget-container\">\n\t\t\t\t\t<h2 class=\"elementor-heading-title elementor-size-default\">Attending to the levels of Pre-basic Education, Basic Education and Scientific Humanist Secondary Education <\/h2>\t\t\t\t<\/div>\n\t\t\t\t<\/div>\n\t\t\t\t\t<\/div>\n\t\t\t\t<\/div>\n\t\t<div class=\"elementor-element elementor-element-9dd3a0e e-flex e-con-boxed wpr-particle-no wpr-jarallax-no wpr-parallax-no wpr-sticky-section-no wpr-equal-height-no e-con e-parent\" data-id=\"9dd3a0e\" data-element_type=\"container\" data-e-type=\"container\">\n\t\t\t\t\t<div class=\"e-con-inner\">\n\t\t\t\t<div class=\"elementor-element elementor-element-94be7d2 elementor-widget elementor-widget-text-editor\" data-id=\"94be7d2\" data-element_type=\"widget\" data-e-type=\"widget\" data-widget_type=\"text-editor.default\">\n\t\t\t\t<div class=\"elementor-widget-container\">\n\t\t\t\t\t\t\t\t\t<p>The students of Colegio Santa Mar\u00eda de Lo Ca\u00f1as are inserted in a privileged environment surrounded by nature, achieving a comprehensive education and awareness of the preservation and care of our environment.<\/p><p>At a time when knowledge is constantly renewed, the establishment places its emphasis on the delivery of tools that allow our children and young people to function in today's world, also strengthening the institutional values in each of our students and their families.<\/p>\t\t\t\t\t\t\t\t<\/div>\n\t\t\t\t<\/div>\n\t\t\t\t\t<\/div>\n\t\t\t\t<\/div>\n\t\t\t\t<\/div>","protected":false},"excerpt":{"rendered":"<p>COLEGIO SANTA MAR\u00cdA DE LO CA\u00d1AS Atendiendo a los niveles de Educaci\u00f3n Preb\u00e1sica, Educaci\u00f3n B\u00e1sica y Ense\u00f1anza Media Humanista Cient\u00edfica Los alumnos del Colegio Santa Mar\u00eda de Lo Ca\u00f1as est\u00e1n insertos en un ambiente \u00a0privilegiado rodeados de naturaleza, logrando \u00a0una formaci\u00f3n \u00a0integral y en conciencia \u00a0con la preservaci\u00f3n y cuidado de nuestro medio ambiente. En una \u00e9poca en la que el conocimiento se renueva en forma constante, el establecimiento pone sus \u00e9nfasis en la entrega de herramientas que permitan a nuestros ni\u00f1os, ni\u00f1as y j\u00f3venes, desenvolverse en el mundo de hoy, fortaleciendo adem\u00e1s, los valores institucionales en cada uno de nuestros alumnos y en sus familias.<\/p>","protected":false},"author":2,"featured_media":0,"parent":0,"menu_order":0,"comment_status":"closed","ping_status":"closed","template":"","meta":{"site-sidebar-layout":"no-sidebar","site-content-layout":"","ast-site-content-layout":"full-width-container","site-content-style":"default","site-sidebar-style":"default","ast-global-header-display":"disabled","ast-banner-title-visibility":"","ast-main-header-display":"","ast-hfb-above-header-display":"","ast-hfb-below-header-display":"","ast-hfb-mobile-header-display":"","site-post-title":"disabled","ast-breadcrumbs-content":"","ast-featured-img":"disabled","footer-sml-layout":"","ast-disable-related-posts":"","theme-transparent-header-meta":"","adv-header-id-meta":"","stick-header-meta":"","header-above-stick-meta":"","header-main-stick-meta":"","header-below-stick-meta":"","astra-migrate-meta-layouts":"default","ast-page-background-enabled":"default","ast-page-background-meta":{"desktop":{"background-color":"var(--ast-global-color-4)","background-image":"","background-repeat":"repeat","background-position":"center center","background-size":"auto","background-attachment":"scroll","background-type":"","background-media":"","overlay-type":"","overlay-color":"","overlay-opacity":"","overlay-gradient":""},"tablet":{"background-color":"","background-image":"","background-repeat":"repeat","background-position":"center center","background-size":"auto","background-attachment":"scroll","background-type":"","background-media":"","overlay-type":"","overlay-color":"","overlay-opacity":"","overlay-gradient":""},"mobile":{"background-color":"","background-image":"","background-repeat":"repeat","background-position":"center center","background-size":"auto","background-attachment":"scroll","background-type":"","background-media":"","overlay-type":"","overlay-color":"","overlay-opacity":"","overlay-gradient":""}},"ast-content-background-meta":{"desktop":{"background-color":"var(--ast-global-color-5)","background-image":"","background-repeat":"repeat","background-position":"center center","background-size":"auto","background-attachment":"scroll","background-type":"","background-media":"","overlay-type":"","overlay-color":"","overlay-opacity":"","overlay-gradient":""},"tablet":{"background-color":"var(--ast-global-color-5)","background-image":"","background-repeat":"repeat","background-position":"center center","background-size":"auto","background-attachment":"scroll","background-type":"","background-media":"","overlay-type":"","overlay-color":"","overlay-opacity":"","overlay-gradient":""},"mobile":{"background-color":"var(--ast-global-color-5)","background-image":"","background-repeat":"repeat","background-position":"center center","background-size":"auto","background-attachment":"scroll","background-type":"","background-media":"","overlay-type":"","overlay-color":"","overlay-opacity":"","overlay-gradient":""}},"footnotes":""},"class_list":["post-288","page","type-page","status-publish","hentry"],"_links":{"self":[{"href":"https:\/\/csmlc.cl\/en\/wp-json\/wp\/v2\/pages\/288","targetHints":{"allow":["GET"]}}],"collection":[{"href":"https:\/\/csmlc.cl\/en\/wp-json\/wp\/v2\/pages"}],"about":[{"href":"https:\/\/csmlc.cl\/en\/wp-json\/wp\/v2\/types\/page"}],"author":[{"embeddable":true,"href":"https:\/\/csmlc.cl\/en\/wp-json\/wp\/v2\/users\/2"}],"replies":[{"embeddable":true,"href":"https:\/\/csmlc.cl\/en\/wp-json\/wp\/v2\/comments?post=288"}],"version-history":[{"count":0,"href":"https:\/\/csmlc.cl\/en\/wp-json\/wp\/v2\/pages\/288\/revisions"}],"wp:attachment":[{"href":"https:\/\/csmlc.cl\/en\/wp-json\/wp\/v2\/media?parent=288"}],"curies":[{"name":"wp","href":"https:\/\/api.w.org\/{rel}","templated":true}]}}