{"id":1494,"date":"2025-03-18T21:19:10","date_gmt":"2025-03-18T21:19:10","guid":{"rendered":"https:\/\/csmlc.cl\/?page_id=1494"},"modified":"2026-04-02T07:35:25","modified_gmt":"2026-04-02T11:35:25","slug":"servicio-casino","status":"publish","type":"page","link":"https:\/\/csmlc.cl\/en\/servicio-casino\/","title":{"rendered":"Servicio casino"},"content":{"rendered":"<div data-elementor-type=\"wp-page\" data-elementor-id=\"1494\" class=\"elementor elementor-1494\" data-elementor-post-type=\"page\">\n\t\t\t\t<div class=\"elementor-element elementor-element-c0cde5e e-flex e-con-boxed wpr-particle-no wpr-jarallax-no wpr-parallax-no wpr-sticky-section-no wpr-equal-height-no e-con e-parent\" data-id=\"c0cde5e\" data-element_type=\"container\" data-e-type=\"container\">\n\t\t\t\t\t<div class=\"e-con-inner\">\n\t\t\t\t<div class=\"elementor-element elementor-element-3286b26 elementor-widget elementor-widget-heading\" data-id=\"3286b26\" data-element_type=\"widget\" data-e-type=\"widget\" data-widget_type=\"heading.default\">\n\t\t\t\t<div class=\"elementor-widget-container\">\n\t\t\t\t\t<h2 class=\"elementor-heading-title elementor-size-default\">SERVICIO CASINO<\/h2>\t\t\t\t<\/div>\n\t\t\t\t<\/div>\n\t\t\t\t\t<\/div>\n\t\t\t\t<\/div>\n\t\t<div class=\"elementor-element elementor-element-4c0a1b4 e-flex e-con-boxed wpr-particle-no wpr-jarallax-no wpr-parallax-no wpr-sticky-section-no wpr-equal-height-no e-con e-parent\" data-id=\"4c0a1b4\" data-element_type=\"container\" data-e-type=\"container\">\n\t\t\t\t\t<div class=\"e-con-inner\">\n\t\t\t\t<div class=\"elementor-element elementor-element-1148d7f elementor-widget elementor-widget-image\" data-id=\"1148d7f\" data-element_type=\"widget\" data-e-type=\"widget\" data-widget_type=\"image.default\">\n\t\t\t\t<div class=\"elementor-widget-container\">\n\t\t\t\t\t\t\t\t\t\t\t\t\t\t\t<img fetchpriority=\"high\" decoding=\"async\" width=\"963\" height=\"983\" src=\"https:\/\/csmlc.cl\/wp-content\/uploads\/2025\/03\/ffd5fb_a7e2afcc739847fc9df7d48d8a4bad1fmv2-png.webp\" class=\"attachment-large size-large wp-image-1497\" alt=\"\" srcset=\"https:\/\/csmlc.cl\/wp-content\/uploads\/2025\/03\/ffd5fb_a7e2afcc739847fc9df7d48d8a4bad1fmv2-png.webp 963w, https:\/\/csmlc.cl\/wp-content\/uploads\/2025\/03\/ffd5fb_a7e2afcc739847fc9df7d48d8a4bad1fmv2-png-294x300.webp 294w, https:\/\/csmlc.cl\/wp-content\/uploads\/2025\/03\/ffd5fb_a7e2afcc739847fc9df7d48d8a4bad1fmv2-png-768x784.webp 768w, https:\/\/csmlc.cl\/wp-content\/uploads\/2025\/03\/ffd5fb_a7e2afcc739847fc9df7d48d8a4bad1fmv2-png-12x12.webp 12w\" sizes=\"(max-width: 963px) 100vw, 963px\" \/>\t\t\t\t\t\t\t\t\t\t\t\t\t\t\t<\/div>\n\t\t\t\t<\/div>\n\t\t\t\t\t<\/div>\n\t\t\t\t<\/div>\n\t\t<div class=\"elementor-element elementor-element-4a29a99 e-flex e-con-boxed wpr-particle-no wpr-jarallax-no wpr-parallax-no wpr-sticky-section-no wpr-equal-height-no e-con e-parent\" data-id=\"4a29a99\" data-element_type=\"container\" data-e-type=\"container\">\n\t\t\t\t\t<div class=\"e-con-inner\">\n\t\t<div class=\"elementor-element elementor-element-6a106bd e-con-full e-flex wpr-particle-no wpr-jarallax-no wpr-parallax-no wpr-sticky-section-no wpr-equal-height-no e-con e-child\" data-id=\"6a106bd\" data-element_type=\"container\" data-e-type=\"container\">\n\t\t\t\t<div class=\"elementor-element elementor-element-e909540 elementor-widget elementor-widget-heading\" data-id=\"e909540\" data-element_type=\"widget\" data-e-type=\"widget\" data-widget_type=\"heading.default\">\n\t\t\t\t<div class=\"elementor-widget-container\">\n\t\t\t\t\t<h2 class=\"elementor-heading-title elementor-size-default\">Almuerzos para los estudiantes<\/h2>\t\t\t\t<\/div>\n\t\t\t\t<\/div>\n\t\t<div class=\"elementor-element elementor-element-67b9c00 e-con-full e-flex wpr-particle-no wpr-jarallax-no wpr-parallax-no wpr-sticky-section-no wpr-equal-height-no e-con e-child\" data-id=\"67b9c00\" data-element_type=\"container\" data-e-type=\"container\">\n\t\t\t\t<div class=\"elementor-element elementor-element-5036516 elementor-widget elementor-widget-text-editor\" data-id=\"5036516\" data-element_type=\"widget\" data-e-type=\"widget\" data-widget_type=\"text-editor.default\">\n\t\t\t\t<div class=\"elementor-widget-container\">\n\t\t\t\t\t\t\t\t\t<p class=\"font_8 wixui-rich-text__text\"><span class=\"wixui-rich-text__text\">Nuestros almuerzos incluyen:<\/span><\/p><ul class=\"font_8 wixui-rich-text__text\"><li class=\"wixui-rich-text__text\"><p class=\"font_8 wixui-rich-text__text\"><span class=\"wixui-rich-text__text\">Sopas o cremas del d\u00eda<\/span><\/p><\/li><li class=\"wixui-rich-text__text\"><p class=\"font_8 wixui-rich-text__text\"><span class=\"wixui-rich-text__text\">Plato principal o alternativa hipocal\u00f3rica o vegetariana<\/span><\/p><\/li><li class=\"wixui-rich-text__text\"><p class=\"font_8 wixui-rich-text__text\"><span class=\"wixui-rich-text__text\">Salad bar (variedad de ensaladas porcionadas a elecci\u00f3n)<\/span><\/p><\/li><li class=\"wixui-rich-text__text\"><p class=\"font_8 wixui-rich-text__text\"><span class=\"wixui-rich-text__text\">Buffet de postres (dos postres diarios diferentes o fruta natural)<\/span><\/p><\/li><li class=\"wixui-rich-text__text\"><p class=\"font_8 wixui-rich-text__text\"><span class=\"wixui-rich-text__text\">Refresco light o agua natural}<\/span><\/p><\/li><li class=\"wixui-rich-text__text\"><p class=\"font_8 wixui-rich-text__text\"><span class=\"wixui-rich-text__text\">Pan amasado, ali\u00f1os y aderezos<\/span><\/p><\/li><\/ul>\t\t\t\t\t\t\t\t<\/div>\n\t\t\t\t<\/div>\n\t\t\t\t<\/div>\n\t\t\t\t<\/div>\n\t\t<div class=\"elementor-element elementor-element-7df9fd4 e-con-full e-flex wpr-particle-no wpr-jarallax-no wpr-parallax-no wpr-sticky-section-no wpr-equal-height-no e-con e-child\" data-id=\"7df9fd4\" data-element_type=\"container\" data-e-type=\"container\">\n\t\t<div class=\"elementor-element elementor-element-4ba0de7 e-con-full e-flex wpr-particle-no wpr-jarallax-no wpr-parallax-no wpr-sticky-section-no wpr-equal-height-no e-con e-child\" data-id=\"4ba0de7\" data-element_type=\"container\" data-e-type=\"container\">\n\t\t\t\t<div class=\"elementor-element elementor-element-d7504de elementor-widget elementor-widget-heading\" data-id=\"d7504de\" data-element_type=\"widget\" data-e-type=\"widget\" data-widget_type=\"heading.default\">\n\t\t\t\t<div class=\"elementor-widget-container\">\n\t\t\t\t\t<h2 class=\"elementor-heading-title elementor-size-default\">\u00bfCu\u00e1nto cuestan los almuerzos?<\/h2>\t\t\t\t<\/div>\n\t\t\t\t<\/div>\n\t\t\t\t<div class=\"elementor-element elementor-element-3fd1eef elementor-widget elementor-widget-text-editor\" data-id=\"3fd1eef\" data-element_type=\"widget\" data-e-type=\"widget\" data-widget_type=\"text-editor.default\">\n\t\t\t\t<div class=\"elementor-widget-container\">\n\t\t\t\t\t\t\t\t\t<p class=\"font_8 wixui-rich-text__text\"><span class=\"wixui-rich-text__text\">Cada servicio de almuerzo cuesta $ 5000 pesos<\/span><\/p><p>Valores por mes:<br \/>De pre b\u00e1sica a 3ero b\u00e1sico $4700<br \/>De 4to b\u00e1sico a 4to medio $5000<br \/>Valor por d\u00eda $5000<\/p><p>Promociones a familias con m\u00e1s de 2 ni\u00f1os en el colegio de hasta un 30% de descuento.<\/p>\t\t\t\t\t\t\t\t<\/div>\n\t\t\t\t<\/div>\n\t\t\t\t<div class=\"elementor-element elementor-element-98a610f elementor-widget elementor-widget-heading\" data-id=\"98a610f\" data-element_type=\"widget\" data-e-type=\"widget\" data-widget_type=\"heading.default\">\n\t\t\t\t<div class=\"elementor-widget-container\">\n\t\t\t\t\t<h2 class=\"elementor-heading-title elementor-size-default\">\u00bfC\u00f3mo puedo pagar?<\/h2>\t\t\t\t<\/div>\n\t\t\t\t<\/div>\n\t\t\t\t<div class=\"elementor-element elementor-element-34f6e4d elementor-widget elementor-widget-text-editor\" data-id=\"34f6e4d\" data-element_type=\"widget\" data-e-type=\"widget\" data-widget_type=\"text-editor.default\">\n\t\t\t\t<div class=\"elementor-widget-container\">\n\t\t\t\t\t\t\t\t\t<div id=\"comp-m7ign1br\" class=\"comp-m7ign1br SPY_vo\"><div class=\"\" data-mesh-id=\"comp-m7ign1brinlineContent\" data-testid=\"inline-content\"><div data-mesh-id=\"comp-m7ign1brinlineContent-gridContainer\" data-testid=\"mesh-container-content\"><div id=\"comp-m7cn2tyv\" class=\"HcOXKn c9GqVL QxJLC3 lq2cno YQcXTT comp-m7cn2tyv wixui-rich-text\" data-testid=\"richTextElement\"><p class=\"font_8 wixui-rich-text__text\"><span class=\"wixui-rich-text__text\">Se puede pagar en efectivo, transferencia o Redcompra.<\/span><\/p><p class=\"font_8 wixui-rich-text__text\"><span class=\"wixui-rich-text__text\">Para transferencias, utilice los siguientes datos:<\/span><\/p><ul class=\"font_8 wixui-rich-text__text\"><li class=\"wixui-rich-text__text\"><p class=\"font_8 wixui-rich-text__text\"><span class=\"wixui-rich-text__text\">Nombre:<\/span>\u00a0Gastronom\u00eda y Eventos John Zepeda<\/p><\/li><li class=\"wixui-rich-text__text\"><p class=\"font_8 wixui-rich-text__text\"><span class=\"wixui-rich-text__text\">Cuenta Corriente:<\/span>\u00a06501127-1<\/p><\/li><li class=\"wixui-rich-text__text\"><p class=\"font_8 wixui-rich-text__text\"><span class=\"wixui-rich-text__text\">Banco:<\/span>\u00a0Santander<\/p><\/li><li class=\"wixui-rich-text__text\"><p class=\"font_8 wixui-rich-text__text\"><span class=\"wixui-rich-text__text\">RUT:<\/span>\u00a076133424-7<\/p><\/li><li class=\"wixui-rich-text__text\"><p class=\"font_8 wixui-rich-text__text\"><span class=\"wixui-rich-text__text\">Correo:<\/span>\u00a0<a class=\"wixui-rich-text__text\" href=\"mailto:ventadealmuerzos@johnsfood.cl\" data-auto-recognition=\"true\">ventadealmuerzos@johnsfood.cl<\/a><\/p><\/li><\/ul><p class=\"font_8 wixui-rich-text__text\"><span class=\"wixui-rich-text__text\">Despu\u00e9s de realizar la transferencia, env\u00ede el comprobante al correo indicando el nombre del alumno y curso.<\/span><\/p><\/div><\/div><\/div><\/div>\t\t\t\t\t\t\t\t<\/div>\n\t\t\t\t<\/div>\n\t\t\t\t<div class=\"elementor-element elementor-element-8f16c45 elementor-widget elementor-widget-image\" data-id=\"8f16c45\" data-element_type=\"widget\" data-e-type=\"widget\" data-widget_type=\"image.default\">\n\t\t\t\t<div class=\"elementor-widget-container\">\n\t\t\t\t\t\t\t\t\t\t\t\t\t\t\t\t<a href=\"https:\/\/wa.me\/56950494171\" target=\"_blank\">\n\t\t\t\t\t\t\t<img decoding=\"async\" width=\"1024\" height=\"726\" src=\"https:\/\/csmlc.cl\/wp-content\/uploads\/2025\/03\/BOTON-WHATSAPP-1024x726.png\" class=\"attachment-large size-large wp-image-1498\" alt=\"\" srcset=\"https:\/\/csmlc.cl\/wp-content\/uploads\/2025\/03\/BOTON-WHATSAPP-1024x726.png 1024w, https:\/\/csmlc.cl\/wp-content\/uploads\/2025\/03\/BOTON-WHATSAPP-300x213.png 300w, https:\/\/csmlc.cl\/wp-content\/uploads\/2025\/03\/BOTON-WHATSAPP-768x545.png 768w, https:\/\/csmlc.cl\/wp-content\/uploads\/2025\/03\/BOTON-WHATSAPP-1536x1090.png 1536w, https:\/\/csmlc.cl\/wp-content\/uploads\/2025\/03\/BOTON-WHATSAPP-18x12.png 18w, https:\/\/csmlc.cl\/wp-content\/uploads\/2025\/03\/BOTON-WHATSAPP.png 1748w\" sizes=\"(max-width: 1024px) 100vw, 1024px\" \/>\t\t\t\t\t\t\t\t<\/a>\n\t\t\t\t\t\t\t\t\t\t\t\t\t\t\t<\/div>\n\t\t\t\t<\/div>\n\t\t\t\t<\/div>\n\t\t\t\t<\/div>\n\t\t\t\t\t<\/div>\n\t\t\t\t<\/div>\n\t\t<div class=\"elementor-element elementor-element-5395783 e-flex e-con-boxed wpr-particle-no wpr-jarallax-no wpr-parallax-no wpr-sticky-section-no wpr-equal-height-no e-con e-parent\" data-id=\"5395783\" data-element_type=\"container\" data-e-type=\"container\">\n\t\t\t\t\t<div class=\"e-con-inner\">\n\t\t<div class=\"elementor-element elementor-element-55903f6 e-con-full e-flex wpr-particle-no wpr-jarallax-no wpr-parallax-no wpr-sticky-section-no wpr-equal-height-no e-con e-child\" data-id=\"55903f6\" data-element_type=\"container\" data-e-type=\"container\">\n\t\t\t\t<div class=\"elementor-element elementor-element-95e8135 elementor-widget elementor-widget-heading\" data-id=\"95e8135\" data-element_type=\"widget\" data-e-type=\"widget\" data-widget_type=\"heading.default\">\n\t\t\t\t<div class=\"elementor-widget-container\">\n\t\t\t\t\t<h2 class=\"elementor-heading-title elementor-size-default\">Frequently asked Questions<\/h2>\t\t\t\t<\/div>\n\t\t\t\t<\/div>\n\t\t\t\t<div class=\"elementor-element elementor-element-760eacb elementor-widget elementor-widget-text-editor\" data-id=\"760eacb\" data-element_type=\"widget\" data-e-type=\"widget\" data-widget_type=\"text-editor.default\">\n\t\t\t\t<div class=\"elementor-widget-container\">\n\t\t\t\t\t\t\t\t\t<section id=\"comp-m78d1s314\" class=\"Oqnisf comp-m78d1s314 wixui-section\" tabindex=\"-1\" data-block-level-container=\"ClassicSection\"><div class=\"\" data-mesh-id=\"comp-m78d1s314inlineContent\" data-testid=\"inline-content\"><div data-mesh-id=\"comp-m78d1s314inlineContent-gridContainer\" data-testid=\"mesh-container-content\"><div id=\"comp-m7igev2q\" class=\"HcOXKn c9GqVL QxJLC3 lq2cno YQcXTT comp-m7igev2q wixui-rich-text\" data-testid=\"richTextElement\"><p class=\"font_8 wixui-rich-text__text\" style=\"text-align: center;\"><span class=\"wixui-rich-text__text\">\u00bfC\u00f3mo puedo comprar almuerzos?<\/span><br class=\"wixui-rich-text__text\" \/>Puede hacerlo a trav\u00e9s de los siguientes medios:<\/p><p class=\"font_8 wixui-rich-text__text\" style=\"text-align: center;\">Contact\u00e1ndonos por WhatsApp o correo<\/p><p class=\"font_8 wixui-rich-text__text\" style=\"text-align: center;\">Ingresando a la secci\u00f3n Casino en la p\u00e1gina del colegio<\/p><p class=\"font_8 wixui-rich-text__text\" style=\"text-align: center;\">A trav\u00e9s de nuestra web\u00a0<a class=\"wixui-rich-text__text\" href=\"http:\/\/www.johnsfood.cl\/\" target=\"_blank\" rel=\"noopener\" data-auto-recognition=\"true\">www.johnsfood.cl<\/a><\/p><p class=\"font_8 wixui-rich-text__text\" style=\"text-align: center;\">Siguiendo nuestra cuenta de Instagram<\/p><p class=\"font_8 wixui-rich-text__text\" style=\"text-align: center;\"><span class=\"wixui-rich-text__text\">\u200b<\/span><span class=\"wixui-rich-text__text\">\u00bfQu\u00e9 pasa si mi hijo falta al colegio?<\/span><br class=\"wixui-rich-text__text\" \/>Si su hijo no asistir\u00e1 y desea abonar el almuerzo comprado, debe enviar un mensaje de WhatsApp al n\u00famero indicado o un correo antes de las 8:00 a. m. del mismo d\u00eda. De lo contrario, el almuerzo y el dinero no podr\u00e1n ser recuperados.<\/p><\/div><\/div><\/div><\/section>\t\t\t\t\t\t\t\t<\/div>\n\t\t\t\t<\/div>\n\t\t\t\t<div class=\"elementor-element elementor-element-6d09822 elementor-widget elementor-widget-heading\" data-id=\"6d09822\" data-element_type=\"widget\" data-e-type=\"widget\" data-widget_type=\"heading.default\">\n\t\t\t\t<div class=\"elementor-widget-container\">\n\t\t\t\t\t<h2 class=\"elementor-heading-title elementor-size-default\">Muchas gracias por preferirnos!<\/h2>\t\t\t\t<\/div>\n\t\t\t\t<\/div>\n\t\t\t\t<div class=\"elementor-element elementor-element-dd2e612 elementor-align-center elementor-widget elementor-widget-button\" data-id=\"dd2e612\" data-element_type=\"widget\" data-e-type=\"widget\" data-widget_type=\"button.default\">\n\t\t\t\t<div class=\"elementor-widget-container\">\n\t\t\t\t\t\t\t\t\t<div class=\"elementor-button-wrapper\">\n\t\t\t\t\t<a class=\"elementor-button elementor-button-link elementor-size-sm\" href=\"https:\/\/csmlc.cl\/wp-content\/uploads\/2026\/04\/1cb128_16a50095a29a42c1bfe6b88eadf904a7-1.pdf\">\n\t\t\t\t\t\t<span class=\"elementor-button-content-wrapper\">\n\t\t\t\t\t\t\t\t\t<span class=\"elementor-button-text\">Descargar Minuta Abril 2026<\/span>\n\t\t\t\t\t<\/span>\n\t\t\t\t\t<\/a>\n\t\t\t\t<\/div>\n\t\t\t\t\t\t\t\t<\/div>\n\t\t\t\t<\/div>\n\t\t\t\t<\/div>\n\t\t\t\t\t<\/div>\n\t\t\t\t<\/div>\n\t\t<div class=\"elementor-element elementor-element-3df86e0 e-flex e-con-boxed wpr-particle-no wpr-jarallax-no wpr-parallax-no wpr-sticky-section-no wpr-equal-height-no e-con e-parent\" data-id=\"3df86e0\" data-element_type=\"container\" data-e-type=\"container\">\n\t\t\t\t\t<div class=\"e-con-inner\">\n\t\t\t\t<div class=\"elementor-element elementor-element-e070fea elementor-widget elementor-widget-spacer\" data-id=\"e070fea\" data-element_type=\"widget\" data-e-type=\"widget\" data-widget_type=\"spacer.default\">\n\t\t\t\t<div class=\"elementor-widget-container\">\n\t\t\t\t\t\t\t<div class=\"elementor-spacer\">\n\t\t\t<div class=\"elementor-spacer-inner\"><\/div>\n\t\t<\/div>\n\t\t\t\t\t\t<\/div>\n\t\t\t\t<\/div>\n\t\t\t\t\t<\/div>\n\t\t\t\t<\/div>\n\t\t\t\t<\/div>","protected":false},"excerpt":{"rendered":"<p>SERVICIO CASINO Almuerzos para los estudiantes Nuestros almuerzos incluyen: Sopas o cremas del d\u00eda Plato principal o alternativa hipocal\u00f3rica o vegetariana Salad bar (variedad de ensaladas porcionadas a elecci\u00f3n) Buffet de postres (dos postres diarios diferentes o fruta natural) Refresco light o agua natural} Pan amasado, ali\u00f1os y aderezos \u00bfCu\u00e1nto cuestan los almuerzos? Cada servicio de almuerzo cuesta $ 5000 pesos Valores por mes:De pre b\u00e1sica a 3ero b\u00e1sico $4700De 4to b\u00e1sico a 4to medio $5000Valor por d\u00eda $5000 Promociones a familias con m\u00e1s de 2 ni\u00f1os en el colegio de hasta un 30% de descuento. \u00bfC\u00f3mo puedo pagar? Se puede pagar en efectivo, transferencia o Redcompra. Para transferencias, utilice los siguientes datos: Nombre:\u00a0Gastronom\u00eda y Eventos John Zepeda Cuenta Corriente:\u00a06501127-1 Banco:\u00a0Santander RUT:\u00a076133424-7 Correo:\u00a0ventadealmuerzos@johnsfood.cl Despu\u00e9s de realizar la transferencia, env\u00ede el comprobante al correo indicando el nombre del alumno y curso. Preguntas Frecuentes \u00bfC\u00f3mo puedo comprar almuerzos?Puede hacerlo a trav\u00e9s de los siguientes medios: Contact\u00e1ndonos por WhatsApp o correo Ingresando a la secci\u00f3n Casino en la p\u00e1gina del colegio A trav\u00e9s de nuestra web\u00a0www.johnsfood.cl Siguiendo nuestra cuenta de Instagram \u200b\u00bfQu\u00e9 pasa si mi hijo falta al colegio?Si su hijo no asistir\u00e1 y desea abonar el almuerzo comprado, debe enviar un mensaje de WhatsApp al n\u00famero indicado o un correo antes de las 8:00 a. m. del mismo d\u00eda. De lo contrario, el almuerzo y el dinero no podr\u00e1n ser recuperados. Muchas gracias por preferirnos! Descargar Minuta Abril 2026<\/p>","protected":false},"author":2,"featured_media":0,"parent":0,"menu_order":0,"comment_status":"closed","ping_status":"closed","template":"","meta":{"site-sidebar-layout":"no-sidebar","site-content-layout":"","ast-site-content-layout":"full-width-container","site-content-style":"default","site-sidebar-style":"default","ast-global-header-display":"","ast-banner-title-visibility":"","ast-main-header-display":"","ast-hfb-above-header-display":"","ast-hfb-below-header-display":"","ast-hfb-mobile-header-display":"","site-post-title":"disabled","ast-breadcrumbs-content":"","ast-featured-img":"disabled","footer-sml-layout":"","ast-disable-related-posts":"","theme-transparent-header-meta":"","adv-header-id-meta":"","stick-header-meta":"","header-above-stick-meta":"","header-main-stick-meta":"","header-below-stick-meta":"","astra-migrate-meta-layouts":"default","ast-page-background-enabled":"default","ast-page-background-meta":{"desktop":{"background-color":"var(--ast-global-color-4)","background-image":"","background-repeat":"repeat","background-position":"center center","background-size":"auto","background-attachment":"scroll","background-type":"","background-media":"","overlay-type":"","overlay-color":"","overlay-opacity":"","overlay-gradient":""},"tablet":{"background-color":"","background-image":"","background-repeat":"repeat","background-position":"center center","background-size":"auto","background-attachment":"scroll","background-type":"","background-media":"","overlay-type":"","overlay-color":"","overlay-opacity":"","overlay-gradient":""},"mobile":{"background-color":"","background-image":"","background-repeat":"repeat","background-position":"center center","background-size":"auto","background-attachment":"scroll","background-type":"","background-media":"","overlay-type":"","overlay-color":"","overlay-opacity":"","overlay-gradient":""}},"ast-content-background-meta":{"desktop":{"background-color":"var(--ast-global-color-5)","background-image":"","background-repeat":"repeat","background-position":"center center","background-size":"auto","background-attachment":"scroll","background-type":"","background-media":"","overlay-type":"","overlay-color":"","overlay-opacity":"","overlay-gradient":""},"tablet":{"background-color":"var(--ast-global-color-5)","background-image":"","background-repeat":"repeat","background-position":"center center","background-size":"auto","background-attachment":"scroll","background-type":"","background-media":"","overlay-type":"","overlay-color":"","overlay-opacity":"","overlay-gradient":""},"mobile":{"background-color":"var(--ast-global-color-5)","background-image":"","background-repeat":"repeat","background-position":"center center","background-size":"auto","background-attachment":"scroll","background-type":"","background-media":"","overlay-type":"","overlay-color":"","overlay-opacity":"","overlay-gradient":""}},"footnotes":""},"class_list":["post-1494","page","type-page","status-publish","hentry"],"_links":{"self":[{"href":"https:\/\/csmlc.cl\/en\/wp-json\/wp\/v2\/pages\/1494","targetHints":{"allow":["GET"]}}],"collection":[{"href":"https:\/\/csmlc.cl\/en\/wp-json\/wp\/v2\/pages"}],"about":[{"href":"https:\/\/csmlc.cl\/en\/wp-json\/wp\/v2\/types\/page"}],"author":[{"embeddable":true,"href":"https:\/\/csmlc.cl\/en\/wp-json\/wp\/v2\/users\/2"}],"replies":[{"embeddable":true,"href":"https:\/\/csmlc.cl\/en\/wp-json\/wp\/v2\/comments?post=1494"}],"version-history":[{"count":0,"href":"https:\/\/csmlc.cl\/en\/wp-json\/wp\/v2\/pages\/1494\/revisions"}],"wp:attachment":[{"href":"https:\/\/csmlc.cl\/en\/wp-json\/wp\/v2\/media?parent=1494"}],"curies":[{"name":"wp","href":"https:\/\/api.w.org\/{rel}","templated":true}]}}