{"id":1082,"date":"2025-02-04T21:57:38","date_gmt":"2025-02-04T21:57:38","guid":{"rendered":"https:\/\/csmlc.cl\/?page_id=1082"},"modified":"2025-02-04T21:58:40","modified_gmt":"2025-02-04T21:58:40","slug":"correo-alumnos","status":"publish","type":"page","link":"https:\/\/csmlc.cl\/en\/correo-alumnos\/","title":{"rendered":"Correo Alumnos"},"content":{"rendered":"<div data-elementor-type=\"wp-page\" data-elementor-id=\"1082\" class=\"elementor elementor-1082\" data-elementor-post-type=\"page\">\n\t\t\t\t<div class=\"elementor-element elementor-element-0a7d69c e-flex e-con-boxed wpr-particle-no wpr-jarallax-no wpr-parallax-no wpr-sticky-section-no wpr-equal-height-no e-con e-parent\" data-id=\"0a7d69c\" data-element_type=\"container\" data-e-type=\"container\">\n\t\t\t\t\t<div class=\"e-con-inner\">\n\t\t<div class=\"elementor-element elementor-element-2bbb7c8 e-con-full e-flex wpr-particle-no wpr-jarallax-no wpr-parallax-no wpr-sticky-section-no wpr-equal-height-no e-con e-child\" data-id=\"2bbb7c8\" data-element_type=\"container\" data-e-type=\"container\">\n\t\t\t\t<div class=\"elementor-element elementor-element-c8b0a79 elementor-widget elementor-widget-image\" data-id=\"c8b0a79\" data-element_type=\"widget\" data-e-type=\"widget\" data-widget_type=\"image.default\">\n\t\t\t\t<div class=\"elementor-widget-container\">\n\t\t\t\t\t\t\t\t\t\t\t\t\t\t\t<img fetchpriority=\"high\" decoding=\"async\" width=\"336\" height=\"336\" src=\"https:\/\/csmlc.cl\/wp-content\/uploads\/2025\/02\/classroom.png\" class=\"attachment-large size-large wp-image-1070\" alt=\"\" srcset=\"https:\/\/csmlc.cl\/wp-content\/uploads\/2025\/02\/classroom.png 336w, https:\/\/csmlc.cl\/wp-content\/uploads\/2025\/02\/classroom-300x300.png 300w, https:\/\/csmlc.cl\/wp-content\/uploads\/2025\/02\/classroom-150x150.png 150w\" sizes=\"(max-width: 336px) 100vw, 336px\" \/>\t\t\t\t\t\t\t\t\t\t\t\t\t\t\t<\/div>\n\t\t\t\t<\/div>\n\t\t\t\t<\/div>\n\t\t<div class=\"elementor-element elementor-element-bbe1dd2 e-con-full e-flex wpr-particle-no wpr-jarallax-no wpr-parallax-no wpr-sticky-section-no wpr-equal-height-no e-con e-child\" data-id=\"bbe1dd2\" data-element_type=\"container\" data-e-type=\"container\">\n\t\t<div class=\"elementor-element elementor-element-30dea15 e-con-full e-flex wpr-particle-no wpr-jarallax-no wpr-parallax-no wpr-sticky-section-no wpr-equal-height-no e-con e-child\" data-id=\"30dea15\" data-element_type=\"container\" data-e-type=\"container\">\n\t\t\t\t<div class=\"elementor-element elementor-element-ff12a54 elementor-widget elementor-widget-heading\" data-id=\"ff12a54\" data-element_type=\"widget\" data-e-type=\"widget\" data-widget_type=\"heading.default\">\n\t\t\t\t<div class=\"elementor-widget-container\">\n\t\t\t\t\t<h2 class=\"elementor-heading-title elementor-size-default\">\u00a1BIENVENIDOS!<\/h2>\t\t\t\t<\/div>\n\t\t\t\t<\/div>\n\t\t\t\t<\/div>\n\t\t<div class=\"elementor-element elementor-element-728aa8b e-con-full e-flex wpr-particle-no wpr-jarallax-no wpr-parallax-no wpr-sticky-section-no wpr-equal-height-no e-con e-child\" data-id=\"728aa8b\" data-element_type=\"container\" data-e-type=\"container\">\n\t\t\t\t<div class=\"elementor-element elementor-element-3614152 elementor-widget elementor-widget-heading\" data-id=\"3614152\" data-element_type=\"widget\" data-e-type=\"widget\" data-widget_type=\"heading.default\">\n\t\t\t\t<div class=\"elementor-widget-container\">\n\t\t\t\t\t<h2 class=\"elementor-heading-title elementor-size-default\">Estimado alumno, para ingresar a su cuenta de correo institucional, haga clic en acceder.\n\n<\/h2>\t\t\t\t<\/div>\n\t\t\t\t<\/div>\n\t\t\t\t<div class=\"elementor-element elementor-element-4a16fb6 elementor-align-center elementor-widget elementor-widget-button\" data-id=\"4a16fb6\" data-element_type=\"widget\" data-e-type=\"widget\" data-widget_type=\"button.default\">\n\t\t\t\t<div class=\"elementor-widget-container\">\n\t\t\t\t\t\t\t\t\t<div class=\"elementor-button-wrapper\">\n\t\t\t\t\t<a class=\"elementor-button elementor-button-link elementor-size-sm\" href=\"https:\/\/accounts.google.com\/v3\/signin\/identifier?continue=https%3A%2F%2Fmail.google.com%2Fmail%2F&#038;hd=alumnos.csmlc.cl&#038;osid=1&#038;sacu=1&#038;service=mail&#038;flowName=GlifWebSignIn&#038;flowEntry=AddSession&#038;dsh=S489813633%3A1738706283443710&#038;ddm=1\">\n\t\t\t\t\t\t<span class=\"elementor-button-content-wrapper\">\n\t\t\t\t\t\t\t\t\t<span class=\"elementor-button-text\">ACCEDER<\/span>\n\t\t\t\t\t<\/span>\n\t\t\t\t\t<\/a>\n\t\t\t\t<\/div>\n\t\t\t\t\t\t\t\t<\/div>\n\t\t\t\t<\/div>\n\t\t\t\t<\/div>\n\t\t\t\t<\/div>\n\t\t\t\t\t<\/div>\n\t\t\t\t<\/div>\n\t\t<div class=\"elementor-element elementor-element-8e08061 e-flex e-con-boxed wpr-particle-no wpr-jarallax-no wpr-parallax-no wpr-sticky-section-no wpr-equal-height-no e-con e-parent\" data-id=\"8e08061\" data-element_type=\"container\" data-e-type=\"container\">\n\t\t\t\t\t<div class=\"e-con-inner\">\n\t\t<div class=\"elementor-element elementor-element-5c9e667 e-con-full e-flex wpr-particle-no wpr-jarallax-no wpr-parallax-no wpr-sticky-section-no wpr-equal-height-no e-con e-child\" data-id=\"5c9e667\" data-element_type=\"container\" data-e-type=\"container\" data-settings=\"{&quot;background_background&quot;:&quot;classic&quot;}\">\n\t\t\t\t<div class=\"elementor-element elementor-element-b9a7e78 elementor-widget elementor-widget-text-editor\" data-id=\"b9a7e78\" data-element_type=\"widget\" data-e-type=\"widget\" data-widget_type=\"text-editor.default\">\n\t\t\t\t<div class=\"elementor-widget-container\">\n\t\t\t\t\t\t\t\t\t<h2 class=\"uppercase\" style=\"text-align: center;\"><span style=\"color: #ffffff;\">\u00bfC\u00d3MO ACCEDER?<\/span><\/h2><p>El alumno deber\u00e1 ingresar con los siguientes datos:<\/p><p>Correo: inicial nombre + .+ apellido + @alumnos.csmlc.cl<\/p><p>Contrase\u00f1a: rut completo<\/p><p><strong>EJEMPLO<\/strong>:\u00a0<\/p><p>Nombre alumno: Iv\u00e1n Alejandro Cano Silva<\/p><p>rut: 12.345.678-9<\/p><p>Correo: i.cano@alumnos.csmlc.cl<\/p><p>Password: 123456789<\/p><p>Una vez iniciada la sesi\u00f3n, autom\u00e1ticamente el sistema le solicitar\u00e1 cambiar la contrase\u00f1a<\/p><p><strong>NOTA: Hay casos con alcance de nombre y apellidos por lo que, en caso de que la instrucci\u00f3n de arriba no funcione, el correo ser\u00eda con los dos apellidos del alumno como en el siguiente ejemplo<\/strong><\/p><p><strong>Correo: i.canosilva@alumnos.csmlc.cl<\/strong><\/p><p><strong>Password: 123456789<\/strong><\/p><p>Ante cualquier problema por favor comun\u00edquese con nuestro departamento de inform\u00e1tica al correo: acano@csmlc.cl<\/p>\t\t\t\t\t\t\t\t<\/div>\n\t\t\t\t<\/div>\n\t\t\t\t<\/div>\n\t\t\t\t\t<\/div>\n\t\t\t\t<\/div>\n\t\t\t\t<\/div>","protected":false},"excerpt":{"rendered":"<p>\u00a1BIENVENIDOS! Estimado alumno, para ingresar a su cuenta de correo institucional, haga clic en acceder. ACCEDER \u00bfC\u00d3MO ACCEDER? El alumno deber\u00e1 ingresar con los siguientes datos: Correo: inicial nombre + .+ apellido + @alumnos.csmlc.cl Contrase\u00f1a: rut completo EJEMPLO:\u00a0 Nombre alumno: Iv\u00e1n Alejandro Cano Silva rut: 12.345.678-9 Correo: i.cano@alumnos.csmlc.cl Password: 123456789 Una vez iniciada la sesi\u00f3n, autom\u00e1ticamente el sistema le solicitar\u00e1 cambiar la contrase\u00f1a NOTA: Hay casos con alcance de nombre y apellidos por lo que, en caso de que la instrucci\u00f3n de arriba no funcione, el correo ser\u00eda con los dos apellidos del alumno como en el siguiente ejemplo Correo: i.canosilva@alumnos.csmlc.cl Password: 123456789 Ante cualquier problema por favor comun\u00edquese con nuestro departamento de inform\u00e1tica al correo: acano@csmlc.cl<\/p>","protected":false},"author":2,"featured_media":0,"parent":0,"menu_order":0,"comment_status":"closed","ping_status":"closed","template":"","meta":{"site-sidebar-layout":"no-sidebar","site-content-layout":"","ast-site-content-layout":"full-width-container","site-content-style":"default","site-sidebar-style":"default","ast-global-header-display":"","ast-banner-title-visibility":"","ast-main-header-display":"","ast-hfb-above-header-display":"","ast-hfb-below-header-display":"","ast-hfb-mobile-header-display":"","site-post-title":"disabled","ast-breadcrumbs-content":"","ast-featured-img":"disabled","footer-sml-layout":"","ast-disable-related-posts":"","theme-transparent-header-meta":"","adv-header-id-meta":"","stick-header-meta":"","header-above-stick-meta":"","header-main-stick-meta":"","header-below-stick-meta":"","astra-migrate-meta-layouts":"default","ast-page-background-enabled":"default","ast-page-background-meta":{"desktop":{"background-color":"var(--ast-global-color-4)","background-image":"","background-repeat":"repeat","background-position":"center center","background-size":"auto","background-attachment":"scroll","background-type":"","background-media":"","overlay-type":"","overlay-color":"","overlay-opacity":"","overlay-gradient":""},"tablet":{"background-color":"","background-image":"","background-repeat":"repeat","background-position":"center center","background-size":"auto","background-attachment":"scroll","background-type":"","background-media":"","overlay-type":"","overlay-color":"","overlay-opacity":"","overlay-gradient":""},"mobile":{"background-color":"","background-image":"","background-repeat":"repeat","background-position":"center center","background-size":"auto","background-attachment":"scroll","background-type":"","background-media":"","overlay-type":"","overlay-color":"","overlay-opacity":"","overlay-gradient":""}},"ast-content-background-meta":{"desktop":{"background-color":"var(--ast-global-color-5)","background-image":"","background-repeat":"repeat","background-position":"center center","background-size":"auto","background-attachment":"scroll","background-type":"","background-media":"","overlay-type":"","overlay-color":"","overlay-opacity":"","overlay-gradient":""},"tablet":{"background-color":"var(--ast-global-color-5)","background-image":"","background-repeat":"repeat","background-position":"center center","background-size":"auto","background-attachment":"scroll","background-type":"","background-media":"","overlay-type":"","overlay-color":"","overlay-opacity":"","overlay-gradient":""},"mobile":{"background-color":"var(--ast-global-color-5)","background-image":"","background-repeat":"repeat","background-position":"center center","background-size":"auto","background-attachment":"scroll","background-type":"","background-media":"","overlay-type":"","overlay-color":"","overlay-opacity":"","overlay-gradient":""}},"footnotes":""},"class_list":["post-1082","page","type-page","status-publish","hentry"],"_links":{"self":[{"href":"https:\/\/csmlc.cl\/en\/wp-json\/wp\/v2\/pages\/1082","targetHints":{"allow":["GET"]}}],"collection":[{"href":"https:\/\/csmlc.cl\/en\/wp-json\/wp\/v2\/pages"}],"about":[{"href":"https:\/\/csmlc.cl\/en\/wp-json\/wp\/v2\/types\/page"}],"author":[{"embeddable":true,"href":"https:\/\/csmlc.cl\/en\/wp-json\/wp\/v2\/users\/2"}],"replies":[{"embeddable":true,"href":"https:\/\/csmlc.cl\/en\/wp-json\/wp\/v2\/comments?post=1082"}],"version-history":[{"count":0,"href":"https:\/\/csmlc.cl\/en\/wp-json\/wp\/v2\/pages\/1082\/revisions"}],"wp:attachment":[{"href":"https:\/\/csmlc.cl\/en\/wp-json\/wp\/v2\/media?parent=1082"}],"curies":[{"name":"wp","href":"https:\/\/api.w.org\/{rel}","templated":true}]}}